{"id":7460,"date":"2025-02-04T22:35:50","date_gmt":"2025-02-04T21:35:50","guid":{"rendered":"https:\/\/kwintesencja.art\/?post_type=product&#038;p=7460"},"modified":"2025-08-30T15:34:37","modified_gmt":"2025-08-30T13:34:37","slug":"akt-w-swietle-swiec","status":"publish","type":"product","link":"https:\/\/kwintesencja.art\/pl\/product\/akt-w-swietle-swiec\/","title":{"rendered":"Akt w \u015bwietle \u015bwiec"},"content":{"rendered":"<p>Miros\u0142aw Sikorski (ur. 1965) to polski malarz, sporadycznie rysownik. W latach 1980\u20131985 ucz\u0119szcza\u0142 do Liceum Sztuk Plastycznych w Krakowie, a nast\u0119pnie studiowa\u0142 na Wydziale Malarstwa Akademii Sztuk Pi\u0119knych (ASP) w Krakowie w latach 1985\u20131990. Dyplom obroni\u0142 w pracowni prof. Jana Szancenbacha, a aneks z grafiki wykona\u0142 pod kierunkiem prof. Stanis\u0142awa Wejmana.<\/p>\n<p>Od 1996 roku pracuje na Wydziale Malarstwa ASP w Krakowie. Do 2009 roku by\u0142 wsp\u00f3\u0142pracownikiem dydaktycznym prof. Jacka Waltosia. W 2004 roku uzyska\u0142 stopie\u0144 adiunkta. Od 2010 roku prowadzi\u0142 pracowni\u0119 student\u00f3w I roku na Wydziale Malarstwa dla kierunk\u00f3w: Malarstwo, Scenografia oraz Edukacja Artystyczna w Zakresie Sztuk Plastycznych. W 2019 roku obj\u0105\u0142 prowadzenie I Pracowni Malarstwa na Wydziale Malarstwa ASP.<\/p>\n<p>W latach 1987\u20132003 bra\u0142 udzia\u0142 w kilkunastu wystawach nieistniej\u0105cej ju\u017c grupy \u201eTrzy Oczy\u201d. Jego prace by\u0142y prezentowane na kilkudziesi\u0119ciu wystawach zbiorowych w Polsce i za granic\u0105, w tym w Muzeum Narodowym w Krakowie oraz w Muzeum Sztuki i Techniki Japo\u0144skiej Manggha.<\/p>\n","protected":false},"excerpt":{"rendered":"<p>Akt w \u015bwietle \u015bwiec (kobieta wk\u0142adaj\u0105ca po\u0144czochy)<br \/>\nRok: 2000<br \/>\nWymiary: 140 x 140 cm, 155 x 155 cm (z pi\u0119kn\u0105 opraw\u0105)<br \/>\nStan: bardzo dobry<br \/>\nCertyfikat autentyczno\u015bci<\/p>\n<p>&nbsp;<\/p>\n","protected":false},"featured_media":7461,"template":"","meta":{"_monsterinsights_skip_tracking":false,"_monsterinsights_sitenote_active":false,"_monsterinsights_sitenote_note":"","_monsterinsights_sitenote_category":0,"_themeisle_gutenberg_block_has_review":false},"product_cat":[39],"product_tag":[295],"class_list":["post-7460","product","type-product","status-publish","has-post-thumbnail","hentry","product_cat-obrazy","product_tag-artysta-mniej-znany","product_shipping_class-rodzaj-wysylki-3"],"aioseo_notices":[],"_links":{"self":[{"href":"https:\/\/kwintesencja.art\/pl\/wp-json\/wp\/v2\/product\/7460","targetHints":{"allow":["GET"]}}],"collection":[{"href":"https:\/\/kwintesencja.art\/pl\/wp-json\/wp\/v2\/product"}],"about":[{"href":"https:\/\/kwintesencja.art\/pl\/wp-json\/wp\/v2\/types\/product"}],"wp:featuredmedia":[{"embeddable":true,"href":"https:\/\/kwintesencja.art\/pl\/wp-json\/wp\/v2\/media\/7461"}],"wp:attachment":[{"href":"https:\/\/kwintesencja.art\/pl\/wp-json\/wp\/v2\/media?parent=7460"}],"wp:term":[{"taxonomy":"product_cat","embeddable":true,"href":"https:\/\/kwintesencja.art\/pl\/wp-json\/wp\/v2\/product_cat?post=7460"},{"taxonomy":"product_tag","embeddable":true,"href":"https:\/\/kwintesencja.art\/pl\/wp-json\/wp\/v2\/product_tag?post=7460"}],"curies":[{"name":"wp","href":"https:\/\/api.w.org\/{rel}","templated":true}]}}