{"id":7395,"date":"2025-01-25T17:31:06","date_gmt":"2025-01-25T16:31:06","guid":{"rendered":"https:\/\/kwintesencja.art\/?post_type=product&#038;p=7395"},"modified":"2025-07-29T13:46:02","modified_gmt":"2025-07-29T11:46:02","slug":"dzieci-z-gdanska","status":"publish","type":"product","link":"https:\/\/kwintesencja.art\/pl\/product\/dzieci-z-gdanska\/","title":{"rendered":"Dzieci z Gda\u0144ska"},"content":{"rendered":"<p>Jerzy Panek urodzi\u0142 si\u0119 w 1918 roku w Tarnowie, zmar\u0142 w 2001 roku w Krakowie. Studia odbywa\u0142 na Wydziale Grafiki Pa\u0144stwowego Instytutu Sztuk Pi\u0119knych w Krakowie, kt\u00f3ry w czasie wojny zosta\u0142 przemianowany na Staatliche Kunstgewerbeschule Krakau. Po wojnie studiowa\u0142 w krakowskim Instytucie Sztuk Pi\u0119knych, a nast\u0119pnie na ASP pod kierunkiem Eibischa i Pronaszki. Zajmowa\u0142 si\u0119 malarstwem i grafik\u0105, g\u0142\u00f3wnie drzeworytem. na jego tw\u00f3rczo\u015b\u0107 graficzn\u0105 wp\u0142yn\u0119\u0142a podr\u00f3\u017c do Chin. Na prze\u0142omie lat 1967\/1968 by\u0142 wyk\u0142adowc\u0105 ASP w Krakowie. Karier\u0119 naukow\u0105 zako\u0144czy\u0142 kiedy to wkraczaj\u0105c na sal\u0119 pe\u0142n\u0105 \u201eludzi partii\u201d podczas balu ASP krzykn\u0105\u0142 \u201eczo\u0142em konfidenci!\u201d. Wiele lat p\u00f3\u017aniej zosta\u0142 jej honorowym profesorem. By\u0142 cz\u0142onkiem Mi\u0119dzynarodowego Stowarzyszenia Drzeworytnik\u00f3w XYLON i Zwi\u0105zku Polskich Artyst\u00f3w Plastyk\u00f3w. Jego tw\u00f3rczo\u015b\u0107 zosta\u0142a wyr\u00f3\u017cniona nagrodami: z\u0142otym medalem na Triennale Wsp\u00f3\u0142czesnej Sztuki \u015awiatowej w Nowym Delhi, Nagrod\u0105 Ministra Kultury i Sztuki Nagrod\u0105 im. Jana Cybisa i wiele innych. Za ca\u0142okszta\u0142t pracy tw\u00f3rczej otrzyma\u0142 w roku 1998 Nagrod\u0119 Miasta Krakowa i Nagrod\u0119 Wojewody Krakowskiego. Tu\u017c przed \u015bmierci\u0105 powsta\u0142 o nim film dokumentalny Jerzy Panek. To, co najwa\u017cniejsze, kt\u00f3ry zrealizowa\u0142a El\u017cbieta Dzikowska. Niezwykle barwna posta\u0107 w polskiej historii sztuki, , kobieciarz, pijak, abnegat, tw\u00f3rca o dzieci\u0119cej niemal wra\u017cliwo\u015bci, wielki mistrz drzeworytu.<\/p>\n","protected":false},"excerpt":{"rendered":"<p>Dzieci z Gda\u0144ska, 1971\/92<br \/>\nAkwaforta, wymiary: 30,5 x 54 cm, Edycja: III\/III<br \/>\nSygnowana o\u0142\u00f3wkiem: u do\u0142u kompozycji<\/p>\n","protected":false},"featured_media":7397,"template":"","meta":{"_monsterinsights_skip_tracking":false,"_monsterinsights_sitenote_active":false,"_monsterinsights_sitenote_note":"","_monsterinsights_sitenote_category":0,"_themeisle_gutenberg_block_has_review":false},"product_cat":[41],"product_tag":[156],"class_list":["post-7395","product","type-product","status-publish","has-post-thumbnail","hentry","product_cat-grafiki","product_tag-panek-jerzy","product_shipping_class-rodzaj-wysylki-2"],"aioseo_notices":[],"_links":{"self":[{"href":"https:\/\/kwintesencja.art\/pl\/wp-json\/wp\/v2\/product\/7395","targetHints":{"allow":["GET"]}}],"collection":[{"href":"https:\/\/kwintesencja.art\/pl\/wp-json\/wp\/v2\/product"}],"about":[{"href":"https:\/\/kwintesencja.art\/pl\/wp-json\/wp\/v2\/types\/product"}],"wp:featuredmedia":[{"embeddable":true,"href":"https:\/\/kwintesencja.art\/pl\/wp-json\/wp\/v2\/media\/7397"}],"wp:attachment":[{"href":"https:\/\/kwintesencja.art\/pl\/wp-json\/wp\/v2\/media?parent=7395"}],"wp:term":[{"taxonomy":"product_cat","embeddable":true,"href":"https:\/\/kwintesencja.art\/pl\/wp-json\/wp\/v2\/product_cat?post=7395"},{"taxonomy":"product_tag","embeddable":true,"href":"https:\/\/kwintesencja.art\/pl\/wp-json\/wp\/v2\/product_tag?post=7395"}],"curies":[{"name":"wp","href":"https:\/\/api.w.org\/{rel}","templated":true}]}}