{"id":7330,"date":"2024-12-30T17:15:57","date_gmt":"2024-12-30T16:15:57","guid":{"rendered":"https:\/\/kwintesencja.art\/?post_type=product&#038;p=7330"},"modified":"2025-01-28T11:23:10","modified_gmt":"2025-01-28T10:23:10","slug":"pejzaz-lata-50-xx-w","status":"publish","type":"product","link":"https:\/\/kwintesencja.art\/pl\/product\/pejzaz-lata-50-xx-w\/","title":{"rendered":"Pejza\u017c, lata 50. XX w."},"content":{"rendered":"<p>Piotr Potworowski (1898-1962). Studiowa\u0142 w krakowskiej ASP pod kierunkiem J\u00f3zefa Pankiewicza. Wraz ze swoim mistrzem i grup\u0105 tworz\u0105c\u0105 Komitet Paryski w 1924 wyjecha\u0142 do Pary\u017ca. Do kraju wr\u00f3ci\u0142 w 1933 roku. W czasie wojny przedosta\u0142 si\u0119 do Szwecji, a st\u0105d w 1943 do Anglii, gdzie mia\u0142 swoj\u0105 pierwsz\u0105 wystaw\u0119 indywidualn\u0105 w 1946 w londy\u0144skiej Redfern Gallery. Do 1958 roku, w czasie pobytu w Wielkiej Brytanii prowadzi\u0142 dzia\u0142alno\u015b\u0107 dydaktyczn\u0105 i artystyczn\u0105. Po powrocie do Polski otrzyma\u0142 profesur\u0119 w PWSSP w Gda\u0144sku i Poznaniu. Zajmowa\u0142 si\u0119 g\u0142\u00f3wnie malarstwem, p\u00f3\u017aniej zwr\u00f3ci\u0142 si\u0119 stopniowo od malarstwa przedstawieniowego do abstrakcji, zachowuj\u0105c istot\u0119 polskiego koloryzmu. Tw\u00f3rczo\u015b\u0107 powojenna artysty uznawana jest za jedn\u0105 z najwybitniejszych w polskim dorobku artystycznym. (\u017ar\u00f3d\u0142o: Desa Unicum)<\/p>\n","protected":false},"excerpt":{"rendered":"<p>Olej na p\u0142\u00f3tnie. Wymiary: 51 x 40,5 cm, 69 x 59 cm (z ram\u0105)<br \/>\nObraz powsta\u0142y na pocz\u0105tku lat 50. XX wieku<br \/>\nStan zachowania: bardzo dobry. Praca oprawiona w drewnian\u0105 ram\u0119.<br \/>\nNa odwrocie napis tuszem: &#8216;cat. no 88&#8217; (przypuszczalnie odnosi si\u0119 to do publikacji w katalogu wystawy pod numerem 88)<br \/>\nProweniencja: Praca pochodzi z kolekcji spadkobierc\u00f3w artysty.<br \/>\nCertyfikat autentyczno\u015bci.<\/p>\n","protected":false},"featured_media":7331,"template":"","meta":{"_monsterinsights_skip_tracking":false,"_monsterinsights_sitenote_active":false,"_monsterinsights_sitenote_note":"","_monsterinsights_sitenote_category":0,"_themeisle_gutenberg_block_has_review":false},"product_cat":[39],"product_tag":[302],"class_list":["post-7330","product","type-product","status-publish","has-post-thumbnail","hentry","product_cat-obrazy","product_tag-potworowski-piotr","product_shipping_class-rodzaj-wysylki-3"],"aioseo_notices":[],"_links":{"self":[{"href":"https:\/\/kwintesencja.art\/pl\/wp-json\/wp\/v2\/product\/7330","targetHints":{"allow":["GET"]}}],"collection":[{"href":"https:\/\/kwintesencja.art\/pl\/wp-json\/wp\/v2\/product"}],"about":[{"href":"https:\/\/kwintesencja.art\/pl\/wp-json\/wp\/v2\/types\/product"}],"wp:featuredmedia":[{"embeddable":true,"href":"https:\/\/kwintesencja.art\/pl\/wp-json\/wp\/v2\/media\/7331"}],"wp:attachment":[{"href":"https:\/\/kwintesencja.art\/pl\/wp-json\/wp\/v2\/media?parent=7330"}],"wp:term":[{"taxonomy":"product_cat","embeddable":true,"href":"https:\/\/kwintesencja.art\/pl\/wp-json\/wp\/v2\/product_cat?post=7330"},{"taxonomy":"product_tag","embeddable":true,"href":"https:\/\/kwintesencja.art\/pl\/wp-json\/wp\/v2\/product_tag?post=7330"}],"curies":[{"name":"wp","href":"https:\/\/api.w.org\/{rel}","templated":true}]}}