{"id":7269,"date":"2024-12-19T09:15:19","date_gmt":"2024-12-19T08:15:19","guid":{"rendered":"https:\/\/kwintesencja.art\/?post_type=product&#038;p=7269"},"modified":"2025-12-01T11:04:06","modified_gmt":"2025-12-01T10:04:06","slug":"lepopee-bohemienne-1959-r-12-litografii","status":"publish","type":"product","link":"https:\/\/kwintesencja.art\/pl\/product\/lepopee-bohemienne-1959-r-12-litografii\/","title":{"rendered":"L\u2019\u00c9pop\u00e9e Boh\u00e9mienne, 1959 r. (12 litografii)"},"content":{"rendered":"<p>Moj\u017cesz Kisling (1891-1953) \u2013 wybitny polsko-francuski malarz pochodzenia \u017cydowskiego, znany z charakterystycznych portret\u00f3w i pejza\u017cy. Urodzi\u0142 si\u0119 w Krakowie, gdzie rozpocz\u0105\u0142 nauk\u0119 malarstwa, a nast\u0119pnie wyjecha\u0142 do Pary\u017ca, gdzie sta\u0142 si\u0119 wa\u017cn\u0105 postaci\u0105 artystycznej bohemy Montparnasse. Kisling tworzy\u0142 w stylu \u0142\u0105cz\u0105cym elementy ekspresjonizmu i postimpresjonizmu, a jego prace, zw\u0142aszcza portrety kobiet, wyr\u00f3\u017cniaj\u0105 si\u0119 intensywn\u0105 kolorystyk\u0105 i subteln\u0105 zmys\u0142owo\u015bci\u0105.<\/p>\n","protected":false},"excerpt":{"rendered":"<p>L&#8217;Epopee Bohemienne, Paris 1959. <span class=\"HwtZe\" lang=\"pl\"><span class=\"jCAhz ChMk0b\"><span class=\"ryNqvb\">Dwana\u015bcie litografii w pe\u0142nym kolorze, autorstwa KISLINGA.<\/span><\/span><span class=\"jCAhz ChMk0b\"><span class=\"ryNqvb\"> Nak\u0142ad 280 egzemplarzy, ten (nr 221), jeden ze 175 na pergaminie arches.<\/span><\/span><\/span><br \/>\nCopyright by Bernard Klein. Par Pierre Bouchet. pour la typographie J.J. Rigal. pour les eaux-fortes D. Jacomet por les gravures en couleurs.<br \/>\nWymiary: (38 x 29 cm), 12 barwnych grafik (w tym 10 na osobn. tabl.), portret w litografii Kislinga autorstwa Amadeo Modiglianiego i 6 grafik inicja\u0142owych w tek\u015bcie.<br \/>\nOryginalne pude\u0142ko p\u0142\u00f3cienne. Stan b. dobry. Ca\u0142o\u015b\u0107 w lu\u017anych sk\u0142adkach (zamierzony wariant). Edycja bibliofilska, limitowana na papierze Velin d&#8217;Arches. Wst\u0119p Jean Giono.<br \/>\nIlustracje z inicja\u0142ami (6 szt.) wykonane przez Pierre&#8217;a Bouchet w technice drzeworytu wed\u0142ug rysunk\u00f3w Moj\u017cesza Kislinga.<br \/>\nOryginalne p\u0142\u00f3cienno-tekturowe pude\u0142ko z wyt\u0142oczonym na licu faksymile podpisu Kislinga. Rzadkie.<\/p>\n","protected":false},"featured_media":7292,"template":"","meta":{"_monsterinsights_skip_tracking":false,"_monsterinsights_sitenote_active":false,"_monsterinsights_sitenote_note":"","_monsterinsights_sitenote_category":0,"_themeisle_gutenberg_block_has_review":false},"product_cat":[41],"product_tag":[140,350],"class_list":["post-7269","product","type-product","status-publish","has-post-thumbnail","hentry","product_cat-grafiki","product_tag-kisling-mojzesz","product_tag-wyprzedaz","product_shipping_class-rodzaj-wysylki-2"],"aioseo_notices":[],"_links":{"self":[{"href":"https:\/\/kwintesencja.art\/pl\/wp-json\/wp\/v2\/product\/7269","targetHints":{"allow":["GET"]}}],"collection":[{"href":"https:\/\/kwintesencja.art\/pl\/wp-json\/wp\/v2\/product"}],"about":[{"href":"https:\/\/kwintesencja.art\/pl\/wp-json\/wp\/v2\/types\/product"}],"wp:featuredmedia":[{"embeddable":true,"href":"https:\/\/kwintesencja.art\/pl\/wp-json\/wp\/v2\/media\/7292"}],"wp:attachment":[{"href":"https:\/\/kwintesencja.art\/pl\/wp-json\/wp\/v2\/media?parent=7269"}],"wp:term":[{"taxonomy":"product_cat","embeddable":true,"href":"https:\/\/kwintesencja.art\/pl\/wp-json\/wp\/v2\/product_cat?post=7269"},{"taxonomy":"product_tag","embeddable":true,"href":"https:\/\/kwintesencja.art\/pl\/wp-json\/wp\/v2\/product_tag?post=7269"}],"curies":[{"name":"wp","href":"https:\/\/api.w.org\/{rel}","templated":true}]}}