{"id":7197,"date":"2024-11-27T12:13:57","date_gmt":"2024-11-27T11:13:57","guid":{"rendered":"https:\/\/kwintesencja.art\/?post_type=product&#038;p=7197"},"modified":"2025-06-02T21:37:17","modified_gmt":"2025-06-02T19:37:17","slug":"bachanalia","status":"publish","type":"product","link":"https:\/\/kwintesencja.art\/pl\/product\/bachanalia\/","title":{"rendered":"Bachanalia"},"content":{"rendered":"<p>Edmund Burke (1912-1999) by\u0142 polskim malarzem i grafikiem. W latach 1931-1935 studiowa\u0142 w Miejskiej Szkole Sztuk Zdobniczych i Malarstwa, a nast\u0119pnie na Akademii Sztuk Pi\u0119knych w Warszawie, gdzie jego nauczycielami byli m.in. Felicjan Szcz\u0119sny Kowarski i Leonard P\u0119kalski. Dyplom obroni\u0142 w 1946 roku. W czasie II wojny \u015bwiatowej dzia\u0142a\u0142 jako \u017co\u0142nierz Armii Krajowej, uczestnicz\u0105c w akcji \u201eN\u201d oraz powstaniu warszawskim. Po wojnie projektowa\u0142 zdobienia elewacji kamienic na Starym i Nowym Mie\u015bcie w Warszawie, nadzoruj\u0105c m.in. freski i sgraffita.<\/p>\n","protected":false},"excerpt":{"rendered":"<p>Gwasz na papierze.<br \/>\nWymiary: w \u015bw p-p: 35 x 51 cm, 53 x 69 cm (z opraw\u0105)<br \/>\nSygnowane, p.d.<\/p>\n","protected":false},"featured_media":7198,"template":"","meta":{"_monsterinsights_skip_tracking":false,"_monsterinsights_sitenote_active":false,"_monsterinsights_sitenote_note":"","_monsterinsights_sitenote_category":0,"_themeisle_gutenberg_block_has_review":false},"product_cat":[39],"product_tag":[295],"class_list":["post-7197","product","type-product","status-publish","has-post-thumbnail","hentry","product_cat-obrazy","product_tag-artysta-mniej-znany","product_shipping_class-rodzaj-wysylki-3"],"aioseo_notices":[],"_links":{"self":[{"href":"https:\/\/kwintesencja.art\/pl\/wp-json\/wp\/v2\/product\/7197","targetHints":{"allow":["GET"]}}],"collection":[{"href":"https:\/\/kwintesencja.art\/pl\/wp-json\/wp\/v2\/product"}],"about":[{"href":"https:\/\/kwintesencja.art\/pl\/wp-json\/wp\/v2\/types\/product"}],"wp:featuredmedia":[{"embeddable":true,"href":"https:\/\/kwintesencja.art\/pl\/wp-json\/wp\/v2\/media\/7198"}],"wp:attachment":[{"href":"https:\/\/kwintesencja.art\/pl\/wp-json\/wp\/v2\/media?parent=7197"}],"wp:term":[{"taxonomy":"product_cat","embeddable":true,"href":"https:\/\/kwintesencja.art\/pl\/wp-json\/wp\/v2\/product_cat?post=7197"},{"taxonomy":"product_tag","embeddable":true,"href":"https:\/\/kwintesencja.art\/pl\/wp-json\/wp\/v2\/product_tag?post=7197"}],"curies":[{"name":"wp","href":"https:\/\/api.w.org\/{rel}","templated":true}]}}