{"id":7131,"date":"2024-11-26T11:47:42","date_gmt":"2024-11-26T10:47:42","guid":{"rendered":"https:\/\/kwintesencja.art\/?post_type=product&#038;p=7131"},"modified":"2024-11-26T11:47:42","modified_gmt":"2024-11-26T10:47:42","slug":"postac-za-barem","status":"publish","type":"product","link":"https:\/\/kwintesencja.art\/pl\/product\/postac-za-barem\/","title":{"rendered":"Posta\u0107 za barem"},"content":{"rendered":"<p>Stanis\u0142aw Grabowski (1901-1957) by\u0142 polskim malarzem, kt\u00f3rego \u017cycie i tw\u00f3rczo\u015b\u0107 zwi\u0105zane by\u0142y g\u0142\u00f3wnie z Francj\u0105. Urodzony w Polsce, pierwsze kroki w sztuce stawia\u0142 w Rosji i Warszawie, a w 1926 roku wraz z \u017con\u0105, malark\u0105 Nadi\u0105 Chodasiewicz, przeni\u00f3s\u0142 si\u0119 do Pary\u017ca. Tam kontynuowa\u0142 nauk\u0119 w presti\u017cowej Academie Moderne pod kierunkiem Fernanda Legera i Am\u00e9d\u00e9e Ozenfanta. Po rozstaniu z \u017con\u0105, kt\u00f3ra p\u00f3\u017aniej wysz\u0142a za Ferdynanda Legera, Grabowski zintensyfikowa\u0142 swoj\u0105 dzia\u0142alno\u015b\u0107 artystyczn\u0105, tworz\u0105c prace o wyra\u017anie indywidualnym charakterze. Jego obrazy, cz\u0119sto oscyluj\u0105ce mi\u0119dzy realno\u015bci\u0105 a poetyck\u0105 wizj\u0105, odzwierciedla\u0142y zmienne stany emocjonalne artysty. Po wojnie wr\u00f3ci\u0142 do Pary\u017ca, gdzie mieszka\u0142 w artystycznej spo\u0142eczno\u015bci la Ruche, gdzie mie\u015bci\u0142y si\u0119 wcze\u015bniej pracownie m.in. Chagalla, Soutine&#8217;a, Kandinsky&#8217;ego. Pejza\u017c by\u0142 g\u0142\u00f3wnym tematem jego zainteresowa\u0144 malarskich. Pocz\u0105tkowo malowa\u0142 przesycone barw\u0105 krajobrazy prowansalskie, p\u00f3\u017aniej, forma nabra\u0142a drapie\u017cno\u015bci i ekspresji, a koloryt sta\u0142 si\u0119 ciemniejszy. Malowa\u0142 tak\u017ce martwe natury i sceny we wn\u0119trzach. Wystawia\u0142 przede wszystkim na salonach w Pary\u017cu. W ocenie profesor W\u0142adys\u0142awy Jaworskiej, malarstwo Grabowskiego cechuje bogactwo artystycznych tendencji, kt\u00f3re by\u0142y zawsze podporz\u0105dkowane jego osobistej wizji.<\/p>\n","protected":false},"excerpt":{"rendered":"<p>Posta\u0107 za barem (ho\u0142d dla E.Maneta &#8211; Bar w Folies-Berg\u00e8re)<br \/>\nOlej na p\u0142\u00f3tnie. Wymiary: 16 x 25,5 cm<br \/>\nPochodzenie: Alfred i Maria Tarski, Berkeley, Kalifornia; nast\u0119pnie Evy Kristiny Ehrenfeucht (USA)<\/p>\n","protected":false},"featured_media":7132,"template":"","meta":{"_monsterinsights_skip_tracking":false,"_monsterinsights_sitenote_active":false,"_monsterinsights_sitenote_note":"","_monsterinsights_sitenote_category":0,"_themeisle_gutenberg_block_has_review":false},"product_cat":[39],"product_tag":[322],"class_list":["post-7131","product","type-product","status-publish","has-post-thumbnail","hentry","product_cat-obrazy","product_tag-grabowski-stanislaw"],"aioseo_notices":[],"_links":{"self":[{"href":"https:\/\/kwintesencja.art\/pl\/wp-json\/wp\/v2\/product\/7131","targetHints":{"allow":["GET"]}}],"collection":[{"href":"https:\/\/kwintesencja.art\/pl\/wp-json\/wp\/v2\/product"}],"about":[{"href":"https:\/\/kwintesencja.art\/pl\/wp-json\/wp\/v2\/types\/product"}],"wp:featuredmedia":[{"embeddable":true,"href":"https:\/\/kwintesencja.art\/pl\/wp-json\/wp\/v2\/media\/7132"}],"wp:attachment":[{"href":"https:\/\/kwintesencja.art\/pl\/wp-json\/wp\/v2\/media?parent=7131"}],"wp:term":[{"taxonomy":"product_cat","embeddable":true,"href":"https:\/\/kwintesencja.art\/pl\/wp-json\/wp\/v2\/product_cat?post=7131"},{"taxonomy":"product_tag","embeddable":true,"href":"https:\/\/kwintesencja.art\/pl\/wp-json\/wp\/v2\/product_tag?post=7131"}],"curies":[{"name":"wp","href":"https:\/\/api.w.org\/{rel}","templated":true}]}}