{"id":7085,"date":"2024-11-26T10:41:41","date_gmt":"2024-11-26T09:41:41","guid":{"rendered":"https:\/\/kwintesencja.art\/?post_type=product&#038;p=7085"},"modified":"2024-11-26T10:43:27","modified_gmt":"2024-11-26T09:43:27","slug":"japonka-we-wnetrzu","status":"publish","type":"product","link":"https:\/\/kwintesencja.art\/pl\/product\/japonka-we-wnetrzu\/","title":{"rendered":"Japonka we wn\u0119trzu"},"content":{"rendered":"","protected":false},"excerpt":{"rendered":"<p>Olej na p\u0142\u00f3tnie, wymiary: 150 x 120 cm, XX w, polska szko\u0142a<br \/>\nNa odwrocie etykieta firmy oprawiaj\u0105cej i nieczytelne piecz\u0105tki<br \/>\nPraca zakupiona w Anglii.<br \/>\nInformacja z Domu Aukcyjnego: Praca pochodzi z kolekcji Jana Kulczyka<\/p>\n","protected":false},"featured_media":7086,"template":"","meta":{"_monsterinsights_skip_tracking":false,"_monsterinsights_sitenote_active":false,"_monsterinsights_sitenote_note":"","_monsterinsights_sitenote_category":0,"_themeisle_gutenberg_block_has_review":false},"product_cat":[39],"product_tag":[280],"class_list":["post-7085","product","type-product","status-publish","has-post-thumbnail","hentry","product_cat-obrazy","product_tag-artysta-nierozpoznany","product_shipping_class-rodzaj-wysylki-3"],"aioseo_notices":[],"_links":{"self":[{"href":"https:\/\/kwintesencja.art\/pl\/wp-json\/wp\/v2\/product\/7085","targetHints":{"allow":["GET"]}}],"collection":[{"href":"https:\/\/kwintesencja.art\/pl\/wp-json\/wp\/v2\/product"}],"about":[{"href":"https:\/\/kwintesencja.art\/pl\/wp-json\/wp\/v2\/types\/product"}],"wp:featuredmedia":[{"embeddable":true,"href":"https:\/\/kwintesencja.art\/pl\/wp-json\/wp\/v2\/media\/7086"}],"wp:attachment":[{"href":"https:\/\/kwintesencja.art\/pl\/wp-json\/wp\/v2\/media?parent=7085"}],"wp:term":[{"taxonomy":"product_cat","embeddable":true,"href":"https:\/\/kwintesencja.art\/pl\/wp-json\/wp\/v2\/product_cat?post=7085"},{"taxonomy":"product_tag","embeddable":true,"href":"https:\/\/kwintesencja.art\/pl\/wp-json\/wp\/v2\/product_tag?post=7085"}],"curies":[{"name":"wp","href":"https:\/\/api.w.org\/{rel}","templated":true}]}}