{"id":6947,"date":"2024-10-28T12:49:18","date_gmt":"2024-10-28T11:49:18","guid":{"rendered":"https:\/\/kwintesencja.art\/?post_type=product&#038;p=6947"},"modified":"2024-10-29T21:15:26","modified_gmt":"2024-10-29T20:15:26","slug":"piaskowe-roze","status":"publish","type":"product","link":"https:\/\/kwintesencja.art\/pl\/product\/piaskowe-roze\/","title":{"rendered":"Piaskowe r\u00f3\u017ce"},"content":{"rendered":"<p>Fran\u00e7oise Gilot (1921-2023) to francuska malarka, znana ze swojej niezale\u017cnej tw\u00f3rczo\u015bci, a tak\u017ce zwi\u0105zk\u00f3w ze znanymi artystami, w tym Pablem Picassem, z kt\u00f3rym mia\u0142a dwoje dzieci \u2013 Claude\u2019a i Palom\u0119. Mimo \u017ce jej zwi\u0105zek z Picassem przyni\u00f3s\u0142 jej rozg\u0142os, Gilot zyska\u0142a uznanie przede wszystkim jako samodzielna artystka. Jej tw\u00f3rczo\u015b\u0107 obejmuje malarstwo i grafik\u0119, a tak\u017ce projekty kostium\u00f3w i scenografii, kt\u00f3re realizowa\u0142a dla muzeum Guggenheima w Nowym Jorku w latach 80. i 90.<\/p>\n<p>W 1973 roku zosta\u0142a mianowana dyrektorem artystycznym czasopisma <em>Virginia Woolf Quarterly<\/em>, a w 1976 roku wesz\u0142a do zarz\u0105du Wydzia\u0142u Sztuk Pi\u0119knych na Uniwersytecie Po\u0142udniowej Kalifornii. Jej zas\u0142ugi dla sztuki zosta\u0142y uhonorowane, m.in. poprzez odznaczenie Narodowym Orderem Legii Honorowej \u2013 jednym z najwy\u017cszych odznacze\u0144 we Francji.<\/p>\n","protected":false},"excerpt":{"rendered":"<p>Litografia na papierze. Wymiary 30 x 40 cm (arkusz)<br \/>\nPodpisane i opisane na dole:<br \/>\n&#8220;Kamienne r\u00f3\u017ce Pyrrha<br \/>\nwyrze\u017abione wiatrem przez piasek pustyni.<br \/>\nR\u00f3\u017ce, zwr\u00f3cone w stron\u0119 \u015bwiat\u0142a<br \/>\nR\u00f3\u017ce Saadi i r\u00f3\u017ce Jaricho<br \/>\nRazem rozkwitniemy w nowym kruszcu&#8221;<br \/>\nStan bardzo dobry, nieznaczne przebarwienia, piegi, charakterystyczne dla wieku.<\/p>\n<p>Praca zakupiona w Domu Aukcyjnym w Pary\u017cu<br \/>\nNie uda\u0142o si\u0119 okre\u015bli\u0107 historii i pochodzenia dzie\u0142a,<br \/>\nani jednoznacznie potwierdzi\u0107 autentyczno\u015b\u0107,<br \/>\ndlatego praca sprzedawana jest \u201ew stylu\u201d,<br \/>\njako przypisana do artysty \u201eATTR\u201d<\/p>\n","protected":false},"featured_media":6948,"template":"","meta":{"_monsterinsights_skip_tracking":false,"_monsterinsights_sitenote_active":false,"_monsterinsights_sitenote_note":"","_monsterinsights_sitenote_category":0,"_themeisle_gutenberg_block_has_review":false},"product_cat":[41],"product_tag":[280],"class_list":["post-6947","product","type-product","status-publish","has-post-thumbnail","hentry","product_cat-grafiki","product_tag-artysta-nierozpoznany","product_shipping_class-rodzaj-wysylki-2"],"aioseo_notices":[],"_links":{"self":[{"href":"https:\/\/kwintesencja.art\/pl\/wp-json\/wp\/v2\/product\/6947","targetHints":{"allow":["GET"]}}],"collection":[{"href":"https:\/\/kwintesencja.art\/pl\/wp-json\/wp\/v2\/product"}],"about":[{"href":"https:\/\/kwintesencja.art\/pl\/wp-json\/wp\/v2\/types\/product"}],"wp:featuredmedia":[{"embeddable":true,"href":"https:\/\/kwintesencja.art\/pl\/wp-json\/wp\/v2\/media\/6948"}],"wp:attachment":[{"href":"https:\/\/kwintesencja.art\/pl\/wp-json\/wp\/v2\/media?parent=6947"}],"wp:term":[{"taxonomy":"product_cat","embeddable":true,"href":"https:\/\/kwintesencja.art\/pl\/wp-json\/wp\/v2\/product_cat?post=6947"},{"taxonomy":"product_tag","embeddable":true,"href":"https:\/\/kwintesencja.art\/pl\/wp-json\/wp\/v2\/product_tag?post=6947"}],"curies":[{"name":"wp","href":"https:\/\/api.w.org\/{rel}","templated":true}]}}