{"id":6923,"date":"2024-10-28T12:10:24","date_gmt":"2024-10-28T11:10:24","guid":{"rendered":"https:\/\/kwintesencja.art\/?post_type=product&#038;p=6923"},"modified":"2025-06-02T21:36:51","modified_gmt":"2025-06-02T19:36:51","slug":"u-arama","status":"publish","type":"product","link":"https:\/\/kwintesencja.art\/pl\/product\/u-arama\/","title":{"rendered":"U Arama"},"content":{"rendered":"<p>Jacek Pa\u0142ucha (ur. 1966 w Cz\u0119stochowie) to polski malarz, ilustrator i muzyk. Uko\u0144czy\u0142 studia na Akademii Sztuk Pi\u0119knych w Warszawie, gdzie w 1993 roku uzyska\u0142 dyplom w pracowni prof. Wies\u0142awa Szamborskiego. Pa\u0142ucha jest znany z malarstwa figuratywnego o charakterze anegdotycznym i groteskowym, cz\u0119sto z przerysowanymi postaciami w humorystycznych sytuacjach. Jego prace wyr\u00f3\u017cniaj\u0105 si\u0119 intensywn\u0105 kolorystyk\u0105 i deformacjami formy.<\/p>\n<p>Poza malarstwem, Pa\u0142ucha jest tak\u017ce za\u0142o\u017cycielem i liderem popularnej grupy muzycznej Formacja Nie\u017cywych Schabuff. Ponadto, pr\u00f3bowa\u0142 swoich si\u0142 jako aktor, graj\u0105c g\u0142\u00f3wn\u0105 rol\u0119 w filmie \u201eBalanga\u201d (1993) w re\u017cyserii \u0141ukasza Wyl\u0119\u017ca\u0142ka, za co zdoby\u0142 uznanie na Festiwalu Polskich Film\u00f3w Fabularnych w Gdyni.<\/p>\n<p>Jego obrazy by\u0142y prezentowane na wielu wystawach, zar\u00f3wno w Polsce, jak i za granic\u0105, z pierwsz\u0105 indywidualn\u0105 wystaw\u0105 w Pary\u017cu jeszcze podczas studi\u00f3w. Jego tw\u00f3rczo\u015b\u0107 doceniana jest za unikalny styl, kt\u00f3ry \u0142\u0105czy satyr\u0119, wyraziste kolory i inspiracje komiksowe.<\/p>\n","protected":false},"excerpt":{"rendered":"<p>Olej na p\u0142\u00f3tnie, 2001.<br \/>\nWymiary: 65 x 81 cm, 88 x 104 cm (z opraw\u0105)<br \/>\nPodpisany i datowany, l.d.<\/p>\n","protected":false},"featured_media":6924,"template":"","meta":{"_monsterinsights_skip_tracking":false,"_monsterinsights_sitenote_active":false,"_monsterinsights_sitenote_note":"","_monsterinsights_sitenote_category":0,"_themeisle_gutenberg_block_has_review":false},"product_cat":[39],"product_tag":[314],"class_list":["post-6923","product","type-product","status-publish","has-post-thumbnail","hentry","product_cat-obrazy","product_tag-palucha-jacek","product_shipping_class-rodzaj-wysylki-3"],"aioseo_notices":[],"_links":{"self":[{"href":"https:\/\/kwintesencja.art\/pl\/wp-json\/wp\/v2\/product\/6923","targetHints":{"allow":["GET"]}}],"collection":[{"href":"https:\/\/kwintesencja.art\/pl\/wp-json\/wp\/v2\/product"}],"about":[{"href":"https:\/\/kwintesencja.art\/pl\/wp-json\/wp\/v2\/types\/product"}],"wp:featuredmedia":[{"embeddable":true,"href":"https:\/\/kwintesencja.art\/pl\/wp-json\/wp\/v2\/media\/6924"}],"wp:attachment":[{"href":"https:\/\/kwintesencja.art\/pl\/wp-json\/wp\/v2\/media?parent=6923"}],"wp:term":[{"taxonomy":"product_cat","embeddable":true,"href":"https:\/\/kwintesencja.art\/pl\/wp-json\/wp\/v2\/product_cat?post=6923"},{"taxonomy":"product_tag","embeddable":true,"href":"https:\/\/kwintesencja.art\/pl\/wp-json\/wp\/v2\/product_tag?post=6923"}],"curies":[{"name":"wp","href":"https:\/\/api.w.org\/{rel}","templated":true}]}}