{"id":6861,"date":"2024-09-25T18:40:44","date_gmt":"2024-09-25T16:40:44","guid":{"rendered":"https:\/\/kwintesencja.art\/?post_type=product&#038;p=6861"},"modified":"2025-12-01T10:30:35","modified_gmt":"2025-12-01T09:30:35","slug":"judyta","status":"publish","type":"product","link":"https:\/\/kwintesencja.art\/pl\/product\/judyta\/","title":{"rendered":"Judyta"},"content":{"rendered":"<p>August Rieper (1865\u20131940) \u2013 niemiecki malarz, rysownik, litograf i akwaforcista, urodzony w Hamburgu, zdoby\u0142 wczesne wykszta\u0142cenie artystyczne w Hamburskiej Szkole Sztuk Stosowanych. Od 1884 roku studiowa\u0142 w Akademii Monachijskiej, cho\u0107 w du\u017cej mierze kszta\u0142ci\u0142 si\u0119 samodzielnie, studiuj\u0105c dzie\u0142a starych mistrz\u00f3w. Rieper zyska\u0142 uznanie w monachijskim \u015brodowisku artystycznym, wystawiaj\u0105c swoje prace m.in. w Glaspalast w Monachium, a tak\u017ce w Hamburgu, Wiedniu, Dre\u017anie i Berlinie. Jego tw\u00f3rczo\u015b\u0107 spotka\u0142a si\u0119 z uznaniem takich artyst\u00f3w jak Rudolf von Seitz i Franz von Lenbach. By\u0142 cz\u0142onkiem wielu presti\u017cowych stowarzysze\u0144 artystycznych, w tym Monachijskiego Zwi\u0105zku Artyst\u00f3w oraz Rzeszy Zwi\u0105zku Artyst\u00f3w Plastyk\u00f3w w Niemczech.<\/p>\n<p>Rieper by\u0142 wszechstronnym artyst\u0105, kt\u00f3ry tworzy\u0142 pejza\u017ce, wn\u0119trza, portrety, akty, martwe natury oraz malarstwo rodzajowe. Jego prace cechuj\u0105 si\u0119 klasyczn\u0105 kompozycj\u0105 i intensywnymi barwami.<\/p>\n<p>Opis dzie\u0142a: &#8220;Judyta&#8221;<br \/>\nObraz \u201eJudyta\u201d przedstawia nag\u0105 m\u0142od\u0105 kobiet\u0119 z r\u00f3\u017ca\u0144cem we w\u0142osach, siedz\u0105c\u0105 na otomanie na tle czerwonej zas\u0142ony i g\u00f3rzystego krajobrazu z zamkiem. Kobieta trzyma w prawej r\u0119ce du\u017cy n\u00f3\u017c, co nawi\u0105zuje do biblijnej postaci Judyty, kt\u00f3ra w Starym Testamencie zabi\u0142a asyryjskiego dow\u00f3dc\u0119 Holofernesa. Rieper ukazuje Judyt\u0119 w spos\u00f3b bardziej erotyczny i zmys\u0142owy, co odbiega od tradycyjnych przedstawie\u0144 tej postaci. Modelk\u0105 mog\u0142a by\u0107 \u017cona artysty, co nadaje dzie\u0142u dodatkowy wymiar intymno\u015bci. Obraz, wykonany technik\u0105 impasto z szerokimi poci\u0105gni\u0119ciami p\u0119dzla, jest sygnowany w lewym dolnym rogu i datowany na oko\u0142o 1910 rok.<\/p>\n<p>Ciekawostki<br \/>\nRieper by\u0142 nie tylko uznanym artyst\u0105, ale jego prace znalaz\u0142y nabywc\u00f3w w\u015br\u00f3d takich postaci jak cesarz Wilhelm II oraz arcyksi\u0105\u017c\u0119 Franciszek Ferdynand, co \u015bwiadczy o jego renomie w \u015bwiecie sztuki.<\/p>\n<p>\u0179r\u00f3d\u0142a: Thieme-Becker, Saur \u201eBio-Bibliographisches K\u00fcnstlerlexikon\u201d, Bruckmann \u201eM\u00fcnchner Maler des 19.\/20. Jh.\u201d, \u201eDer neue Rump\u201d, M\u00fcller-Singer, Ries, Matrikel der M\u00fcnchner Akademie, Boetticher, Dressler i Wikipedia.<\/p>\n","protected":false},"excerpt":{"rendered":"<p><span class=\"HwtZe\" lang=\"pl\"><span class=\"jCAhz ChMk0b\"><span class=\"ryNqvb\">Olej na p\u0142\u00f3tnie, datowany oko\u0142o 1910 r., sygnowany w lewym dolnym rogu &#8220;A.<\/span><\/span> <span class=\"jCAhz ChMk0b\"><span class=\"ryNqvb\">Rieper&#8221;,<br \/>\noryginalna etykieta na odwrocie: &#8220;Aug. Rieper M\u00fcnchen &#8211; No. 729 &#8220;Judith&#8221;.<br \/>\nStan: drobne sp\u0119kania, ubytki, stare retusze.<br \/>\nObraz bez ramy, wymiary ok. 94 x 126,5 cm<\/span><\/span><\/span><\/p>\n","protected":false},"featured_media":6868,"template":"","meta":{"_monsterinsights_skip_tracking":false,"_monsterinsights_sitenote_active":false,"_monsterinsights_sitenote_note":"","_monsterinsights_sitenote_category":0,"_themeisle_gutenberg_block_has_review":false},"product_cat":[39],"product_tag":[295,311,350],"class_list":["post-6861","product","type-product","status-publish","has-post-thumbnail","hentry","product_cat-obrazy","product_tag-artysta-mniej-znany","product_tag-rieper-august","product_tag-wyprzedaz","product_shipping_class-rodzaj-wysylki-3"],"aioseo_notices":[],"_links":{"self":[{"href":"https:\/\/kwintesencja.art\/pl\/wp-json\/wp\/v2\/product\/6861","targetHints":{"allow":["GET"]}}],"collection":[{"href":"https:\/\/kwintesencja.art\/pl\/wp-json\/wp\/v2\/product"}],"about":[{"href":"https:\/\/kwintesencja.art\/pl\/wp-json\/wp\/v2\/types\/product"}],"wp:featuredmedia":[{"embeddable":true,"href":"https:\/\/kwintesencja.art\/pl\/wp-json\/wp\/v2\/media\/6868"}],"wp:attachment":[{"href":"https:\/\/kwintesencja.art\/pl\/wp-json\/wp\/v2\/media?parent=6861"}],"wp:term":[{"taxonomy":"product_cat","embeddable":true,"href":"https:\/\/kwintesencja.art\/pl\/wp-json\/wp\/v2\/product_cat?post=6861"},{"taxonomy":"product_tag","embeddable":true,"href":"https:\/\/kwintesencja.art\/pl\/wp-json\/wp\/v2\/product_tag?post=6861"}],"curies":[{"name":"wp","href":"https:\/\/api.w.org\/{rel}","templated":true}]}}