{"id":6713,"date":"2024-08-30T22:38:54","date_gmt":"2024-08-30T20:38:54","guid":{"rendered":"https:\/\/kwintesencja.art\/?post_type=product&#038;p=6713"},"modified":"2025-12-01T09:02:55","modified_gmt":"2025-12-01T08:02:55","slug":"portret-kobiety-2","status":"publish","type":"product","link":"https:\/\/kwintesencja.art\/pl\/product\/portret-kobiety-2\/","title":{"rendered":"Portret kobiety"},"content":{"rendered":"<p id=\"lotname\" class=\"lotname\">Emile E. Semenowsky (1857-1911) by\u0142 polsko-francuskim malarzem, kt\u00f3ry zdoby\u0142 uznanie dzi\u0119ki swoim i scenom orientalnym. Urodzony prawdopodobnie w Polsce, w rodzinie \u017cydowskiej lub pochodzenia \u017cydowskiego. Semenowsky studiowa\u0142 sztuk\u0119 w Pary\u017cu, gdzie sp\u0119dzi\u0142 wi\u0119kszo\u015b\u0107 swojego \u017cycia. Jego prace charakteryzuj\u0105 si\u0119 wyj\u0105tkow\u0105 dba\u0142o\u015bci\u0105 o detale, subtelnym u\u017cyciem kolor\u00f3w oraz umiej\u0119tno\u015bci\u0105 oddania emocji i charakteru postaci.<br \/>\nW swojej tw\u00f3rczo\u015bci cz\u0119sto si\u0119ga\u0142 po tematy orientalne, inspirowane podr\u00f3\u017cami po Bliskim Wschodzie i Afryce P\u00f3\u0142nocnej, malowa\u0142 te\u017c sceny rodzajowe w stylistyce antycznej. Jego obrazy przedstawiaj\u0105ce kobiety w egzotycznych strojach, sceny z haremu czy portrety m\u0142odych dziewcz\u0105t sta\u0142y si\u0119 niezwykle popularne w\u015br\u00f3d kolekcjoner\u00f3w sztuki. Semenowsky potrafi\u0142 w mistrzowski spos\u00f3b po\u0142\u0105czy\u0107 realizm z romantyzmem, co czyni\u0142o jego dzie\u0142a wyj\u0105tkowo atrakcyjnymi.<br \/>\nW latach 80-tych artysta mieszka\u0142 w Pary\u017cu, z tego okresu te\u017c pochodzi wi\u0119kszo\u015b\u0107 jego dzie\u0142. Tworzy\u0142 na zam\u00f3wienie paryskiego mieszcza\u0144stwa. Dzi\u015b jego obrazy znajduj\u0105 si\u0119 w prywatnych kolekcjach, a jego tw\u00f3rczo\u015b\u0107 nadal fascynuje i inspiruje mi\u0142o\u015bnik\u00f3w sztuki.<\/p>\n","protected":false},"excerpt":{"rendered":"<p>Obraz olejny na desce, namalowany w 1889<br \/>\nWymiary: 31 x 24 cm, 44 x 37 (z ram\u0105)<br \/>\nPodpisany przez artyst\u0119 i datowany, l.d.: Eisman Semenowsky, Pary\u017c 1889.<br \/>\nPraca oprawiona w gustown\u0105 ram\u0119.<\/p>\n","protected":false},"featured_media":6714,"template":"","meta":{"_monsterinsights_skip_tracking":false,"_monsterinsights_sitenote_active":false,"_monsterinsights_sitenote_note":"","_monsterinsights_sitenote_category":0,"_themeisle_gutenberg_block_has_review":false},"product_cat":[39],"product_tag":[295,306],"class_list":["post-6713","product","type-product","status-publish","has-post-thumbnail","hentry","product_cat-obrazy","product_tag-artysta-mniej-znany","product_tag-semenowsky","product_shipping_class-rodzaj-wysylki-3"],"aioseo_notices":[],"_links":{"self":[{"href":"https:\/\/kwintesencja.art\/pl\/wp-json\/wp\/v2\/product\/6713","targetHints":{"allow":["GET"]}}],"collection":[{"href":"https:\/\/kwintesencja.art\/pl\/wp-json\/wp\/v2\/product"}],"about":[{"href":"https:\/\/kwintesencja.art\/pl\/wp-json\/wp\/v2\/types\/product"}],"wp:featuredmedia":[{"embeddable":true,"href":"https:\/\/kwintesencja.art\/pl\/wp-json\/wp\/v2\/media\/6714"}],"wp:attachment":[{"href":"https:\/\/kwintesencja.art\/pl\/wp-json\/wp\/v2\/media?parent=6713"}],"wp:term":[{"taxonomy":"product_cat","embeddable":true,"href":"https:\/\/kwintesencja.art\/pl\/wp-json\/wp\/v2\/product_cat?post=6713"},{"taxonomy":"product_tag","embeddable":true,"href":"https:\/\/kwintesencja.art\/pl\/wp-json\/wp\/v2\/product_tag?post=6713"}],"curies":[{"name":"wp","href":"https:\/\/api.w.org\/{rel}","templated":true}]}}