{"id":6681,"date":"2024-07-29T10:46:51","date_gmt":"2024-07-29T08:46:51","guid":{"rendered":"https:\/\/kwintesencja.art\/?post_type=product&#038;p=6681"},"modified":"2024-07-29T11:15:15","modified_gmt":"2024-07-29T09:15:15","slug":"portret-azjatki","status":"publish","type":"product","link":"https:\/\/kwintesencja.art\/pl\/product\/portret-azjatki\/","title":{"rendered":"China girl"},"content":{"rendered":"<p>Andrzej Andrychowski, urodzony 27 lutego 1959 roku w Warszawie, jest polskim artyst\u0105 fotografem. Jego przygoda z fotografi\u0105 rozpocz\u0119\u0142a si\u0119 w 1978 roku. Pracowa\u0142 m.in. z Polsk\u0105 Agencj\u0105 Informacyjn\u0105 &#8220;INTERPRESS&#8221; oraz publikowa\u0142 zdj\u0119cia w czasopismach takich jak &#8220;Sztandar M\u0142odych&#8221; i &#8220;Architektura&#8221;. Andrychowski wsp\u00f3\u0142pracowa\u0142 z wieloma galeriami, w tym z Saatchi Art w Los Angeles i Galeri\u0105 Next w Bydgoszczy. Bra\u0142 udzia\u0142 w licznych wystawach indywidualnych i zbiorowych, zdobywaj\u0105c uznanie w kraju i za granic\u0105\u200b<\/p>\n","protected":false},"excerpt":{"rendered":"<p>Giclee na p\u0142\u00f3tnie, 100 x 80 cm<br \/>\nObraz zabezpieczony matowym werniksem i naci\u0105gni\u0119tym na sosnowe krosno malarskie.<br \/>\nSygn. na odwrocie nazwiskiem i dat\u0105 powstania. Praca w limitowanej edycji autorskiej.<\/p>\n","protected":false},"featured_media":6677,"template":"","meta":{"_monsterinsights_skip_tracking":false,"_monsterinsights_sitenote_active":false,"_monsterinsights_sitenote_note":"","_monsterinsights_sitenote_category":0,"_themeisle_gutenberg_block_has_review":false},"product_cat":[39,41],"product_tag":[304],"class_list":["post-6681","product","type-product","status-publish","has-post-thumbnail","hentry","product_cat-obrazy","product_cat-grafiki","product_tag-andrychowski-andrzej","product_shipping_class-rodzaj-wysylki-3"],"aioseo_notices":[],"_links":{"self":[{"href":"https:\/\/kwintesencja.art\/pl\/wp-json\/wp\/v2\/product\/6681","targetHints":{"allow":["GET"]}}],"collection":[{"href":"https:\/\/kwintesencja.art\/pl\/wp-json\/wp\/v2\/product"}],"about":[{"href":"https:\/\/kwintesencja.art\/pl\/wp-json\/wp\/v2\/types\/product"}],"wp:featuredmedia":[{"embeddable":true,"href":"https:\/\/kwintesencja.art\/pl\/wp-json\/wp\/v2\/media\/6677"}],"wp:attachment":[{"href":"https:\/\/kwintesencja.art\/pl\/wp-json\/wp\/v2\/media?parent=6681"}],"wp:term":[{"taxonomy":"product_cat","embeddable":true,"href":"https:\/\/kwintesencja.art\/pl\/wp-json\/wp\/v2\/product_cat?post=6681"},{"taxonomy":"product_tag","embeddable":true,"href":"https:\/\/kwintesencja.art\/pl\/wp-json\/wp\/v2\/product_tag?post=6681"}],"curies":[{"name":"wp","href":"https:\/\/api.w.org\/{rel}","templated":true}]}}