{"id":6668,"date":"2024-07-29T10:23:51","date_gmt":"2024-07-29T08:23:51","guid":{"rendered":"https:\/\/kwintesencja.art\/?post_type=product&#038;p=6668"},"modified":"2024-10-28T10:14:49","modified_gmt":"2024-10-28T09:14:49","slug":"najady","status":"publish","type":"product","link":"https:\/\/kwintesencja.art\/pl\/product\/najady\/","title":{"rendered":"Najady"},"content":{"rendered":"<p>Franciszek Starowieyski (pseudonim Jan Byk)<\/p>\n<p>Urodzi\u0142 si\u0119 w 8 lipca 1930 roku w Bratk\u00f3wce ko\u0142o Krosna. Zmar\u0142 w 2009 roku w Warszawie. Pochodzi\u0142 z rodziny szlacheckiej, piecz\u0119tuj\u0105cej si\u0119 herbem Biberstein. W latach 1949\u20131952 studiowa\u0142 malarstwo na Akademii Sztuk Pi\u0119knych w Krakowie u Wojciecha Weissa i Adama Marczy\u0144skiego, a nast\u0119pnie na Akademii Sztuk Pi\u0119knych w Warszawie u Micha\u0142a Byliny, gdzie uzyska\u0142 dyplom w 1955 roku. Artysta jest uwa\u017cany za jednego z najwybitniejszych przedstawicieli \u201epolskiej szko\u0142y plakatu\u201d. Jego tw\u00f3rczo\u015b\u0107 \u0142\u0105czona jest z europejskim nurtem symbolizmu i surrealizm. Motywem przewodnim sztuki Franciszka Starowieyskiego by\u0142 anonimowy akt kobiecy o rubensowskich kszta\u0142tach, przedstawiany w zhybrydyzowanych, niekiedy umechanicznionych formach. Kompozycje Starowieyskiego nawi\u0105zuj\u0105 formalnie do baroku i niekiedy do secesji, malarz inspirowa\u0142 si\u0119 tak\u017ce tw\u00f3rczo\u015bci\u0105 swojego ulubionego pisarza Samuela Backetta. Artysta zdoby\u0142 popularno\u015b\u0107 ju\u017c w latach 60. seri\u0105 plakat\u00f3w teatralnych i filmowych, czyni\u0105c plakat osobnym dzie\u0142em sztuki.<\/p>\n<p>Artysta robi\u0142 tak\u017ce scenografie teatralne i filmowe, by\u0142 malarzem, rysownikiem, grafikiem, kaligrafist\u0105, a tak\u017ce kolekcjonerem sztuki, g\u0142\u00f3wnie XVII-wiecznej. Stworzy\u0142 Teatr Rysowania, kilkudniowy happening, w ramach kt\u00f3rego malowa\u0142 na \u017cywo przed publiczno\u015bci\u0105. Jego prace wzi\u0119\u0142y udzia\u0142 w ponad 200 wystawach krajowych i zagranicznych. Franciszek Starowieyski jako pierwszy Polak mia\u0142 indywidualn\u0105 wystaw\u0119 w Museum of Modern Art w Nowym Jorku w 1985 roku.<\/p>\n","protected":false},"excerpt":{"rendered":"<p>Litografia na papierze<br \/>\nWymiary: w \u015bw p-p 23 x 30 cm, 39 x 47 cm (z opraw\u0105)<br \/>\nSygnatura: z przodu, 79\/98A &#8216;Najady\u2019, 1703 (monogram wi\u0105zany),<br \/>\nedycja specjalna-Dar Natury<br \/>\nCertyfikat autentyczno\u015bci<\/p>\n","protected":false},"featured_media":6669,"template":"","meta":{"_monsterinsights_skip_tracking":false,"_monsterinsights_sitenote_active":false,"_monsterinsights_sitenote_note":"","_monsterinsights_sitenote_category":0,"_themeisle_gutenberg_block_has_review":false},"product_cat":[41],"product_tag":[305],"class_list":["post-6668","product","type-product","status-publish","has-post-thumbnail","hentry","product_cat-grafiki","product_tag-starowieyski-franciszek","product_shipping_class-rodzaj-wysylki-2"],"aioseo_notices":[],"_links":{"self":[{"href":"https:\/\/kwintesencja.art\/pl\/wp-json\/wp\/v2\/product\/6668","targetHints":{"allow":["GET"]}}],"collection":[{"href":"https:\/\/kwintesencja.art\/pl\/wp-json\/wp\/v2\/product"}],"about":[{"href":"https:\/\/kwintesencja.art\/pl\/wp-json\/wp\/v2\/types\/product"}],"wp:featuredmedia":[{"embeddable":true,"href":"https:\/\/kwintesencja.art\/pl\/wp-json\/wp\/v2\/media\/6669"}],"wp:attachment":[{"href":"https:\/\/kwintesencja.art\/pl\/wp-json\/wp\/v2\/media?parent=6668"}],"wp:term":[{"taxonomy":"product_cat","embeddable":true,"href":"https:\/\/kwintesencja.art\/pl\/wp-json\/wp\/v2\/product_cat?post=6668"},{"taxonomy":"product_tag","embeddable":true,"href":"https:\/\/kwintesencja.art\/pl\/wp-json\/wp\/v2\/product_tag?post=6668"}],"curies":[{"name":"wp","href":"https:\/\/api.w.org\/{rel}","templated":true}]}}