{"id":6574,"date":"2024-06-07T21:00:03","date_gmt":"2024-06-07T19:00:03","guid":{"rendered":"https:\/\/kwintesencja.art\/?post_type=product&#038;p=6574"},"modified":"2025-01-25T08:18:54","modified_gmt":"2025-01-25T07:18:54","slug":"krolowa-radosci","status":"publish","type":"product","link":"https:\/\/kwintesencja.art\/pl\/product\/krolowa-radosci\/","title":{"rendered":"Kr\u00f3lowa rado\u015bci"},"content":{"rendered":"<p>Henri de Toulouse-Lautrec (ur. 24 listopada 1864 w Albi, zm. 9 wrze\u015bnia 1901 w Malrom\u00e9) by\u0142 francuskim malarzem, grafikiem i ilustratorem, znanym ze swoich prac przedstawiaj\u0105cych \u017cycie nocne Pary\u017ca pod koniec XIX wieku. Pochodzi\u0142 z arystokratycznej rodziny, a jego pe\u0142ne nazwisko brzmia\u0142o Henri Marie Raymond de Toulouse-Lautrec-Monfa.<\/p>\n<p>Toulouse-Lautrec urodzi\u0142 si\u0119 w bogatej rodzinie arystokratycznej, co umo\u017cliwi\u0142o mu dost\u0119p do edukacji i kontakt z artystycznymi \u015brodowiskami. Od m\u0142odo\u015bci cierpia\u0142 na genetyczn\u0105 chorob\u0119 ko\u015bci, co spowodowa\u0142o, \u017ce jego nogi przesta\u0142y rosn\u0105\u0107 po z\u0142amaniach w wieku 13 i 14 lat, pozostawiaj\u0105c go z niskim wzrostem i nieproporcjonalnym cia\u0142em\u200b<span class=\"\" data-state=\"closed\"><span class=\"text-token-text-secondary\"> (<\/span><a class=\"text-green-600 !no-underline\" href=\"https:\/\/en.wikipedia.org\/wiki\/Henri_de_Toulouse-Lautrec\" target=\"_blank\" rel=\"noopener noreferrer\">Wikipedia<\/a><span class=\"text-token-text-secondary\">)<\/span><\/span>\u200b\u200b<span class=\"\" data-state=\"closed\"><span class=\"text-token-text-secondary\"> (<\/span><a class=\"text-green-600 !no-underline\" href=\"https:\/\/www.theartstory.org\/artist\/toulouse-lautrec-henri\/\" target=\"_blank\" rel=\"noopener noreferrer\">The Art Story<\/a><span class=\"text-token-text-secondary\">)<\/span><\/span>\u200b.<\/p>\n<p>Swoj\u0105 edukacj\u0119 artystyczn\u0105 rozpocz\u0105\u0142 pod okiem Ren\u00e9 Princeteau, a nast\u0119pnie studiowa\u0142 u L\u00e9ona Bonnata i Fernanda Cormona w Pary\u017cu. To w\u0142a\u015bnie w Pary\u017cu zanurzy\u0142 si\u0119 w bohemie artystycznej Montmartre&#8217;u, gdzie sta\u0142 si\u0119 sta\u0142ym bywalcem kabaret\u00f3w, bar\u00f3w i burdeli\u200b<span class=\"\" data-state=\"closed\"><span class=\"text-token-text-secondary\"> (<\/span><a class=\"text-green-600 !no-underline\" href=\"https:\/\/www.britannica.com\/biography\/Henri-de-Toulouse-Lautrec\" target=\"_blank\" rel=\"noopener noreferrer\">Encyclopedia Britannica<\/a><span class=\"text-token-text-secondary\">)<\/span><\/span>\u200b\u200b<span class=\"\" data-state=\"closed\"><span class=\"text-token-text-secondary\"> (<\/span><a class=\"text-green-600 !no-underline\" href=\"https:\/\/en.wikipedia.org\/wiki\/Henri_de_Toulouse-Lautrec\" target=\"_blank\" rel=\"noopener noreferrer\">Wikipedia<\/a><span class=\"text-token-text-secondary\">)<\/span><\/span>\u200b.<\/p>\n<p>Toulouse-Lautrec jest najbardziej znany z plakat\u00f3w i litografii, kt\u00f3re tworzy\u0142, aby promowa\u0107 paryskie kawiarnie, teatry i kabarety, takie jak Moulin Rouge. Jego prace cechuj\u0105 si\u0119 \u017cywymi kolorami, dynamicznymi liniami i umiej\u0119tno\u015bci\u0105 uchwycenia atmosfery paryskiego \u017cycia nocnego\u200b<span class=\"\" data-state=\"closed\"><span class=\"text-token-text-secondary\"> (<\/span><a class=\"text-green-600 !no-underline\" href=\"https:\/\/www.britannica.com\/biography\/Henri-de-Toulouse-Lautrec\" target=\"_blank\" rel=\"noopener noreferrer\">Encyclopedia Britannica<\/a><span class=\"text-token-text-secondary\">)<\/span><\/span>\u200b\u200b<span class=\"\" data-state=\"closed\"><span class=\"text-token-text-secondary\"> (<\/span><a class=\"text-green-600 !no-underline\" href=\"https:\/\/www.theartstory.org\/artist\/toulouse-lautrec-henri\/\" target=\"_blank\" rel=\"noopener noreferrer\">The Art Story<\/a><span class=\"text-token-text-secondary\">)<\/span><\/span>\u200b.<\/p>\n<p>Jednym z jego najs\u0142ynniejszych dzie\u0142 jest litografia \u201eKr\u00f3lowa rado\u015bci\u201d (La Reine de Joie), kt\u00f3ra jest cz\u0119\u015bci\u0105 jego bogatego dorobku litograficznego. Jego prace cz\u0119sto przedstawia\u0142y sceny z \u017cycia nocnego, tancerki, prostytutki i klient\u00f3w burdeli, a tak\u017ce portrety jego przyjaci\u00f3\u0142 i znajomych z Montmartre&#8217;u\u200b<span class=\"\" data-state=\"closed\"><span class=\"text-token-text-secondary\"> (<\/span><a class=\"text-green-600 !no-underline\" href=\"https:\/\/www.theartstory.org\/artist\/toulouse-lautrec-henri\/\" target=\"_blank\" rel=\"noopener noreferrer\">The Art Story<\/a><span class=\"text-token-text-secondary\">)<\/span><\/span>\u200b\u200b<span class=\"\" data-state=\"closed\"><span class=\"text-token-text-secondary\"> (<\/span><a class=\"text-green-600 !no-underline\" href=\"https:\/\/www.moma.org\/artists\/5910\" target=\"_blank\" rel=\"noopener noreferrer\">The Museum of Modern Art<\/a><span class=\"text-token-text-secondary\">)<\/span><\/span>\u200b.<\/p>\n<p>Jego styl cz\u0119sto \u0142\u0105czy\u0142 elementy impresjonizmu i ekspresjonizmu, a jego prace by\u0142y inspirowane przez takich artyst\u00f3w jak Edgar Degas. Toulouse-Lautrec by\u0142 mistrzem w uchwyceniu ruchu i emocji w swoich kompozycjach, co czyni\u0142o jego prace niezwykle \u017cywymi i pe\u0142nymi dynamiki\u200b<span class=\"\" data-state=\"closed\"><span class=\"text-token-text-secondary\"> (<\/span><a class=\"text-green-600 !no-underline\" href=\"https:\/\/en.wikipedia.org\/wiki\/Henri_de_Toulouse-Lautrec\" target=\"_blank\" rel=\"noopener noreferrer\">Wikipedia<\/a><span class=\"text-token-text-secondary\">)<\/span><\/span>\u200b\u200b<span class=\"\" data-state=\"closed\"><span class=\"text-token-text-secondary\"> (<\/span><a class=\"text-green-600 !no-underline\" href=\"https:\/\/www.theartstory.org\/artist\/toulouse-lautrec-henri\/\" target=\"_blank\" rel=\"noopener noreferrer\">The Art Story<\/a><span class=\"text-token-text-secondary\">)<\/span><\/span>\u200b.<\/p>\n<p>Mimo kr\u00f3tkiego \u017cycia Toulouse-Lautrec pozostawi\u0142 po sobie ogromny dorobek artystyczny, obejmuj\u0105cy ponad 5000 rysunk\u00f3w, 370 litografii i oko\u0142o 1000 obraz\u00f3w. Jego prace s\u0105 obecnie cenione na ca\u0142ym \u015bwiecie i stanowi\u0105 wa\u017cny element kolekcji muze\u00f3w, takich jak Muzeum Sztuki Nowoczesnej (MoMA) w Nowym Jorku oraz Metropolitan Museum of Art\u200b<span class=\"\" data-state=\"closed\"><span class=\"text-token-text-secondary\"> (<\/span><a class=\"text-green-600 !no-underline\" href=\"https:\/\/www.britannica.com\/biography\/Henri-de-Toulouse-Lautrec\" target=\"_blank\" rel=\"noopener noreferrer\">Encyclopedia Britannica<\/a><span class=\"text-token-text-secondary\">)<\/span><\/span>\u200b\u200b<span class=\"\" data-state=\"closed\"><span class=\"text-token-text-secondary\"> (<\/span><a class=\"text-green-600 !no-underline\" href=\"https:\/\/www.moma.org\/artists\/5910\" target=\"_blank\" rel=\"noopener noreferrer\">The Museum of Modern Art<\/a><span class=\"text-token-text-secondary\">)<\/span><\/span>\u200b.<\/p>\n<p>Henri de Toulouse-Lautrec zmar\u0142 w wieku 36 lat z powodu komplikacji zdrowotnych zwi\u0105zanych z alkoholizmem i chorob\u0105 ko\u015bci, ale jego dziedzictwo artystyczne \u017cyje dalej, inspiruj\u0105c kolejne pokolenia artyst\u00f3w i mi\u0142o\u015bnik\u00f3w sztuki.<\/p>\n","protected":false},"excerpt":{"rendered":"<p>Litografia barwna na grubym papierze w czarnej oprawie za szk\u0142em.<br \/>\nWymiary: 47 x 60 cm, 58 x 78 cm (z opraw\u0105)<br \/>\nL.d.: Sucha piecz\u0119\u0107 wydawcy i nr: 257\/275<br \/>\nP.d.: Stempel muzeum: T.Lautrec<\/p>\n","protected":false},"featured_media":6576,"template":"","meta":{"_monsterinsights_skip_tracking":false,"_monsterinsights_sitenote_active":false,"_monsterinsights_sitenote_note":"","_monsterinsights_sitenote_category":0,"_themeisle_gutenberg_block_has_review":false},"product_cat":[41],"product_tag":[301],"class_list":["post-6574","product","type-product","status-publish","has-post-thumbnail","hentry","product_cat-grafiki","product_tag-lautrec-henri-toulouse","product_shipping_class-rodzaj-wysylki-3"],"aioseo_notices":[],"_links":{"self":[{"href":"https:\/\/kwintesencja.art\/pl\/wp-json\/wp\/v2\/product\/6574","targetHints":{"allow":["GET"]}}],"collection":[{"href":"https:\/\/kwintesencja.art\/pl\/wp-json\/wp\/v2\/product"}],"about":[{"href":"https:\/\/kwintesencja.art\/pl\/wp-json\/wp\/v2\/types\/product"}],"wp:featuredmedia":[{"embeddable":true,"href":"https:\/\/kwintesencja.art\/pl\/wp-json\/wp\/v2\/media\/6576"}],"wp:attachment":[{"href":"https:\/\/kwintesencja.art\/pl\/wp-json\/wp\/v2\/media?parent=6574"}],"wp:term":[{"taxonomy":"product_cat","embeddable":true,"href":"https:\/\/kwintesencja.art\/pl\/wp-json\/wp\/v2\/product_cat?post=6574"},{"taxonomy":"product_tag","embeddable":true,"href":"https:\/\/kwintesencja.art\/pl\/wp-json\/wp\/v2\/product_tag?post=6574"}],"curies":[{"name":"wp","href":"https:\/\/api.w.org\/{rel}","templated":true}]}}