{"id":6527,"date":"2024-05-22T20:32:59","date_gmt":"2024-05-22T18:32:59","guid":{"rendered":"https:\/\/kwintesencja.art\/?post_type=product&#038;p=6527"},"modified":"2024-05-27T13:15:36","modified_gmt":"2024-05-27T11:15:36","slug":"akt-rudowlosej","status":"publish","type":"product","link":"https:\/\/kwintesencja.art\/pl\/product\/akt-rudowlosej\/","title":{"rendered":"Akt rudow\u0142osej"},"content":{"rendered":"<p>Germaine Dawis (ur. 1857, zm. 1927) by\u0142a znan\u0105 francusk\u0105 malark\u0105, kt\u00f3ra wywar\u0142a istotny wp\u0142yw na sztuk\u0119 ko\u0144ca XIX i pocz\u0105tku XX wieku. Urodzona jako Eug\u00e9nie-Marie Gadiffet-Caillard w Pary\u017cu, przyj\u0119\u0142a pseudonim Germaine Dawis, aby odda\u0107 ho\u0142d swojej matce.<br \/>\nDawis studiowa\u0142a w presti\u017cowej \u00c9cole des Beaux-Arts w Pary\u017cu, gdzie jej nauczycielami byli wybitni arty\u015bci, tacy jak <strong>Jean-L\u00e9on G\u00e9r\u00f4me<\/strong> i <strong>Jules Lefebvre<\/strong>. Pod ich kierunkiem rozwija\u0142a swoje umiej\u0119tno\u015bci w malarstwie figuratywnym, co p\u00f3\u017aniej sta\u0142o si\u0119 fundamentem jej kariery.<br \/>\nGermaine Dawis zacz\u0119\u0142a wystawia\u0107 swoje prace na Salonie Paryskim w latach 80. XIX wieku. By\u0142a blisko zwi\u0105zana z kr\u0119giem artyst\u00f3w impresjonistycznych, ale jej styl ewoluowa\u0142 w kierunku bardziej realistycznego przedstawiania scen z \u017cycia codziennego i natury.<br \/>\nW 1892 roku, jej prace zosta\u0142y wystawione obok dzie\u0142 <strong>Jeana-Jacquesa Hennera<\/strong>, jednego z najwa\u017cniejszych malarzy francuskich tamtej epoki, w Petit Palais w Pary\u017cu. Henner, znany ze swoich portret\u00f3w i akt\u00f3w, mia\u0142 znacz\u0105cy wp\u0142yw na Dawis, co wida\u0107 w jej umiej\u0119tno\u015bci oddawania subtelno\u015bci ludzkiego cia\u0142a i gry \u015bwiat\u0142a na sk\u00f3rze.<br \/>\nStyl Dawis cechowa\u0142 si\u0119 delikatnym u\u017cyciem \u015bwiat\u0142a i koloru, co nadawa\u0142o jej obrazom g\u0142\u0119bi\u0119 i wyrazisto\u015b\u0107. Specjalizowa\u0142a si\u0119 w portretach oraz scenach rodzajowych, cz\u0119sto przedstawiaj\u0105cych kobiety w r\u00f3\u017cnych kontekstach \u2013 od intymnych chwil domowych po sceny na tle natury. Jej prace by\u0142y chwalone za subtelno\u015b\u0107 i emocjonaln\u0105 g\u0142\u0119bi\u0119.<br \/>\nDawis zdoby\u0142a uznanie zar\u00f3wno we Francji, jak i za granic\u0105. Jej prace by\u0142y regularnie wystawiane w presti\u017cowych galeriach, a ona sama zyska\u0142a reputacj\u0119 jednej z wiod\u0105cych malarek swojej epoki. Po \u015bmierci w 1927 roku, jej dzie\u0142a by\u0142y kontynuowane w wystawach retrospektywnych, kt\u00f3re przyczyni\u0142y si\u0119 do utrwalenia jej pozycji w historii sztuki.<br \/>\nGermaine Dawis pozostawi\u0142a po sobie bogaty dorobek artystyczny, kt\u00f3ry do dzi\u015b inspiruje i zachwyca mi\u0142o\u015bnik\u00f3w sztuki. Jej obrazy, cho\u0107 g\u0142\u0119boko zakorzenione w realiach jej czas\u00f3w, nios\u0105 uniwersalne przes\u0142anie pi\u0119kna i subtelno\u015bci ludzkiego do\u015bwiadczenia\u200b<span class=\"\" data-state=\"closed\"><span class=\"text-token-text-secondary\"> (<\/span><a class=\"text-green-600 !no-underline\" href=\"https:\/\/www.fine-art-images.net\/en\/showIMG_70563.html\" target=\"_blank\" rel=\"noopener noreferrer\">Fine Art Images<\/a><span class=\"text-token-text-secondary\">)<\/span><\/span>\u200b\u200b<span class=\"\" data-state=\"closed\"><span class=\"text-token-text-secondary\"> (<\/span><a class=\"text-green-600 !no-underline\" href=\"https:\/\/en.akoun.com\/ARTIST\/dawis_germaine\" target=\"_blank\" rel=\"noopener noreferrer\">Akoun<\/a><span class=\"text-token-text-secondary\">)<\/span><\/span>\u200b\u200b<span class=\"\" data-state=\"closed\"><span class=\"text-token-text-secondary\"> (<\/span><a class=\"text-green-600 !no-underline\" href=\"https:\/\/www.rossini.fr\/lot\/81369\/6975286\" target=\"_blank\" rel=\"noopener noreferrer\">Rossini<\/a><span class=\"text-token-text-secondary\">)<\/span><\/span>\u200b.<\/p>\n","protected":false},"excerpt":{"rendered":"<p>Technika: olej na p\u0142\u00f3tnie<br \/>\nWymiary: <span class=\"HwtZe\" lang=\"pl\"><span class=\"jCAhz ChMk0b\"><span class=\"ryNqvb\">40 x 23 cm, 57 x 40 cm (z ram\u0105)<br \/>\nSygnatura: l.d.: G.Dawis,<br \/>\nponi\u017cej data: 13 9 82 (przypuszczalnie: 1882)<\/span><\/span><\/span><br \/>\nPraca oprawiona w stylow\u0105 ram\u0119.<br \/>\nNa odwrocie <span class=\"HwtZe\" lang=\"pl\"><span class=\"jCAhz ChMk0b\"><span class=\"ryNqvb\">piecz\u0105tka \u201eMoirinat Paris\u201d,<br \/>\nFaubourg Saint Honor\u00e9.<\/span><\/span><br \/>\n<span class=\"jCAhz ChMk0b\"><span class=\"ryNqvb\">Handel dzie\u0142ami sztuki w Pary\u017cu 1864-1905.<br \/>\nStan zachowania: bardzo dobry<br \/>\nOstatnie zdj\u0119cie: portret artystki<\/span><\/span><\/span><\/p>\n","protected":false},"featured_media":6529,"template":"","meta":{"_monsterinsights_skip_tracking":false,"_monsterinsights_sitenote_active":false,"_monsterinsights_sitenote_note":"","_monsterinsights_sitenote_category":0,"_themeisle_gutenberg_block_has_review":false},"product_cat":[39],"product_tag":[295,300,281],"class_list":["post-6527","product","type-product","status-publish","has-post-thumbnail","hentry","product_cat-obrazy","product_tag-artysta-mniej-znany","product_tag-germaine-dawis","product_tag-henner-jean-jacques","product_shipping_class-rodzaj-wysylki-3"],"aioseo_notices":[],"_links":{"self":[{"href":"https:\/\/kwintesencja.art\/pl\/wp-json\/wp\/v2\/product\/6527","targetHints":{"allow":["GET"]}}],"collection":[{"href":"https:\/\/kwintesencja.art\/pl\/wp-json\/wp\/v2\/product"}],"about":[{"href":"https:\/\/kwintesencja.art\/pl\/wp-json\/wp\/v2\/types\/product"}],"wp:featuredmedia":[{"embeddable":true,"href":"https:\/\/kwintesencja.art\/pl\/wp-json\/wp\/v2\/media\/6529"}],"wp:attachment":[{"href":"https:\/\/kwintesencja.art\/pl\/wp-json\/wp\/v2\/media?parent=6527"}],"wp:term":[{"taxonomy":"product_cat","embeddable":true,"href":"https:\/\/kwintesencja.art\/pl\/wp-json\/wp\/v2\/product_cat?post=6527"},{"taxonomy":"product_tag","embeddable":true,"href":"https:\/\/kwintesencja.art\/pl\/wp-json\/wp\/v2\/product_tag?post=6527"}],"curies":[{"name":"wp","href":"https:\/\/api.w.org\/{rel}","templated":true}]}}