{"id":6523,"date":"2024-05-22T00:10:57","date_gmt":"2024-05-21T22:10:57","guid":{"rendered":"https:\/\/kwintesencja.art\/?post_type=product&#038;p=6523"},"modified":"2025-03-04T18:52:49","modified_gmt":"2025-03-04T17:52:49","slug":"the-walking-man","status":"publish","type":"product","link":"https:\/\/kwintesencja.art\/pl\/product\/the-walking-man\/","title":{"rendered":"The walking man"},"content":{"rendered":"<p id=\"lotname\" class=\"lotname\">Stanis\u0142aw Eleszkiewicz (1900-1963), Malarz, rysownik, projektant mozaik i witra\u017cy. Od roku 1914 uczy\u0142 si\u0119 w Szkole Sztuk Pi\u0119knych w Mirgorodzie. W 1918 roku wst\u0105pi\u0142 do wojska, a ci\u0119\u017cko ranny przez p\u00f3\u0142 roku przebywa\u0142 w szpitalu. W latach 1919-1921 studiowa\u0142 w Szkole Sztuk Pi\u0119knych w Atenach. Nast\u0119pnie przez kr\u00f3tki czas przebywa\u0142 w Neapolu i Rzymie. W roku 1923 zamieszka\u0142 na sta\u0142e w Pary\u017cu, gdzie aktywnie uczestniczy\u0142 w \u017cyciu artystycznym miasta. Obraca\u0142 si\u0119 w kr\u0119gach bohemy tej metropolii nad Sekwan\u0105 i sta\u0142 si\u0119 jednym z ciekawszych reprezentant\u00f3w mi\u0119dzynarodowego kr\u0119gu \u00c9cole de Paris. Malowa\u0142 portrety, sceny rodzajowe i kompozycje symboliczne. Ceramik\u0105 zainteresowa\u0142 si\u0119 ju\u017c podczas pobytu w Italii. Wiadomo, \u017ce ju\u017c w latach 20. wsp\u00f3\u0142pracowa\u0142 z parysk\u0105 pracowni\u0105 mozaikarsk\u0105 Gentil et Bourdet. Nast\u0119pnie dzia\u0142a\u0142 tak\u017ce w warsztacie witra\u017cowniczym Jeana Gaudina. R\u00f3wnocze\u015bnie zajmowa\u0142 si\u0119 malarstwem sztalugowym, wystawiaj\u0105c z powodzeniem swoje prace w galeriach. Podejmowa\u0142 g\u0142\u00f3wnie tematyk\u0119 spo\u0142eczn\u0105, ukazuj\u0105c \u017cycie ni\u017cszych, cz\u0119sto wykluczonych warstw spo\u0142ecznych. Przedstawia\u0142 sceny z podejrzanych knajp, problem bezdomno\u015bci, prostytucj\u0119, bied\u0119. Sam dobrze zna\u0142 ubogie \u017cycie pe\u0142ne trosk. Eleszkiewicz wypracowa\u0142 sw\u00f3j w\u0142asny, indywidualny styl, w kt\u00f3rym znakomicie uwidoczni\u0142 si\u0119 zmys\u0142 tw\u00f3rcy witra\u017cy i mozaik. Artysta operowa\u0142 mocnym, czarnym konturem i stosunkowo p\u0142ask\u0105 plam\u0105 barwn\u0105. Intensywna, nienaturalna kolorystyka zbli\u017ca\u0142a go do ekspresjonist\u00f3w, a cz\u0119sto wykorzystywane fantastyczne motywy, do malarstwa surrealist\u00f3w. (\u017ar\u00f3d\u0142o: Desa Unicum)<\/p>\n","protected":false},"excerpt":{"rendered":"<p>Technika: Olej, tektura<br \/>\nWymiary: w \u015b.p-p: 33 x 28, 48,5 x 43,5 cm (z ram\u0105)<br \/>\nSygnatura: l.d.: S.Eleszkiwicz<br \/>\nPraca oprawiona w stylow\u0105 now\u0105 ram\u0119, praca za szk\u0142em antyrefleksyjnym<\/p>\n","protected":false},"featured_media":6524,"template":"","meta":{"_monsterinsights_skip_tracking":false,"_monsterinsights_sitenote_active":false,"_monsterinsights_sitenote_note":"","_monsterinsights_sitenote_category":0,"_themeisle_gutenberg_block_has_review":false},"product_cat":[39],"product_tag":[295,299],"class_list":["post-6523","product","type-product","status-publish","has-post-thumbnail","hentry","product_cat-obrazy","product_tag-artysta-mniej-znany","product_tag-eleszkiewicz","product_shipping_class-rodzaj-wysylki-3"],"aioseo_notices":[],"_links":{"self":[{"href":"https:\/\/kwintesencja.art\/pl\/wp-json\/wp\/v2\/product\/6523","targetHints":{"allow":["GET"]}}],"collection":[{"href":"https:\/\/kwintesencja.art\/pl\/wp-json\/wp\/v2\/product"}],"about":[{"href":"https:\/\/kwintesencja.art\/pl\/wp-json\/wp\/v2\/types\/product"}],"wp:featuredmedia":[{"embeddable":true,"href":"https:\/\/kwintesencja.art\/pl\/wp-json\/wp\/v2\/media\/6524"}],"wp:attachment":[{"href":"https:\/\/kwintesencja.art\/pl\/wp-json\/wp\/v2\/media?parent=6523"}],"wp:term":[{"taxonomy":"product_cat","embeddable":true,"href":"https:\/\/kwintesencja.art\/pl\/wp-json\/wp\/v2\/product_cat?post=6523"},{"taxonomy":"product_tag","embeddable":true,"href":"https:\/\/kwintesencja.art\/pl\/wp-json\/wp\/v2\/product_tag?post=6523"}],"curies":[{"name":"wp","href":"https:\/\/api.w.org\/{rel}","templated":true}]}}