{"id":6413,"date":"2024-05-14T22:58:23","date_gmt":"2024-05-14T20:58:23","guid":{"rendered":"https:\/\/kwintesencja.art\/?post_type=product&#038;p=6413"},"modified":"2026-01-29T22:08:59","modified_gmt":"2026-01-29T21:08:59","slug":"sen","status":"publish","type":"product","link":"https:\/\/kwintesencja.art\/pl\/product\/sen\/","title":{"rendered":"Sen"},"content":{"rendered":"<p>Tsuguharu Foujita (1886 Tokio \u2013 1968 Zurych) \u2013 japo\u0144ski malarz, grafik i rysownik.<br \/>\nPo studiach odbytych w Wy\u017cszej Szkole Sztuk Pi\u0119knych w 1913 roku przyjecha\u0142 do Pary\u017ca. Nale\u017ca\u0142 do bohemy artystycznej Montparnasse&#8217;u. Utrzymywa\u0142 przyjazne stosunki z wieloma malarzami: Kislingiem, Modiglianim, Soutine\u2019em i innymi.<br \/>\nWi\u0119cej o arty\u015bcie czytaj na <a href=\"https:\/\/kwintesencja.art\/2023\/12\/26\/kobiety-i-koty\/\">BLOGU O SZTUCE<\/a><\/p>\n","protected":false},"excerpt":{"rendered":"<p><span class=\"HwtZe\" lang=\"pl\"><span class=\"jCAhz ChMk0b\"><span class=\"ryNqvb\">Litografia na papierze, odr\u0119cznie sygnowany przez\u00a0Foujit\u0119.<br \/>\nSygnatura, o\u0142\u00f3wkiem p.d.: \u201eFoujita\u201d<br \/>\nWymiary: 53 x 69 cm, 73 x 89 cm (z ram\u0105)<br \/>\nPraca oprawiona, za szk\u0142em antyrefleksyjnym.<\/span><\/span><\/span><\/p>\n<p>&nbsp;<\/p>\n","protected":false},"featured_media":6490,"template":"","meta":{"_monsterinsights_skip_tracking":false,"_monsterinsights_sitenote_active":false,"_monsterinsights_sitenote_note":"","_monsterinsights_sitenote_category":0,"_themeisle_gutenberg_block_has_review":false},"product_cat":[41],"product_tag":[258],"class_list":["post-6413","product","type-product","status-publish","has-post-thumbnail","hentry","product_cat-grafiki","product_tag-foujita-tsuguharu","product_shipping_class-rodzaj-wysylki-3"],"aioseo_notices":[],"_links":{"self":[{"href":"https:\/\/kwintesencja.art\/pl\/wp-json\/wp\/v2\/product\/6413","targetHints":{"allow":["GET"]}}],"collection":[{"href":"https:\/\/kwintesencja.art\/pl\/wp-json\/wp\/v2\/product"}],"about":[{"href":"https:\/\/kwintesencja.art\/pl\/wp-json\/wp\/v2\/types\/product"}],"wp:featuredmedia":[{"embeddable":true,"href":"https:\/\/kwintesencja.art\/pl\/wp-json\/wp\/v2\/media\/6490"}],"wp:attachment":[{"href":"https:\/\/kwintesencja.art\/pl\/wp-json\/wp\/v2\/media?parent=6413"}],"wp:term":[{"taxonomy":"product_cat","embeddable":true,"href":"https:\/\/kwintesencja.art\/pl\/wp-json\/wp\/v2\/product_cat?post=6413"},{"taxonomy":"product_tag","embeddable":true,"href":"https:\/\/kwintesencja.art\/pl\/wp-json\/wp\/v2\/product_tag?post=6413"}],"curies":[{"name":"wp","href":"https:\/\/api.w.org\/{rel}","templated":true}]}}