{"id":6412,"date":"2024-05-14T22:50:03","date_gmt":"2024-05-14T20:50:03","guid":{"rendered":"https:\/\/kwintesencja.art\/?post_type=product&#038;p=6412"},"modified":"2024-08-25T22:14:10","modified_gmt":"2024-08-25T20:14:10","slug":"portret-gabrielle-z-roza-we-wlosach-1911","status":"publish","type":"product","link":"https:\/\/kwintesencja.art\/pl\/product\/portret-gabrielle-z-roza-we-wlosach-1911\/","title":{"rendered":"Portret Gabrielle z r\u00f3\u017c\u0105 we w\u0142osach, 1911"},"content":{"rendered":"<p>Pierre-Auguste Renoir (1841-1919) by\u0142 jednym z najbardziej znacz\u0105cych francuskich malarzy, zwi\u0105zanym z ruchem impresjonistycznym. Urodzi\u0142 si\u0119 w Limoges, ale wi\u0119kszo\u015b\u0107 swojego \u017cycia sp\u0119dzi\u0142 w Pary\u017cu, gdzie pocz\u0105tkowo studiowa\u0142 malarstwo w pracowni Charlesa Gleyre&#8217;a, gdzie spotka\u0142 innych przysz\u0142ych impresjonist\u00f3w, takich jak Claude Monet i Alfred Sisley. S\u0142aw\u0119 zdoby\u0142 dzi\u0119ki swojemu unikalnemu podej\u015bciu do \u015bwiat\u0142a i koloru, a jego prace cz\u0119sto koncentrowa\u0142y si\u0119 na intymnych, pe\u0142nych \u017cycia scenach z \u017cycia codziennego.<\/p>\n<p>Renoir by\u0142 znany z umiej\u0119tno\u015bci uchwycenia mi\u0119kkiego \u015bwiat\u0142a i jasno\u015bci barw, a jego portrety i pejza\u017ce emanuj\u0105 ciep\u0142em i optymizmem. W latach 80. XIX wieku zacz\u0105\u0142 oddala\u0107 si\u0119 od typowych technik impresjonistycznych, kieruj\u0105c si\u0119 ku bardziej tradycyjnej i strukturalnej formie malarstwa, co by\u0142o widoczne w jego p\u00f3\u017aniejszych dzie\u0142ach, takich jak &#8220;Bal w Moulin de la Galette&#8221; czy &#8220;\u0141\u00f3dki na jeziorze&#8221;.<\/p>\n<p>Jego prace s\u0105 eksponowane w najwi\u0119kszych muzeach na \u015bwiecie i wci\u0105\u017c przyci\u0105gaj\u0105 mi\u0142o\u015bnik\u00f3w sztuki swoim ciep\u0142em i wra\u017cliwo\u015bci\u0105. Renoir pozostaje jednym z najbardziej cenionych artyst\u00f3w impresjonistycznych, kt\u00f3rego tw\u00f3rczo\u015b\u0107 nadal inspiruje i zachwyca kolejne pokolenia.<\/p>\n","protected":false},"excerpt":{"rendered":"<div class=\"flex flex-grow flex-col max-w-full\">\n<div class=\"min-h-[20px] text-message flex flex-col items-start whitespace-pre-wrap break-words [.text-message+&amp;]:mt-5 juice:w-full juice:items-end overflow-x-auto gap-2\" dir=\"auto\" data-message-author-role=\"assistant\" data-message-id=\"4f01ddfb-bc41-4d8b-a649-bbda03a63826\">\n<div class=\"flex w-full flex-col gap-1 juice:first:pt-[3px]\">\n<div class=\"markdown prose w-full break-words dark:prose-invert dark\">\n<p><span class=\"HwtZe\" lang=\"pl\"><span class=\"jCAhz ChMk0b\"><span class=\"ryNqvb\">Oryginalna litografia barwna na welinie d&#8217;Arches.<br \/>\n<\/span><\/span><\/span><span class=\"HwtZe\" lang=\"pl\"><span class=\"jCAhz ChMk0b\"><span class=\"ryNqvb\">Wymiary: 48 x 40 cm, 59,5 x 47,5 cm (arkusz)<\/span><\/span><\/span><span class=\"HwtZe\" lang=\"pl\"><span class=\"jCAhz ChMk0b\"><span class=\"ryNqvb\"><br \/>\nSygnatura: p.d. &#8220;Renoir&#8217; (faksymile), odr\u0119czny napis \u201eEpreuve d\u201d &#8216;artiste&#8217;, ze stemplem studyjnym.<br \/>\nWydawnictwo: Atelier Cagnes \u00e0 M. Renoir, Rok druku: nieznany,<br \/>\n<\/span><\/span><\/span><span class=\"HwtZe\" lang=\"pl\"><span class=\"jCAhz ChMk0b\"><span class=\"ryNqvb\">Stan: dobry, wyblakni\u0119cia na marginesach z up\u0142ywu czasu, g\u00f3rna kraw\u0119d\u017a naddarta (foto)<\/span><\/span><\/span><\/p>\n<\/div>\n<\/div>\n<\/div>\n<\/div>\n","protected":false},"featured_media":6406,"template":"","meta":{"_monsterinsights_skip_tracking":false,"_monsterinsights_sitenote_active":false,"_monsterinsights_sitenote_note":"","_monsterinsights_sitenote_category":0,"_themeisle_gutenberg_block_has_review":false},"product_cat":[41],"product_tag":[291],"class_list":["post-6412","product","type-product","status-publish","has-post-thumbnail","hentry","product_cat-grafiki","product_tag-renoir-pierre-auguste","product_shipping_class-rodzaj-wysylki-2"],"aioseo_notices":[],"_links":{"self":[{"href":"https:\/\/kwintesencja.art\/pl\/wp-json\/wp\/v2\/product\/6412","targetHints":{"allow":["GET"]}}],"collection":[{"href":"https:\/\/kwintesencja.art\/pl\/wp-json\/wp\/v2\/product"}],"about":[{"href":"https:\/\/kwintesencja.art\/pl\/wp-json\/wp\/v2\/types\/product"}],"wp:featuredmedia":[{"embeddable":true,"href":"https:\/\/kwintesencja.art\/pl\/wp-json\/wp\/v2\/media\/6406"}],"wp:attachment":[{"href":"https:\/\/kwintesencja.art\/pl\/wp-json\/wp\/v2\/media?parent=6412"}],"wp:term":[{"taxonomy":"product_cat","embeddable":true,"href":"https:\/\/kwintesencja.art\/pl\/wp-json\/wp\/v2\/product_cat?post=6412"},{"taxonomy":"product_tag","embeddable":true,"href":"https:\/\/kwintesencja.art\/pl\/wp-json\/wp\/v2\/product_tag?post=6412"}],"curies":[{"name":"wp","href":"https:\/\/api.w.org\/{rel}","templated":true}]}}