{"id":6398,"date":"2024-05-14T22:17:05","date_gmt":"2024-05-14T20:17:05","guid":{"rendered":"https:\/\/kwintesencja.art\/?post_type=product&#038;p=6398"},"modified":"2025-07-28T12:36:51","modified_gmt":"2025-07-28T10:36:51","slug":"studium-portretu-1956","status":"publish","type":"product","link":"https:\/\/kwintesencja.art\/pl\/product\/studium-portretu-1956\/","title":{"rendered":"Studium portretu"},"content":{"rendered":"<p>Boles\u0142aw Jan Czedekowski (1885-1969). Malarz stosunkowo ma\u0142o znany w Polsce, poniewa\u017c wi\u0119kszo\u015b\u0107 \u017cycia sp\u0119dzi\u0142 za granic\u0105: w Austrii, Francji i Stanach Zjednoczonych. Najd\u0142u\u017cej przebywa\u0142 w Polsce w okresie dwudziestolecia mi\u0119dzywojennego. Studia artystyczne odby\u0142 w Akademii Sztuk Pi\u0119knych w Wiedniu. Po uko\u0144czeniu uczelni nadal pobiera\u0142 nauki u znanego polskiego malarza Kazimierza Pochwalskiego. Ju\u017c w\u00f3wczas mi\u0142a opini\u0119 wybitnego portrecisty. Wykonywa\u0142 wizerunki elity spo\u0142ecznej &#8211; arystokracji oraz znanych osobisto\u015bci z kr\u0119g\u00f3w polityki i Ko\u015bcio\u0142a, np. prezydenta Ignacego Mo\u015bcickiego, kardyna\u0142a Adama Sapiehy, Sergiusza Prokofiewa, Ralfa Modjewskiego, utalentowanego architekta, syna Heleny Modrzejewskiej. Da\u0142 si\u0119 te\u017c pozna\u0107 jako niezr\u00f3wnany malarz kobiecych akt\u00f3w. M\u00f3wi si\u0119, \u017ce \u0142\u0105cznie Czedekowski namalowa\u0142 blisko tysi\u0105c dwie\u015bcie portret\u00f3w. Wi\u0119kszo\u015b\u0107 tych Obraz\u00f3w znajduje si\u0119 w Pary\u017cu, Wiedniu, Ameryce w posiadaniu os\u00f3b prywatnych i trudno do nich dotrze\u0107, tym bardziej \u017ce Czedekowski nie prowadzi\u0142 ewidencji swych dzie\u0142.<br \/>\nNiew\u0105tpliwie na dojrza\u0142y styl artystyczny Boles\u0142awa Jana Czedekowskiego mia\u0142y inspiracje sztuk\u0105 w\u0142oskiego renesansu, XVII-wieczne malarstwo holenderskie oraz XVIII-wieczna tw\u00f3rczo\u015b\u0107 francuska.<br \/>\nZa swoje prace otrzymywa\u0142 liczne nagrody na wystawach konkursowych, uhonorowany zosta\u0142 ronie\u017c odznaczeniem francuskiej Legii Honorowej (1934), medalem Cracovia totius Poloniae urbs celeberrima (1964) oraz orderem Odrodzenia Polski (1965).<br \/>\nNajwi\u0119ksza kolekcja dzie\u0142 artysty znajduje si\u0119 obecnie w kolekcji muzealnej Zamku w \u0141a\u0144cucie. Jego prace s\u0105 r\u00f3wnie\u017c cz\u0119\u015bci\u0105 kolekcji m.in. Muzeum Narodowego w Warszawie<\/p>\n","protected":false},"excerpt":{"rendered":"<p>Olej na desce, 1966, sygnowany i datowany w prawym dolnym rogu, oprawiony w z\u0142ocon\u0105 ram\u0119.<br \/>\nRok: 1956<br \/>\nWymiary: 60 x 50 cm, 72 x 61,5 cm (z ram\u0105)<br \/>\nStan dobry: Nieznaczne zadrapania i przetarcia przy dolnej kraw\u0119dzi i po prawej stronie<br \/>\nWi\u0119cej o arty\u015bcie i obrazie <a href=\"https:\/\/kwintesencja.art\/2023\/12\/17\/alegoria-historia-pewnego-obrazu\/\">TUTAJ<\/a><\/p>\n","protected":false},"featured_media":6400,"template":"","meta":{"_monsterinsights_skip_tracking":false,"_monsterinsights_sitenote_active":false,"_monsterinsights_sitenote_note":"","_monsterinsights_sitenote_category":0,"_themeisle_gutenberg_block_has_review":false},"product_cat":[39],"product_tag":[249],"class_list":["post-6398","product","type-product","status-publish","has-post-thumbnail","hentry","product_cat-obrazy","product_tag-czedekowski-boleslaw-jan","product_shipping_class-rodzaj-wysylki-3"],"aioseo_notices":[],"_links":{"self":[{"href":"https:\/\/kwintesencja.art\/pl\/wp-json\/wp\/v2\/product\/6398","targetHints":{"allow":["GET"]}}],"collection":[{"href":"https:\/\/kwintesencja.art\/pl\/wp-json\/wp\/v2\/product"}],"about":[{"href":"https:\/\/kwintesencja.art\/pl\/wp-json\/wp\/v2\/types\/product"}],"wp:featuredmedia":[{"embeddable":true,"href":"https:\/\/kwintesencja.art\/pl\/wp-json\/wp\/v2\/media\/6400"}],"wp:attachment":[{"href":"https:\/\/kwintesencja.art\/pl\/wp-json\/wp\/v2\/media?parent=6398"}],"wp:term":[{"taxonomy":"product_cat","embeddable":true,"href":"https:\/\/kwintesencja.art\/pl\/wp-json\/wp\/v2\/product_cat?post=6398"},{"taxonomy":"product_tag","embeddable":true,"href":"https:\/\/kwintesencja.art\/pl\/wp-json\/wp\/v2\/product_tag?post=6398"}],"curies":[{"name":"wp","href":"https:\/\/api.w.org\/{rel}","templated":true}]}}