{"id":6185,"date":"2024-04-14T20:09:41","date_gmt":"2024-04-14T18:09:41","guid":{"rendered":"https:\/\/kwintesencja.art\/?post_type=product&#038;p=6185"},"modified":"2025-12-20T01:09:38","modified_gmt":"2025-12-20T00:09:38","slug":"widok-z-sanatorium-na-zakopane","status":"publish","type":"product","link":"https:\/\/kwintesencja.art\/pl\/product\/widok-z-sanatorium-na-zakopane\/","title":{"rendered":"Widok z sanatorium na Zakopane"},"content":{"rendered":"<p><span lang=\"pl-PL\">Mieczys\u0142aw Wejman (1912-1997) \u2013 polski grafik i malarz. Profesor, rektor Akademii Sztuk Pi\u0119knych w Krakowie, wsp\u00f3\u0142tw\u00f3rca Mi\u0119dzynarodowego Triennale (\u00f3wcze\u015bnie Biennale) Grafiki. Mieczys\u0142aw Wejman studiowa\u0142 w ASP w Krakowie (do 1937), nast\u0119pnie w ASP w Warszawie (1937-1939, dyplom 1946). Pracowa\u0142 jako pedagog w Pa\u0144stwowej Wy\u017cszej Szkole Sztuk Plastycznych w Krakowie (od 1946, dyrektor 1948-1949, rektor 1949-1950). Nast\u0119pnie by\u0142 profesorem ASP w Krakowie (1951-1972). Dwukrotnie pe\u0142ni\u0142 funkcj\u0119 rektora tej uczelni (1952-1954 i 1967-1972). Kierowa\u0142 Katedr\u0105 Grafiki Artystycznej (1956-1982), by\u0142 te\u017c dziekanem Wydzia\u0142u Grafiki (1964-1967). Uwa\u017cany jest za inicjatora nurtu grafiki metaforycznej, wyr\u00f3\u017cniaj\u0105cego &#8220;krakowsk\u0105 szko\u0142\u0119 grafiki. W 1982 przeszed\u0142 na emerytur\u0119. W latach 1947-1960 nale\u017ca\u0142 do grupy \u201e9 grafik\u00f3w\u201d. By\u0142 przewodnicz\u0105cym Zarz\u0105du G\u0142\u00f3wnego ZPAP (1959-1962) oraz przewodnicz\u0105cym Komitetu Organizacyjnego Mi\u0119dzynarodowego Biennale Grafiki w Krakowie (1966-1971). Znany przede wszystkim jako grafik, zajmowa\u0142 si\u0119 r\u00f3wnie\u017c malarstwem. We wczesnym okresie tworzy\u0142 w technice drzeworytu (cykl \u201eKsi\u0119\u017cyc\u201d, 1946-1948), potem g\u0142\u00f3wnie w technikach metalowych. Najwa\u017cniejszy cykl w jego dorobku, \u201eRowerzysta\u201d (1964-1970) przyni\u00f3s\u0142 mu I nagrod\u0119 na I Mi\u0119dzynarodowym Biennale Grafiki w Krakowie i Nagrod\u0119 Pa\u0144stwow\u0105 I stopnia w 1966. Zdoby\u0142 wiele innych nagr\u00f3d, m. in. I nagrod\u0119 w krajowym konkursie olimpijskim, Warszawa 1956, I nagrody na Og\u00f3lnopolskich Wystawach Grafiki Artystycznej i Rysunku, Warszawa 1956 i 1959, II nagrod\u0119 na II Mi\u0119dzynarodowym Biennale \u201eSport w sztuce\u201d, Madryt 1969. W p\u00f3\u017anym okresie tw\u00f3rczo\u015bci tworzy\u0142 rozbudowany cykl malarski \u201ePomnik\u201d (1975-1977), malowa\u0142 te\u017c martwe natury w technice pastelowej (1984). Do uczni\u00f3w Mieczys\u0142awa Wejmana nale\u017c\u0105 m.in. Jacek Gaj, Tadeusz Jackowski, Marta Kremer, Janusz Karwacki, W\u0142odzimierz Kotkowski, Andrzej Pietsch, Zbigniew Rabsztyn, Anna Sobol-Wejman, Jacek Sroka, Stanis\u0142aw Wejman. Przez niekt\u00f3rych uczni\u00f3w okre\u015blany jako jeden z &#8220;ostatnich profesor\u00f3w-bog\u00f3w&#8221; krakowskiej Akademii Sztuk Pi\u0119knych.<br \/>\nW 1969 by\u0142 cz\u0142onkiem Komisji Nagr\u00f3d Ministerstwa Kultury i Sztuki. W latach 1986\u20131989 by\u0142 cz\u0142onkiem Og\u00f3lnopolskiego Komitetu Grunwaldzkiego<\/span><\/p>\n","protected":false},"excerpt":{"rendered":"<p>Mieczys\u0142aw Wejman <span lang=\"pl-PL\">(1912-1997)<br \/>\nWidok z sanatorium na Zakopane<br \/>\nRok: 1954<br \/>\nTechnika: akwarela tusz na papierze<br \/>\nWymiary ok. : 22,5 x 33,5 cm, 36 x 51 cm (z opraw\u0105)<br \/>\nSygnatura: <\/span>oryginalny podpis autora<br \/>\nStan jak na zdj\u0119ciach &#8211; oznaki wieku: przybrudzenia, lekkie pofalowania<br \/>\nPraca oprawiona za szk\u0142em<\/p>\n","protected":false},"featured_media":6187,"template":"","meta":{"_monsterinsights_skip_tracking":false,"_monsterinsights_sitenote_active":false,"_monsterinsights_sitenote_note":"","_monsterinsights_sitenote_category":0,"_themeisle_gutenberg_block_has_review":false},"product_cat":[39],"product_tag":[123,350],"class_list":["post-6185","product","type-product","status-publish","has-post-thumbnail","hentry","product_cat-obrazy","product_tag-wejman-mieczyslaw","product_tag-wyprzedaz","product_shipping_class-rodzaj-wysylki-3"],"aioseo_notices":[],"_links":{"self":[{"href":"https:\/\/kwintesencja.art\/pl\/wp-json\/wp\/v2\/product\/6185","targetHints":{"allow":["GET"]}}],"collection":[{"href":"https:\/\/kwintesencja.art\/pl\/wp-json\/wp\/v2\/product"}],"about":[{"href":"https:\/\/kwintesencja.art\/pl\/wp-json\/wp\/v2\/types\/product"}],"wp:featuredmedia":[{"embeddable":true,"href":"https:\/\/kwintesencja.art\/pl\/wp-json\/wp\/v2\/media\/6187"}],"wp:attachment":[{"href":"https:\/\/kwintesencja.art\/pl\/wp-json\/wp\/v2\/media?parent=6185"}],"wp:term":[{"taxonomy":"product_cat","embeddable":true,"href":"https:\/\/kwintesencja.art\/pl\/wp-json\/wp\/v2\/product_cat?post=6185"},{"taxonomy":"product_tag","embeddable":true,"href":"https:\/\/kwintesencja.art\/pl\/wp-json\/wp\/v2\/product_tag?post=6185"}],"curies":[{"name":"wp","href":"https:\/\/api.w.org\/{rel}","templated":true}]}}