{"id":6154,"date":"2024-04-10T23:37:06","date_gmt":"2024-04-10T21:37:06","guid":{"rendered":"https:\/\/kwintesencja.art\/?post_type=product&#038;p=6154"},"modified":"2024-07-28T22:11:20","modified_gmt":"2024-07-28T20:11:20","slug":"hektor-i-andromacha-ii","status":"publish","type":"product","link":"https:\/\/kwintesencja.art\/pl\/product\/hektor-i-andromacha-ii\/","title":{"rendered":"Hektor i Andromacha II"},"content":{"rendered":"<p>Giorgio De Chirico by\u0142 w\u0142oskim malarzem urodzonym 10 lipca 1888 w Volos w Grecji. De Chirico ju\u017c jako dziecko zainteresowa\u0142 si\u0119 sztuk\u0105 i mitologi\u0105 greck\u0105 i otrzyma\u0142 pe\u0142ne wsparcie ze strony rodzic\u00f3w. Przez dwa lata studiowa\u0142 w Wy\u017cszej Szkole Sztuk Pi\u0119knych w Atenach, po czym przeni\u00f3s\u0142 si\u0119 do Monachium, gdzie rozpocz\u0105\u0142 studia na monachijskiej Akademii Sztuk Pi\u0119knych.<\/p>\n<p>De Chirico rozwin\u0105\u0142 sw\u00f3j styl i zdecydowa\u0142 si\u0119 na tematyk\u0119, na kt\u00f3r\u0105 wp\u0142yn\u0119\u0142y jego podr\u00f3\u017ce i miasta europejskie. S\u0142u\u017cy\u0142 wraz z bratem w armii w\u0142oskiej podczas I wojny \u015bwiatowej i w trakcie s\u0142u\u017cby kontynuowa\u0142 malowanie. Rok 1919 zapocz\u0105tkowa\u0142 dalszy etap siedemdziesi\u0119cioletniej tw\u00f3rczo\u015bci artysty, w<br \/>\nkt\u00f3rym eksperymentowa\u0142 z kilkoma mediami. Giorgio De Chirico zmar\u0142 20 listopada 1978 w Rzymie we W\u0142oszech.<\/p>\n<p>Giorgio De Chirico by\u0142 znany z malowania motyw\u00f3w europejskich miast inspirowanych klasyk\u0105. Giorgio by\u0142 pasjonatem klasyki, kt\u00f3r\u0105 w\u0142\u0105cza\u0142 do swoich dzie\u0142. Zas\u0142yn\u0105\u0142 tak\u017ce z poruszania w swoich obrazach temat\u00f3w stan\u00f3w emocjonalnych, takich jak nostalgia, smutek i b\u00f3l. Niekt\u00f3re z jego prac charakteryzowa\u0142y si\u0119 r\u00f3wnie\u017c dok\u0142adnymi szczeg\u00f3\u0142ami i bogat\u0105 kolorystyk\u0105.<\/p>\n<p>Mitologia grecka i sztuka klasyczna wywar\u0142y pierwszy wp\u0142yw na rozw\u00f3j artystyczny De Chirico. Nast\u0119pnie w Akademii De Chirico studiowa\u0142 dzie\u0142a Maxa Klingera i Arnolda Bocklina. Filozofowie tacy jak Nietzsche i Schopenhauer przez ca\u0142\u0105 jego karier\u0119 wp\u0142ywali na tematy filozoficzne w obrazach Giorgia.<\/p>\n<p>Giorgio De Chirico by\u0142 zwi\u0105zany z ruchem artystycznym surrealizmu. De Chirico wraz z Carlo Carr\u0105 za\u0142o\u017cy\u0142 ruch malarstwa metafizycznego, ale trwa\u0142 on tylko przez kr\u00f3tki czas. Nied\u0142ugo potem w Pary\u017cu zwi\u0105za\u0142 si\u0119 z surrealistami.<\/p>\n","protected":false},"excerpt":{"rendered":"<p>Grafika, edycja limitowana 80 egzemplarzy, na\u00a0papierze bawe\u0142nianym<br \/>\nKa\u017cda grafika jest indywidualnie numerowana.<br \/>\nNapis o\u0142\u00f3wkiem l.d.: 60\/80, p.d.: \u201eG.de Chirico\u201d,<br \/>\npo \u015brodku tytu\u0142: \u201e<span class=\"HwtZe\" lang=\"pl\"><span class=\"jCAhz ChMk0b\"><span class=\"ryNqvb\">Ettoro ed Andromaca<\/span><\/span><\/span>&#8221;<br \/>\nWymiary: 50 cm\u00a0x\u00a070 cm\u00a0(arkusz)<br \/>\nU do\u0142u suche piecz\u0119cie wydawcy.<br \/>\nStan zachowania: bardzo dobry<\/p>\n","protected":false},"featured_media":6156,"template":"","meta":{"_monsterinsights_skip_tracking":false,"_monsterinsights_sitenote_active":false,"_monsterinsights_sitenote_note":"","_monsterinsights_sitenote_category":0,"_themeisle_gutenberg_block_has_review":false},"product_cat":[41],"product_tag":[282],"class_list":["post-6154","product","type-product","status-publish","has-post-thumbnail","hentry","product_cat-grafiki","product_tag-chirico-giorgio","product_shipping_class-rodzaj-wysylki-2"],"aioseo_notices":[],"_links":{"self":[{"href":"https:\/\/kwintesencja.art\/pl\/wp-json\/wp\/v2\/product\/6154","targetHints":{"allow":["GET"]}}],"collection":[{"href":"https:\/\/kwintesencja.art\/pl\/wp-json\/wp\/v2\/product"}],"about":[{"href":"https:\/\/kwintesencja.art\/pl\/wp-json\/wp\/v2\/types\/product"}],"wp:featuredmedia":[{"embeddable":true,"href":"https:\/\/kwintesencja.art\/pl\/wp-json\/wp\/v2\/media\/6156"}],"wp:attachment":[{"href":"https:\/\/kwintesencja.art\/pl\/wp-json\/wp\/v2\/media?parent=6154"}],"wp:term":[{"taxonomy":"product_cat","embeddable":true,"href":"https:\/\/kwintesencja.art\/pl\/wp-json\/wp\/v2\/product_cat?post=6154"},{"taxonomy":"product_tag","embeddable":true,"href":"https:\/\/kwintesencja.art\/pl\/wp-json\/wp\/v2\/product_tag?post=6154"}],"curies":[{"name":"wp","href":"https:\/\/api.w.org\/{rel}","templated":true}]}}