{"id":6090,"date":"2024-04-08T11:21:15","date_gmt":"2024-04-08T09:21:15","guid":{"rendered":"https:\/\/kwintesencja.art\/?post_type=product&#038;p=6090"},"modified":"2024-04-08T11:21:15","modified_gmt":"2024-04-08T09:21:15","slug":"matka-boska-z-dzieciatkiem","status":"publish","type":"product","link":"https:\/\/kwintesencja.art\/pl\/product\/matka-boska-z-dzieciatkiem\/","title":{"rendered":"Matka Boska z Dzieci\u0105tkiem"},"content":{"rendered":"","protected":false},"excerpt":{"rendered":"<p>Szko\u0142a francuska, XXw, Olej na p\u0142ycie,<br \/>\nWymiary: 46x38cm<br \/>\nLewy, dolny r\u00f3g uszkodzony<\/p>\n","protected":false},"featured_media":6091,"template":"","meta":{"_monsterinsights_skip_tracking":false,"_monsterinsights_sitenote_active":false,"_monsterinsights_sitenote_note":"","_monsterinsights_sitenote_category":0,"_themeisle_gutenberg_block_has_review":false},"product_cat":[39],"product_tag":[280],"class_list":["post-6090","product","type-product","status-publish","has-post-thumbnail","hentry","product_cat-obrazy","product_tag-artysta-nierozpoznany","product_shipping_class-rodzaj-wysylki-2"],"aioseo_notices":[],"_links":{"self":[{"href":"https:\/\/kwintesencja.art\/pl\/wp-json\/wp\/v2\/product\/6090","targetHints":{"allow":["GET"]}}],"collection":[{"href":"https:\/\/kwintesencja.art\/pl\/wp-json\/wp\/v2\/product"}],"about":[{"href":"https:\/\/kwintesencja.art\/pl\/wp-json\/wp\/v2\/types\/product"}],"wp:featuredmedia":[{"embeddable":true,"href":"https:\/\/kwintesencja.art\/pl\/wp-json\/wp\/v2\/media\/6091"}],"wp:attachment":[{"href":"https:\/\/kwintesencja.art\/pl\/wp-json\/wp\/v2\/media?parent=6090"}],"wp:term":[{"taxonomy":"product_cat","embeddable":true,"href":"https:\/\/kwintesencja.art\/pl\/wp-json\/wp\/v2\/product_cat?post=6090"},{"taxonomy":"product_tag","embeddable":true,"href":"https:\/\/kwintesencja.art\/pl\/wp-json\/wp\/v2\/product_tag?post=6090"}],"curies":[{"name":"wp","href":"https:\/\/api.w.org\/{rel}","templated":true}]}}