{"id":6058,"date":"2024-03-30T10:22:29","date_gmt":"2024-03-30T09:22:29","guid":{"rendered":"https:\/\/kwintesencja.art\/?post_type=product&#038;p=6058"},"modified":"2024-07-28T21:57:11","modified_gmt":"2024-07-28T19:57:11","slug":"scena-uliczna","status":"publish","type":"product","link":"https:\/\/kwintesencja.art\/pl\/product\/scena-uliczna\/","title":{"rendered":"Scena uliczna"},"content":{"rendered":"<p>Marcel Gromaire (1892\u20131971) by\u0142 malarzem zwi\u0105zanym z socrealizmem i ekspresjonizmem. Urodzony w Noyelles-sur-Sambre Gromaire studiowa\u0142 prawo w Pary\u017cu, gdzie po raz pierwszy zetkn\u0105\u0142 si\u0119 z artystami z Montparnasse. Na pocz\u0105tku Gromaire by\u0142 pod wp\u0142ywem takich malarzy jak Henri Matisse, Paul C\u00e9zanne, a p\u00f3\u017aniej Fernand L\u00e9ger. Gromaire s\u0142u\u017cy\u0142 podczas I wojny \u015bwiatowej, w latach1912-1916. Do\u015bwiadczenia wojenne wywar\u0142y du\u017cy wp\u0142yw na jego rozw\u00f3j artystyczny.<br \/>\nPo powrocie do Pary\u017ca w 1919 roku pocz\u0105tkowo pracowa\u0142 jako krytyk filmowy. Rok p\u00f3\u017aniej Gromaire spotka\u0142 kolekcjonera i mecenasa doktora Girardina, kt\u00f3ry przez kilka nast\u0119pnych dekad wspiera\u0142 jego karier\u0119 artystyczn\u0105. Na jego styl w tym okresie wp\u0142ywa\u0142 niemiecki impresjonizm, kubizm i sztuka flamandzkia. Prace te, w du\u017cej mierze figuratywne i realistyczne, charakteryzowa\u0142y si\u0119 ponurymi tonami i wyrazistymi poci\u0105gni\u0119ciami p\u0119dzla. Cho\u0107 jego g\u0142\u00f3wnym tematem by\u0142a wojna, malowa\u0142 tak\u017ce portrety i akty kobiece.<br \/>\nW 1933 roku artysta mia\u0142 retrospektyw\u0119 w Kunsthalle de Baie. W 1937 roku zosta\u0142 zaproszony do dekoracji pawilonu fabryki porcelany S\u00e8vres na Wystawie \u015awiatowej w Pary\u017cu.<br \/>\nW 1950 Gromaire przeni\u00f3s\u0142 si\u0119 do Stan\u00f3w Zjednoczonych, gdzie otrzyma\u0142 nagrod\u0119 Carnegie. W 1954 roku zosta\u0142 dow\u00f3dc\u0105 Legii Honorowej. Gromaire wyk\u0142ada\u0142 tak\u017ce w \u00c9cole Nationale sup\u00e9rieure des Beaux-Arts i otrzyma\u0142 Grand Prix National des Arts.<br \/>\nDzi\u015b jego prace znajduj\u0105 si\u0119 w presti\u017cowych kolekcjach na ca\u0142ym \u015bwiecie, m.in. w Art Institute of Chicago, The Museum of Modern Art w Nowym Jorku, R\u00e9union des Mus\u00e9es Nationaux we Francji czy Harvard University Art Museum.<\/p>\n","protected":false},"excerpt":{"rendered":"<p>Akwaforta, podpisana i numerowana:<br \/>\nld.: Gromaire, p.d.: 5\/50<br \/>\nWymiary: 18 x 24 cm<strong><br \/>\n<\/strong>Praca oprawiona<strong><br \/>\n<\/strong><\/p>\n","protected":false},"featured_media":6060,"template":"","meta":{"_monsterinsights_skip_tracking":false,"_monsterinsights_sitenote_active":false,"_monsterinsights_sitenote_note":"","_monsterinsights_sitenote_category":0,"_themeisle_gutenberg_block_has_review":false},"product_cat":[41],"product_tag":[276],"class_list":["post-6058","product","type-product","status-publish","has-post-thumbnail","hentry","product_cat-grafiki","product_tag-gromaire-marcel","product_shipping_class-rodzaj-wysylki-3"],"aioseo_notices":[],"_links":{"self":[{"href":"https:\/\/kwintesencja.art\/pl\/wp-json\/wp\/v2\/product\/6058","targetHints":{"allow":["GET"]}}],"collection":[{"href":"https:\/\/kwintesencja.art\/pl\/wp-json\/wp\/v2\/product"}],"about":[{"href":"https:\/\/kwintesencja.art\/pl\/wp-json\/wp\/v2\/types\/product"}],"wp:featuredmedia":[{"embeddable":true,"href":"https:\/\/kwintesencja.art\/pl\/wp-json\/wp\/v2\/media\/6060"}],"wp:attachment":[{"href":"https:\/\/kwintesencja.art\/pl\/wp-json\/wp\/v2\/media?parent=6058"}],"wp:term":[{"taxonomy":"product_cat","embeddable":true,"href":"https:\/\/kwintesencja.art\/pl\/wp-json\/wp\/v2\/product_cat?post=6058"},{"taxonomy":"product_tag","embeddable":true,"href":"https:\/\/kwintesencja.art\/pl\/wp-json\/wp\/v2\/product_tag?post=6058"}],"curies":[{"name":"wp","href":"https:\/\/api.w.org\/{rel}","templated":true}]}}