{"id":5873,"date":"2024-03-05T11:24:01","date_gmt":"2024-03-05T10:24:01","guid":{"rendered":"https:\/\/kwintesencja.art\/?post_type=product&#038;p=5873"},"modified":"2026-01-25T13:20:17","modified_gmt":"2026-01-25T12:20:17","slug":"holding-the-horizon","status":"publish","type":"product","link":"https:\/\/kwintesencja.art\/pl\/product\/holding-the-horizon\/","title":{"rendered":"Holding the Horizon"},"content":{"rendered":"<p>W zwi\u0105zku z \u201eCROSSOVER\/S\u201d, pierwsz\u0105 retrospektyw\u0105 Miros\u0142awa Ba\u0142ki we W\u0142oszech, Pirelli HangarBicocca prezentuje limitowan\u0105 edycj\u0119, kt\u00f3r\u0105 artysta wymy\u015bli\u0142 na t\u0119 okazj\u0119. Ta grafika, wyprodukowana w nak\u0142adzie 80 egzemplarzy, pochodzi z filmu o tym samym tytule, kt\u00f3ry powsta\u0142 specjalnie na potrzeby pokazu w Pirelli HangarBicocca. Umieszczone przy wej\u015bciu na wystaw\u0119 Trzymanie horyzontu przedstawia poziom\u0105 \u017c\u00f3\u0142t\u0105 lini\u0119 poruszaj\u0105c\u0105 si\u0119 niesko\u0144czenie po czarnym tle. W tej limitowanej edycji artysta graficznie odtwarza \u201emodel\u201d zastosowany do kr\u0119cenia wideo, wprowadzaj\u0105c nowe refleksje na temat \u015bwiat\u0142a i ciemno\u015bci, czasu i pami\u0119ci.<\/p>\n<p>Miros\u0142aw Ba\u0142ka (ur. 1958), uko\u0144czy\u0142 studia na wydziale rze\u017aby warszawskiej ASP w 1985 roku. W latach 80. autor figuratywnych rze\u017ab kojarzonych z nurtem neoekspresjonizmu. Od pocz\u0105tku lat 90. tworzy minimalistyczne kompozycje rze\u017abiarskie, kt\u00f3rych tworzywem s\u0105 proste materia\u0142y, takie jak surowy kamie\u0144, drewno, s\u00f3l, popi\u00f3\u0142, substancje organiczne. G\u0142\u00f3wnym tematem rze\u017ab i kompozycji Ba\u0142ki jest ludzkie cia\u0142o i towarzysz\u0105ce mu &#8220;codzienne&#8221; przedmioty i substancje, a tak\u017ce zwi\u0105zana z cia\u0142em pami\u0119\u0107. W jego tw\u00f3rczo\u015bci pojawiaj\u0105 si\u0119 aluzje do przemijania, istotny jest te\u017c temat Holokaustu.<\/p>\n","protected":false},"excerpt":{"rendered":"<p>Druk foli\u0105 na gor\u0105co w kolorze matowego z\u0142ota na czarnym, naturalnym papierze<br \/>\nWymiary 48 x 68 cm (z ram\u0105)<br \/>\nSygnowany odr\u0119cznie o\u0142\u00f3wkiem, p.d.: &#8216;8\/80, MB 2017&#8217;,<br \/>\nna odwrocie, o\u0142\u00f3wkiem, p.g.: Ba\u0142ka Miros\u0142aw<br \/>\nWydanie 80 numerowanych i podpisanych egzemplarzy<\/p>\n","protected":false},"featured_media":5874,"template":"","meta":{"_monsterinsights_skip_tracking":false,"_monsterinsights_sitenote_active":false,"_monsterinsights_sitenote_note":"","_monsterinsights_sitenote_category":0,"_themeisle_gutenberg_block_has_review":false},"product_cat":[41],"product_tag":[269,350],"class_list":["post-5873","product","type-product","status-publish","has-post-thumbnail","hentry","product_cat-grafiki","product_tag-balka-miroslaw","product_tag-wyprzedaz","product_shipping_class-rodzaj-wysylki-3"],"aioseo_notices":[],"_links":{"self":[{"href":"https:\/\/kwintesencja.art\/pl\/wp-json\/wp\/v2\/product\/5873","targetHints":{"allow":["GET"]}}],"collection":[{"href":"https:\/\/kwintesencja.art\/pl\/wp-json\/wp\/v2\/product"}],"about":[{"href":"https:\/\/kwintesencja.art\/pl\/wp-json\/wp\/v2\/types\/product"}],"wp:featuredmedia":[{"embeddable":true,"href":"https:\/\/kwintesencja.art\/pl\/wp-json\/wp\/v2\/media\/5874"}],"wp:attachment":[{"href":"https:\/\/kwintesencja.art\/pl\/wp-json\/wp\/v2\/media?parent=5873"}],"wp:term":[{"taxonomy":"product_cat","embeddable":true,"href":"https:\/\/kwintesencja.art\/pl\/wp-json\/wp\/v2\/product_cat?post=5873"},{"taxonomy":"product_tag","embeddable":true,"href":"https:\/\/kwintesencja.art\/pl\/wp-json\/wp\/v2\/product_tag?post=5873"}],"curies":[{"name":"wp","href":"https:\/\/api.w.org\/{rel}","templated":true}]}}