{"id":5864,"date":"2024-03-05T10:44:18","date_gmt":"2024-03-05T09:44:18","guid":{"rendered":"https:\/\/kwintesencja.art\/?post_type=product&#038;p=5864"},"modified":"2024-10-08T22:14:47","modified_gmt":"2024-10-08T20:14:47","slug":"kuszenie-swietego-antoniego","status":"publish","type":"product","link":"https:\/\/kwintesencja.art\/pl\/product\/kuszenie-swietego-antoniego\/","title":{"rendered":"Kuszenie \u015bwi\u0119tego Antoniego"},"content":{"rendered":"","protected":false},"excerpt":{"rendered":"<p>Jan Dubrowin, Kuszenie \u015aw Antoniego, 2023<br \/>\nOlej, p\u0142\u00f3tno, wymiary: 110 x 90 cm<br \/>\nSygnowany: p.d.: Jan Dubrowin<\/p>\n","protected":false},"featured_media":5865,"template":"","meta":{"_monsterinsights_skip_tracking":false,"_monsterinsights_sitenote_active":false,"_monsterinsights_sitenote_note":"","_monsterinsights_sitenote_category":0,"_themeisle_gutenberg_block_has_review":false},"product_cat":[39],"product_tag":[268],"class_list":["post-5864","product","type-product","status-publish","has-post-thumbnail","hentry","product_cat-obrazy","product_tag-dubrowin-jan","product_shipping_class-rodzaj-wysylki-3"],"aioseo_notices":[],"_links":{"self":[{"href":"https:\/\/kwintesencja.art\/pl\/wp-json\/wp\/v2\/product\/5864","targetHints":{"allow":["GET"]}}],"collection":[{"href":"https:\/\/kwintesencja.art\/pl\/wp-json\/wp\/v2\/product"}],"about":[{"href":"https:\/\/kwintesencja.art\/pl\/wp-json\/wp\/v2\/types\/product"}],"wp:featuredmedia":[{"embeddable":true,"href":"https:\/\/kwintesencja.art\/pl\/wp-json\/wp\/v2\/media\/5865"}],"wp:attachment":[{"href":"https:\/\/kwintesencja.art\/pl\/wp-json\/wp\/v2\/media?parent=5864"}],"wp:term":[{"taxonomy":"product_cat","embeddable":true,"href":"https:\/\/kwintesencja.art\/pl\/wp-json\/wp\/v2\/product_cat?post=5864"},{"taxonomy":"product_tag","embeddable":true,"href":"https:\/\/kwintesencja.art\/pl\/wp-json\/wp\/v2\/product_tag?post=5864"}],"curies":[{"name":"wp","href":"https:\/\/api.w.org\/{rel}","templated":true}]}}