{"id":5859,"date":"2024-03-05T10:30:39","date_gmt":"2024-03-05T09:30:39","guid":{"rendered":"https:\/\/kwintesencja.art\/?post_type=product&#038;p=5859"},"modified":"2025-11-02T12:28:27","modified_gmt":"2025-11-02T11:28:27","slug":"on-tak-pomyslal","status":"publish","type":"product","link":"https:\/\/kwintesencja.art\/pl\/product\/on-tak-pomyslal\/","title":{"rendered":"On tak pomy\u015bla\u0142"},"content":{"rendered":"<p>Joanna Niedba\u0142owska uko\u0144czy\u0142a z wyr\u00f3\u017cnieniem malarstwo na krakowskiej Akademii Sztuk Pi\u0119knych. Studiowa\u0142a w pracowni prof. A. Brinckena i prof. S. Rodzi\u0144skiego, a tak\u017ce w pracowni liternictwa u prof. B. Oleszki.<br \/>\nZawodowo zajmuje si\u0119 projektowaniem graficznym, wsp\u00f3\u0142prowadz\u0105c agencj\u0119 projektowo-reklamow\u0105.<\/p>\n","protected":false},"excerpt":{"rendered":"<div class=\"woocommerce-product-details__short-description\">\n<p>Tytu\u0142: On tak pomy\u015bla\u0142<br \/>\nAutor: Joanna Niedba\u0142owska<br \/>\nRok: 2024<br \/>\nTechnika: akryl na tekturze<br \/>\nSygnatura: u do\u0142u.: 2024, &#8216;J Nie&#8217;<br \/>\nWymiary: w \u015bw p.p. 50 x 48 cm, 68 x 68 cm (z opraw\u0105)<br \/>\nStan: bardzo dobry<br \/>\nCertyfikat autentyczno\u015bci<\/p>\n<\/div>\n","protected":false},"featured_media":8916,"template":"","meta":{"_monsterinsights_skip_tracking":false,"_monsterinsights_sitenote_active":false,"_monsterinsights_sitenote_note":"","_monsterinsights_sitenote_category":0,"_themeisle_gutenberg_block_has_review":false},"product_cat":[39],"product_tag":[62],"class_list":["post-5859","product","type-product","status-publish","has-post-thumbnail","hentry","product_cat-obrazy","product_tag-niedbalowska-joanna","product_shipping_class-rodzaj-wysylki-3"],"aioseo_notices":[],"_links":{"self":[{"href":"https:\/\/kwintesencja.art\/pl\/wp-json\/wp\/v2\/product\/5859","targetHints":{"allow":["GET"]}}],"collection":[{"href":"https:\/\/kwintesencja.art\/pl\/wp-json\/wp\/v2\/product"}],"about":[{"href":"https:\/\/kwintesencja.art\/pl\/wp-json\/wp\/v2\/types\/product"}],"wp:featuredmedia":[{"embeddable":true,"href":"https:\/\/kwintesencja.art\/pl\/wp-json\/wp\/v2\/media\/8916"}],"wp:attachment":[{"href":"https:\/\/kwintesencja.art\/pl\/wp-json\/wp\/v2\/media?parent=5859"}],"wp:term":[{"taxonomy":"product_cat","embeddable":true,"href":"https:\/\/kwintesencja.art\/pl\/wp-json\/wp\/v2\/product_cat?post=5859"},{"taxonomy":"product_tag","embeddable":true,"href":"https:\/\/kwintesencja.art\/pl\/wp-json\/wp\/v2\/product_tag?post=5859"}],"curies":[{"name":"wp","href":"https:\/\/api.w.org\/{rel}","templated":true}]}}