{"id":5779,"date":"2024-02-12T21:01:38","date_gmt":"2024-02-12T20:01:38","guid":{"rendered":"https:\/\/kwintesencja.art\/?post_type=product&#038;p=5779"},"modified":"2024-12-18T13:18:06","modified_gmt":"2024-12-18T12:18:06","slug":"ojciec-i-corka-lub-starosc-i-mlodosc","status":"publish","type":"product","link":"https:\/\/kwintesencja.art\/pl\/product\/ojciec-i-corka-lub-starosc-i-mlodosc\/","title":{"rendered":"Staro\u015b\u0107 i m\u0142odo\u015b\u0107"},"content":{"rendered":"","protected":false},"excerpt":{"rendered":"<p>Obraz olejny na tekturze. Motyw: ojciec i c\u00f3rka. Podpis niezidentyfikowany. Wykonany oko\u0142o 1920 roku.<br \/>\nWymiary: 50 x 66 cm. 62,5 x 79 cm (z ram\u0105)<br \/>\nNa odwrocie piecz\u0119\u0107 upowa\u017cniaj\u0105ca do wywozu obrazu z Polski z dat\u0105: 5.07.1971<br \/>\nStan: zu\u017cycie zwi\u0105zane z wiekiem, powierzchnia tektury wypuk\u0142a, rama podklejona w naro\u017cnikach<\/p>\n","protected":false},"featured_media":5780,"template":"","meta":{"_monsterinsights_skip_tracking":false,"_monsterinsights_sitenote_active":false,"_monsterinsights_sitenote_note":"","_monsterinsights_sitenote_category":0,"_themeisle_gutenberg_block_has_review":false},"product_cat":[39],"product_tag":[280],"class_list":["post-5779","product","type-product","status-publish","has-post-thumbnail","hentry","product_cat-obrazy","product_tag-artysta-nierozpoznany","product_shipping_class-rodzaj-wysylki-3"],"aioseo_notices":[],"_links":{"self":[{"href":"https:\/\/kwintesencja.art\/pl\/wp-json\/wp\/v2\/product\/5779","targetHints":{"allow":["GET"]}}],"collection":[{"href":"https:\/\/kwintesencja.art\/pl\/wp-json\/wp\/v2\/product"}],"about":[{"href":"https:\/\/kwintesencja.art\/pl\/wp-json\/wp\/v2\/types\/product"}],"wp:featuredmedia":[{"embeddable":true,"href":"https:\/\/kwintesencja.art\/pl\/wp-json\/wp\/v2\/media\/5780"}],"wp:attachment":[{"href":"https:\/\/kwintesencja.art\/pl\/wp-json\/wp\/v2\/media?parent=5779"}],"wp:term":[{"taxonomy":"product_cat","embeddable":true,"href":"https:\/\/kwintesencja.art\/pl\/wp-json\/wp\/v2\/product_cat?post=5779"},{"taxonomy":"product_tag","embeddable":true,"href":"https:\/\/kwintesencja.art\/pl\/wp-json\/wp\/v2\/product_tag?post=5779"}],"curies":[{"name":"wp","href":"https:\/\/api.w.org\/{rel}","templated":true}]}}