{"id":5754,"date":"2024-02-10T16:52:18","date_gmt":"2024-02-10T15:52:18","guid":{"rendered":"https:\/\/kwintesencja.art\/?post_type=product&#038;p=5754"},"modified":"2024-05-14T10:01:15","modified_gmt":"2024-05-14T08:01:15","slug":"nago-i-w-ubraniu","status":"publish","type":"product","link":"https:\/\/kwintesencja.art\/pl\/product\/nago-i-w-ubraniu\/","title":{"rendered":"Nago i w ubraniu"},"content":{"rendered":"<p>Lucjan Mianowski (1933-2009). Malarz i grafik. W 1950 roku rozpocz\u0105\u0142 studia w ASP w Krakowie, pocz\u0105tkowo w Pracowni Plakatu u prof. Macieja Makarewicza, nast\u0119pnie w Pracowni Litografii u prof. Konrada Srzednickiego, gdzie w 1956 roku otrzyma\u0142 dyplom z wyr\u00f3\u017cnieniem. Przez dwa nast\u0119pne lata studiowa\u0142 malarstwo w pracowni prof. Czes\u0142awa Rzepi\u0144skiego. Otrzyma\u0142 stypendium rz\u0105du francuskiego na studia w Pary\u017cu w \u00c9cole Nationale Sup\u00e9rieure des Beaux-Arts w pracowni litografii u prof. Pierre\u2019a Clairina, gdzie studiowa\u0142 w latach 1959-1960 i 1963-1964. Odby\u0142 tak\u017ce pobyty artystyczne w Skandynawii i w Algierii. Pracowa\u0142 jako wyk\u0142adowca litografii w PWSSP w Poznaniu. Uzyska\u0142 tytu\u0142 naukowy profesora. Zosta\u0142 laureatem bardzo wielu nagr\u00f3d na og\u00f3lnopolskich i mi\u0119dzynarodowych wystawach oraz konkursach artystycznych. W 1971 roku otrzyma\u0142 nagrod\u0119 Ministra Kultury i Sztuki, w 1985 roku zosta\u0142 nagrodzony Krzy\u017cem Kawalerskim Orderu Odrodzenia Polski.<\/p>\n","protected":false},"excerpt":{"rendered":"<p>Litografia barwna. Wymiary: 73 x 44,5 cm, 86 x 61 cm (arkusz)<br \/>\nSygnatura r\u0119czna, o\u0142\u00f3wkiem, u do\u0142u.: Edycja Autorska, \u201eNago i w ubraniu&#8221;, Lucjan Mianowski 74.<br \/>\nCertyfikat autentyczno\u015bci<\/p>\n","protected":false},"featured_media":5758,"template":"","meta":{"_monsterinsights_skip_tracking":false,"_monsterinsights_sitenote_active":false,"_monsterinsights_sitenote_note":"","_monsterinsights_sitenote_category":0,"_themeisle_gutenberg_block_has_review":false},"product_cat":[41],"product_tag":[155],"class_list":["post-5754","product","type-product","status-publish","has-post-thumbnail","hentry","product_cat-grafiki","product_tag-mianowski-lucjan","product_shipping_class-rodzaj-wysylki-3"],"aioseo_notices":[],"_links":{"self":[{"href":"https:\/\/kwintesencja.art\/pl\/wp-json\/wp\/v2\/product\/5754","targetHints":{"allow":["GET"]}}],"collection":[{"href":"https:\/\/kwintesencja.art\/pl\/wp-json\/wp\/v2\/product"}],"about":[{"href":"https:\/\/kwintesencja.art\/pl\/wp-json\/wp\/v2\/types\/product"}],"wp:featuredmedia":[{"embeddable":true,"href":"https:\/\/kwintesencja.art\/pl\/wp-json\/wp\/v2\/media\/5758"}],"wp:attachment":[{"href":"https:\/\/kwintesencja.art\/pl\/wp-json\/wp\/v2\/media?parent=5754"}],"wp:term":[{"taxonomy":"product_cat","embeddable":true,"href":"https:\/\/kwintesencja.art\/pl\/wp-json\/wp\/v2\/product_cat?post=5754"},{"taxonomy":"product_tag","embeddable":true,"href":"https:\/\/kwintesencja.art\/pl\/wp-json\/wp\/v2\/product_tag?post=5754"}],"curies":[{"name":"wp","href":"https:\/\/api.w.org\/{rel}","templated":true}]}}