{"id":5713,"date":"2024-02-05T18:22:42","date_gmt":"2024-02-05T17:22:42","guid":{"rendered":"https:\/\/kwintesencja.art\/?post_type=product&#038;p=5713"},"modified":"2026-01-19T20:48:17","modified_gmt":"2026-01-19T19:48:17","slug":"baletnica","status":"publish","type":"product","link":"https:\/\/kwintesencja.art\/pl\/product\/baletnica\/","title":{"rendered":"Baletnica"},"content":{"rendered":"<p>Igor Talwi\u0144ski (1907-1983) urodzony w Warszawie w 1907 roku, uko\u0144czy\u0142 technikum elektryczne.<br \/>\nBra\u0142 udzia\u0142 II Wojnie \u015awiatowej w Polsce, a nast\u0119pnie w Powstaniu Warszawskim w 1944 roku. Deportowany do Niemiec, p\u00f3\u017aniej wyzwolony przez Amerykan\u00f3w, Igor Talwinski przyby\u0142 do Francji w 1945 roku i pracowa\u0142 jako technik. Zamieszka\u0142 w 5. dzielnicy Pary\u017ca.<br \/>\nRozwin\u0105\u0142 zami\u0142owanie do malarstwa i ucz\u0119szcza\u0142 do Akademii Grande Chaumi\u00e8re.<br \/>\nPrzyj\u0105\u0142 obywatelstwo francuskie w 1955 roku, od 1959 roku ca\u0142kowicie po\u015bwi\u0119ci\u0142 si\u0119 sztuce.<br \/>\nInspirowany pikanteri\u0105 uroku francuskiej szko\u0142y XVIII wieku, Igor Talwinski doskonali\u0142 swoje mistrzostwo techniczne dla przyjemno\u015bci przedstawiania jednego z uniwersalnych motyw\u00f3w sztuki: kobiety.<br \/>\nJako malarz figuratywny, Talwi\u0144ski co roku wystawia\u0142 na Salonie Artyst\u00f3w Francuskich, kt\u00f3rego by\u0142 cz\u0142onkiem. Otrzyma\u0142 wyr\u00f3\u017cnienie honorowe w 1953 roku, bra\u0142 r\u00f3wnie\u017c udzia\u0142 w Salonie Zimowym i Salonie Szk\u00f3\u0142 Francuskich.<br \/>\nChocia\u017c porusza\u0142 inne tematy, takie jak martwa natura, kwiaty i pejza\u017ce, jego sztuka koncentrowa\u0142a si\u0119 g\u0142\u00f3wnie na ewokacji cia\u0142a kobiety, jej wdzi\u0119ku i zmys\u0142owo\u015bci.<br \/>\nOpieraj\u0105c si\u0119 na solidnym rysunku, Talwi\u0144ski delikatnie maluje twarze i cia\u0142a swoich modelek, kt\u00f3re podkre\u015bla \u017cywymi poci\u0105gni\u0119ciami szpachelki, kszta\u0142tuj\u0105c materi\u0119 i o\u017cywiaj\u0105c \u015bwietliste t\u0142a swoich kompozycji.<\/p>\n","protected":false},"excerpt":{"rendered":"<p>Olej na p\u0142\u00f3tnie w gustownej oprawie.<br \/>\nWymiary: 46 x 55 cm, 63 x 72 cm (z ram\u0105)<br \/>\nSygnowana odr\u0119cznie l.d.: Igor Talwi\u0144ski<\/p>\n","protected":false},"featured_media":5715,"template":"","meta":{"_monsterinsights_skip_tracking":false,"_monsterinsights_sitenote_active":false,"_monsterinsights_sitenote_note":"","_monsterinsights_sitenote_category":0,"_themeisle_gutenberg_block_has_review":false},"product_cat":[39],"product_tag":[236],"class_list":["post-5713","product","type-product","status-publish","has-post-thumbnail","hentry","product_cat-obrazy","product_tag-talwinski-igor","product_shipping_class-rodzaj-wysylki-3"],"aioseo_notices":[],"_links":{"self":[{"href":"https:\/\/kwintesencja.art\/pl\/wp-json\/wp\/v2\/product\/5713","targetHints":{"allow":["GET"]}}],"collection":[{"href":"https:\/\/kwintesencja.art\/pl\/wp-json\/wp\/v2\/product"}],"about":[{"href":"https:\/\/kwintesencja.art\/pl\/wp-json\/wp\/v2\/types\/product"}],"wp:featuredmedia":[{"embeddable":true,"href":"https:\/\/kwintesencja.art\/pl\/wp-json\/wp\/v2\/media\/5715"}],"wp:attachment":[{"href":"https:\/\/kwintesencja.art\/pl\/wp-json\/wp\/v2\/media?parent=5713"}],"wp:term":[{"taxonomy":"product_cat","embeddable":true,"href":"https:\/\/kwintesencja.art\/pl\/wp-json\/wp\/v2\/product_cat?post=5713"},{"taxonomy":"product_tag","embeddable":true,"href":"https:\/\/kwintesencja.art\/pl\/wp-json\/wp\/v2\/product_tag?post=5713"}],"curies":[{"name":"wp","href":"https:\/\/api.w.org\/{rel}","templated":true}]}}