{"id":5682,"date":"2024-01-29T12:06:03","date_gmt":"2024-01-29T11:06:03","guid":{"rendered":"https:\/\/kwintesencja.art\/?post_type=product&#038;p=5682"},"modified":"2024-03-03T22:54:04","modified_gmt":"2024-03-03T21:54:04","slug":"rust-and-blue","status":"publish","type":"product","link":"https:\/\/kwintesencja.art\/pl\/product\/rust-and-blue\/","title":{"rendered":"Rust and Blue"},"content":{"rendered":"<p>Mark Rothko, urodzony jako Markus Yakovlevich Rothkowitz na \u0141otwie ameryka\u0144ski malarz abstrakcyjny. Najbardziej znany jest ze swoich kolorowych obraz\u00f3w przedstawiaj\u0105cych malarskie prostok\u0105tne obszary koloru, kt\u00f3re tworzy\u0142 w latach 1949\u20131970.<\/p>\n","protected":false},"excerpt":{"rendered":"<p>Grafika, edycja limitowana 200 egzemplarzy,\u00a0na papierze Fabriano Cotton Privilege.<br \/>\nKa\u017cda grafika jest indywidualnie numerowana.<br \/>\nNapis o\u0142\u00f3wkiem l.d.: 90\/200, p.d.: typograficznie: Markus Yakovlevich Rothkowitz<br \/>\nWymiary: 50 cm\u00a0x\u00a070 cm\u00a0(arkusz)<br \/>\nNa dole sucha piecz\u0119\u0107 <span class=\"HwtZe\" lang=\"pl\">\u2013\u00a0<span class=\"jCAhz ChMk0b\"><span class=\"ryNqvb\">Certyfikowany przez\u00a0<\/span><\/span><\/span>SPADEM Paris.<br \/>\nNa odwrocie hologram<br \/>\nStan zachowania: bardzo dobry<\/p>\n","protected":false},"featured_media":5683,"template":"","meta":{"_monsterinsights_skip_tracking":false,"_monsterinsights_sitenote_active":false,"_monsterinsights_sitenote_note":"","_monsterinsights_sitenote_category":0,"_themeisle_gutenberg_block_has_review":false},"product_cat":[41],"product_tag":[264],"class_list":["post-5682","product","type-product","status-publish","has-post-thumbnail","hentry","product_cat-grafiki","product_tag-mark-rothko","product_shipping_class-rodzaj-wysylki-2"],"aioseo_notices":[],"_links":{"self":[{"href":"https:\/\/kwintesencja.art\/pl\/wp-json\/wp\/v2\/product\/5682","targetHints":{"allow":["GET"]}}],"collection":[{"href":"https:\/\/kwintesencja.art\/pl\/wp-json\/wp\/v2\/product"}],"about":[{"href":"https:\/\/kwintesencja.art\/pl\/wp-json\/wp\/v2\/types\/product"}],"wp:featuredmedia":[{"embeddable":true,"href":"https:\/\/kwintesencja.art\/pl\/wp-json\/wp\/v2\/media\/5683"}],"wp:attachment":[{"href":"https:\/\/kwintesencja.art\/pl\/wp-json\/wp\/v2\/media?parent=5682"}],"wp:term":[{"taxonomy":"product_cat","embeddable":true,"href":"https:\/\/kwintesencja.art\/pl\/wp-json\/wp\/v2\/product_cat?post=5682"},{"taxonomy":"product_tag","embeddable":true,"href":"https:\/\/kwintesencja.art\/pl\/wp-json\/wp\/v2\/product_tag?post=5682"}],"curies":[{"name":"wp","href":"https:\/\/api.w.org\/{rel}","templated":true}]}}