{"id":5635,"date":"2024-01-13T23:10:30","date_gmt":"2024-01-13T22:10:30","guid":{"rendered":"https:\/\/kwintesencja.art\/?post_type=product&#038;p=5635"},"modified":"2024-04-11T12:36:55","modified_gmt":"2024-04-11T10:36:55","slug":"pejzaz-wloski-znad-tybru-praca-dwustronna","status":"publish","type":"product","link":"https:\/\/kwintesencja.art\/pl\/product\/pejzaz-wloski-znad-tybru-praca-dwustronna\/","title":{"rendered":"Pejza\u017c w\u0142oski \/ Znad Tybru (praca dwustronna)"},"content":{"rendered":"<p>Iwan Trusz (1869-1941). Studiowa\u0142 w krakowskiej Szkole Sztuk Pi\u0119knych m. in. u Leona Wycz\u00f3\u0142kowskiego i Jana Stanis\u0142awskiego, a nast\u0119pnie w Wiedniu oraz w Monachium. Wiele podr\u00f3\u017cowa\u0142, m.in. do Rzymu, na Krym, do Palestyny i Egiptu, a wyprawy te dokumentowa\u0142 wieloma pejza\u017cami i szkicami. Na sta\u0142e mieszka\u0142 we Lwowie, gdzie obecnie znajduje si\u0119 po\u015bwi\u0119cone mu muzeum. Malowa\u0142 portrety, nastrojowe krajobrazy i sceny rodzajowe. Jego obrazy cenione i poszukiwane przez kolekcjoner\u00f3w cieszy\u0142y si\u0119 zawsze du\u017c\u0105 popularno\u015bci\u0105. Wsp\u00f3\u0142pracowa\u0142 jako ilustrator z wieloma czasopismami. Uprawia\u0142 tak\u017ce krytyk\u0119 artystyczn\u0105.<\/p>\n","protected":false},"excerpt":{"rendered":"<p>olej\/tektura<br \/>\nWymiary: 20,8 x 26,3 cm<br \/>\nsygnowany p.d.: &#8216;I. Trusz&#8217;<br \/>\nna odwrocie szkic olejny kwiecistej \u0142\u0105ki oraz opis l.g.:<br \/>\n&#8216;\u201eZnad Tybru\u201d | obraz unikat (nie b\u0119dzie powt\u00f3rzony) | Trusz&#8217;<\/p>\n<p><strong>Pochodzenie<\/strong><br \/>\nkolekcja prywatna, Warszawa<br \/>\nkolekcja prywatna, \u015al\u0105sk<\/p>\n","protected":false},"featured_media":5641,"template":"","meta":{"_monsterinsights_skip_tracking":false,"_monsterinsights_sitenote_active":false,"_monsterinsights_sitenote_note":"","_monsterinsights_sitenote_category":0,"_themeisle_gutenberg_block_has_review":false},"product_cat":[39],"product_tag":[262],"class_list":["post-5635","product","type-product","status-publish","has-post-thumbnail","hentry","product_cat-obrazy","product_tag-trusz-iwan","product_shipping_class-rodzaj-wysylki-3"],"aioseo_notices":[],"_links":{"self":[{"href":"https:\/\/kwintesencja.art\/pl\/wp-json\/wp\/v2\/product\/5635","targetHints":{"allow":["GET"]}}],"collection":[{"href":"https:\/\/kwintesencja.art\/pl\/wp-json\/wp\/v2\/product"}],"about":[{"href":"https:\/\/kwintesencja.art\/pl\/wp-json\/wp\/v2\/types\/product"}],"wp:featuredmedia":[{"embeddable":true,"href":"https:\/\/kwintesencja.art\/pl\/wp-json\/wp\/v2\/media\/5641"}],"wp:attachment":[{"href":"https:\/\/kwintesencja.art\/pl\/wp-json\/wp\/v2\/media?parent=5635"}],"wp:term":[{"taxonomy":"product_cat","embeddable":true,"href":"https:\/\/kwintesencja.art\/pl\/wp-json\/wp\/v2\/product_cat?post=5635"},{"taxonomy":"product_tag","embeddable":true,"href":"https:\/\/kwintesencja.art\/pl\/wp-json\/wp\/v2\/product_tag?post=5635"}],"curies":[{"name":"wp","href":"https:\/\/api.w.org\/{rel}","templated":true}]}}