{"id":5582,"date":"2024-01-06T20:58:01","date_gmt":"2024-01-06T19:58:01","guid":{"rendered":"https:\/\/kwintesencja.art\/?post_type=product&#038;p=5582"},"modified":"2026-03-06T09:23:16","modified_gmt":"2026-03-06T08:23:16","slug":"blue-pussy","status":"publish","type":"product","link":"https:\/\/kwintesencja.art\/pl\/product\/blue-pussy\/","title":{"rendered":"Blue Pussy"},"content":{"rendered":"<p>Andy Warhol (oryginalne nazwisko Andrew Warhol, 6 sierpnia 1928 Pittsburgh, Pensylwania, USA \u2013 22 lutego 1987 Nowy Jork, Nowy Jork, USA) by\u0142 ameryka\u0144skim malarzem, grafikiem, filmowcem i liderem ameryka\u0144skiego ruchu pop art. Karier\u0119 rozpocz\u0105\u0142 jako ilustrator artyku\u0142\u00f3w promocyjnych. P\u00f3\u017aniej da\u0142 si\u0119 pozna\u0107 na ca\u0142ym \u015bwiecie jako malarz, re\u017cyser awangardowych film\u00f3w i menad\u017cer rockowego zespo\u0142u The Velvet Underground. By\u0142 przedstawiany w kilku filmach biograficznych i dokumentalnych o nim. W 1991 roku w pobli\u017cu rodzinnego miasta jego rodzic\u00f3w, w miejscowo\u015bci Medzilaborce, otwarto muzeum po\u015bwi\u0119cone jego tw\u00f3rczo\u015bci. Kolejne muzeum zosta\u0142o otwarte trzy lata p\u00f3\u017aniej w jego rodzinnym Pittsburghu.<\/p>\n","protected":false},"excerpt":{"rendered":"<p>Grafika, edycja limitowana.<br \/>\nNapis o\u0142\u00f3wkiem l.d.: 96\/100, p.d.: faksymile \u201eAndy Warhol\u201d.<br \/>\nWymiary: 35 x 50 cm (ca\u0142y arkusz)<br \/>\nNa dole sucha piecz\u0119\u0107 wydawcy.<br \/>\nNa odwrocie hologram i piecz\u0119cie.<br \/>\nPraca nieoprawiona. Na zdj\u0119ciu przyk\u0142adowa oprawa.<br \/>\nStan zachowania: bardzo dobry<\/p>\n","protected":false},"featured_media":9498,"template":"","meta":{"_monsterinsights_skip_tracking":false,"_monsterinsights_sitenote_active":false,"_monsterinsights_sitenote_note":"","_monsterinsights_sitenote_category":0,"_themeisle_gutenberg_block_has_review":false},"product_cat":[41],"product_tag":[74,350],"class_list":["post-5582","product","type-product","status-publish","has-post-thumbnail","hentry","product_cat-grafiki","product_tag-warhol-andy","product_tag-wyprzedaz","product_shipping_class-rodzaj-wysylki-2"],"aioseo_notices":[],"_links":{"self":[{"href":"https:\/\/kwintesencja.art\/pl\/wp-json\/wp\/v2\/product\/5582","targetHints":{"allow":["GET"]}}],"collection":[{"href":"https:\/\/kwintesencja.art\/pl\/wp-json\/wp\/v2\/product"}],"about":[{"href":"https:\/\/kwintesencja.art\/pl\/wp-json\/wp\/v2\/types\/product"}],"wp:featuredmedia":[{"embeddable":true,"href":"https:\/\/kwintesencja.art\/pl\/wp-json\/wp\/v2\/media\/9498"}],"wp:attachment":[{"href":"https:\/\/kwintesencja.art\/pl\/wp-json\/wp\/v2\/media?parent=5582"}],"wp:term":[{"taxonomy":"product_cat","embeddable":true,"href":"https:\/\/kwintesencja.art\/pl\/wp-json\/wp\/v2\/product_cat?post=5582"},{"taxonomy":"product_tag","embeddable":true,"href":"https:\/\/kwintesencja.art\/pl\/wp-json\/wp\/v2\/product_tag?post=5582"}],"curies":[{"name":"wp","href":"https:\/\/api.w.org\/{rel}","templated":true}]}}