{"id":5505,"date":"2023-12-30T13:59:10","date_gmt":"2023-12-30T12:59:10","guid":{"rendered":"https:\/\/kwintesencja.art\/?post_type=product&#038;p=5505"},"modified":"2025-12-01T11:22:16","modified_gmt":"2025-12-01T10:22:16","slug":"kompozycja-mechanofakturowa","status":"publish","type":"product","link":"https:\/\/kwintesencja.art\/pl\/product\/kompozycja-mechanofakturowa\/","title":{"rendered":"Kompozycja mechanofakturowa"},"content":{"rendered":"<p>Henryk Berlewi (Warszawa 30 X 1894 &#8211; Pary\u017c 2 VIII 1967). By\u0142 malarzem, grafikiem, typografem i krytykiem. By\u0142 g\u0142\u00f3wn\u0105 postaci\u0105sztuki konstruktywistycznej w Polsce w latach dwudziestych XX wieku.<br \/>\nStudiowa\u0142 w Acad\u00e9mie des Beaux-Arts w Antwerpii (1909-10), wEcole des Arts D\u00e9coratifs i Ecole des Beaux-Arts w Pary\u017cu, by w1913 powr\u00f3ci\u0107 do Warszawy i podj\u0105\u0107 nauk\u0119 w Szkole Rysunkowej podkierunkiem Jana Kauzika (1913-15). W 1915-18 tworzy\u0142 i wystawia\u0142,m.in. w Zach\u0119cie, portrety i kompozycje figuralne. Od 1918 datujesi\u0119 zbli\u017cenie Berlewiego z kr\u0119gami warszawskich futuryst\u00f3w iformist\u00f3w. W jego pracach pojawia si\u0119 deformacja i elementyekspresjonizmu. Pod wp\u0142ywem El Lissitzkiego, kt\u00f3ry w 1921 odwiedzi\u0142Warszaw\u0119, zainteresowa\u0142 si\u0119 ide\u0105 odnowy sztuki \u017cydowskiej,podejmowa\u0142 w\u0105tki tematyczne zwi\u0105zane z kultur\u0105 i \u017cyciemcodziennym \u017byd\u00f3w. W latach 1922-23 Berlewi przebywa\u0142 w Berlinie,gdzie pod wp\u0142ywem awangardowych kierunk\u00f3w i kontakt\u00f3w z wybitnymiartystami radykalnie zmieni\u0142 sw\u0105 sztuk\u0119 i wypracowa\u0142 teori\u0119mechanofaktury, kt\u00f3r\u0105 og\u0142osi\u0142 drukiem w 1924 w Warszawie iBerlinie (w \u201eDer Sturm\u201c). Publikacj\u0119 artysta po\u0142\u0105czy\u0142 zwystawami indywidualnymi w obu miastach. Wystawa warszawska mia\u0142amiejsce w salonie samochodowym firmy Daimler-Benz, co wsp\u00f3\u0142gra\u0142o zide\u0105 mechanofaktury, zak\u0142adaj\u0105c\u0105 maksymalne zbli\u017cenie sztuki itechniki, do czego prowadzi\u0107 mia\u0142o m.in. budowanie obrazu zpowtarzalnych element\u00f3w geometrycznych. W 1924-26 Berlewiwsp\u00f3\u0142tworzy\u0142 wraz z innymi polskimi artystami grup\u0119 \u201eBlok\u201c. W1926 powr\u00f3ci\u0142 do sztuki przedmiotowej, nie zrywaj\u0105c jednak zruchem konstruktywistycznym. W 1928 wyjecha\u0142 do Pary\u017ca, gdziezdoby\u0142 renom\u0119 jako portrecista. W latach II wojny \u015bwiatowejukrywa\u0142 si\u0119 na po\u0142udniu Francji, w 1943-44 wsp\u00f3\u0142pracowa\u0142 wNicei z ruchem oporu. Po wojnie kontynuowa\u0142 malarstwo figuratywne a\u017cdo 1957, kiedy to pod wp\u0142ywem nowych tendencji w sztuce, a tak\u017ceretrospektywnej wystawy konstruktywizmu w galerii Denise Ren\u00e9e, wkt\u00f3rej wzi\u0105\u0142 udzia\u0142, wr\u00f3ci\u0142 do abstrakcji. Nawi\u0105za\u0142 do teoriii praktyki mechanofaktury, traktuj\u0105c j\u0105 jako punkt wyj\u015bcia dostworzenia w\u0142asnej wersji op-artu.<\/p>\n","protected":false},"excerpt":{"rendered":"<p>Henryk Berlewi, kompozycja mechanofakturowa.<br \/>\nMiks media na kartonie, wymiary 37,5 x 30 cm, 43,5 x 53,5 cm (z ram\u0105)<br \/>\nSygnatura l.d.: H.Berlewi<br \/>\nPraca oprawiona za szk\u0142em antyrefleksyjnym.<br \/>\nPraca nie posiada udokumentowanego pochodzenia,<br \/>\ndlatego sprzedawana jest jako attr (atrybut, przypisana, w stylu)<\/p>\n","protected":false},"featured_media":5506,"template":"","meta":{"_monsterinsights_skip_tracking":false,"_monsterinsights_sitenote_active":false,"_monsterinsights_sitenote_note":"","_monsterinsights_sitenote_category":0,"_themeisle_gutenberg_block_has_review":false},"product_cat":[39],"product_tag":[261,350],"class_list":["post-5505","product","type-product","status-publish","has-post-thumbnail","hentry","product_cat-obrazy","product_tag-berlewi-henryk","product_tag-wyprzedaz","product_shipping_class-rodzaj-wysylki-3"],"aioseo_notices":[],"_links":{"self":[{"href":"https:\/\/kwintesencja.art\/pl\/wp-json\/wp\/v2\/product\/5505","targetHints":{"allow":["GET"]}}],"collection":[{"href":"https:\/\/kwintesencja.art\/pl\/wp-json\/wp\/v2\/product"}],"about":[{"href":"https:\/\/kwintesencja.art\/pl\/wp-json\/wp\/v2\/types\/product"}],"wp:featuredmedia":[{"embeddable":true,"href":"https:\/\/kwintesencja.art\/pl\/wp-json\/wp\/v2\/media\/5506"}],"wp:attachment":[{"href":"https:\/\/kwintesencja.art\/pl\/wp-json\/wp\/v2\/media?parent=5505"}],"wp:term":[{"taxonomy":"product_cat","embeddable":true,"href":"https:\/\/kwintesencja.art\/pl\/wp-json\/wp\/v2\/product_cat?post=5505"},{"taxonomy":"product_tag","embeddable":true,"href":"https:\/\/kwintesencja.art\/pl\/wp-json\/wp\/v2\/product_tag?post=5505"}],"curies":[{"name":"wp","href":"https:\/\/api.w.org\/{rel}","templated":true}]}}