{"id":5351,"date":"2023-12-11T19:21:49","date_gmt":"2023-12-11T18:21:49","guid":{"rendered":"https:\/\/kwintesencja.art\/?post_type=product&#038;p=5351"},"modified":"2023-12-11T19:23:23","modified_gmt":"2023-12-11T18:23:23","slug":"emanacje-v","status":"publish","type":"product","link":"https:\/\/kwintesencja.art\/pl\/product\/emanacje-v\/","title":{"rendered":"Emanacje V"},"content":{"rendered":"<p><strong>Anna \u015aliwi\u0144ska <\/strong>Studia w Akademii Sztuk Pi\u0119knych w Krakowie. Dyplom w 1994 roku na Wydziale Malarstwa w pracowni prof. Jerzego Nowosielskiego oraz w Pracowni Tkaniny Artystycznej u prof. Ryszarda Kwietnia i prof. Lilli Kulki. Aneks w Pracowni Projektowania Ksi\u0105\u017cki i Typografii u prof. Romana Banaszewskiego.W 2012 roku doktorat na Wydziale Malarstwa w Akademii Sztuk Pi\u0119knych w Krakowie. Wyk\u0142adowca akademicki (w latach 2016 \u2013 2020 Akademia Tarnowska \u2013 Wydzia\u0142 Sztuki, Grafika; od 2020 Akademia \u015al\u0105ska w Katowicach \u2013 Wydzia\u0142 Architektury, Budownictwa i Sztuk Stosowanych, Wzornictwo). Od 1994 r. nauczyciel w Liceum Sztuk Plastycznych w Tarnowie. Od 1997 r. dzia\u0142alno\u015b\u0107 w projekcie Mi\u0119dzynarodowego Festiwalu &#8220;Sztuka Ksi\u0105\u017cki&#8221;. Udzia\u0142 w oko\u0142o 100 wystawach w kraju i za granic\u0105. Realizacja ponad 40 wystaw indywidualnych. Stypendystka Ministra Kultury i Dziedzictwa Narodowego na rok 2000, 2003. Stypendium Miasta Tarnowa na rok 2015 i 2018. W 2020 roku Nagroda Miasta Tarnowa za osi\u0105gni\u0119cia w dziedzinie tw\u00f3rczo\u015bci artystycznej. Laureatka nagr\u00f3d i wyr\u00f3\u017cnie\u0144. Od 2016 prowadzi autorsk\u0105 OtwART\u0105 Pracowni\u0119 Sztuk Wizualnych w Tarnowskim Centrum Kultury.<br \/>\nObszary dzia\u0142a\u0144: malarstwo, rysunek, sztuka obiektu i\u00a0tkanina unikatowa, sztuka ksi\u0105\u017cki (ksi\u0105\u017cka artystyczna, ilustracja).<\/p>\n","protected":false},"excerpt":{"rendered":"<p>Akryl, olej, p\u0142\u00f3tno<br \/>\n90 x 100 cm<br \/>\n2023<br \/>\nSygnatura odr\u0119czna na odwrocie<\/p>\n","protected":false},"featured_media":5346,"template":"","meta":{"_monsterinsights_skip_tracking":false,"_monsterinsights_sitenote_active":false,"_monsterinsights_sitenote_note":"","_monsterinsights_sitenote_category":0,"_themeisle_gutenberg_block_has_review":false},"product_cat":[39],"product_tag":[113],"class_list":["post-5351","product","type-product","status-publish","has-post-thumbnail","hentry","product_cat-obrazy","product_tag-sliwinska-anna","product_shipping_class-rodzaj-wysylki-3"],"aioseo_notices":[],"_links":{"self":[{"href":"https:\/\/kwintesencja.art\/pl\/wp-json\/wp\/v2\/product\/5351","targetHints":{"allow":["GET"]}}],"collection":[{"href":"https:\/\/kwintesencja.art\/pl\/wp-json\/wp\/v2\/product"}],"about":[{"href":"https:\/\/kwintesencja.art\/pl\/wp-json\/wp\/v2\/types\/product"}],"wp:featuredmedia":[{"embeddable":true,"href":"https:\/\/kwintesencja.art\/pl\/wp-json\/wp\/v2\/media\/5346"}],"wp:attachment":[{"href":"https:\/\/kwintesencja.art\/pl\/wp-json\/wp\/v2\/media?parent=5351"}],"wp:term":[{"taxonomy":"product_cat","embeddable":true,"href":"https:\/\/kwintesencja.art\/pl\/wp-json\/wp\/v2\/product_cat?post=5351"},{"taxonomy":"product_tag","embeddable":true,"href":"https:\/\/kwintesencja.art\/pl\/wp-json\/wp\/v2\/product_tag?post=5351"}],"curies":[{"name":"wp","href":"https:\/\/api.w.org\/{rel}","templated":true}]}}