{"id":5318,"date":"2023-12-08T11:36:37","date_gmt":"2023-12-08T10:36:37","guid":{"rendered":"https:\/\/kwintesencja.art\/?post_type=product&#038;p=5318"},"modified":"2025-01-25T08:21:20","modified_gmt":"2025-01-25T07:21:20","slug":"portret-beatrice-portinari","status":"publish","type":"product","link":"https:\/\/kwintesencja.art\/pl\/product\/portret-beatrice-portinari\/","title":{"rendered":"Portret Beatrice Portinari"},"content":{"rendered":"<p>Gustav Klimt (ur. 14 lipca 1862 roku w Baumgarten, dzi\u015b w Penzing, 14 dzielnicy Wiednia, zm. 6 lutego 1918 w Wiedniu) \u2013 austriacki malarz i grafik. Jeden z za\u0142o\u017cycieli Secesji Wiede\u0144skiej i jej pierwszy prezydent.<br \/>\nObrazy Gustava Klimta przedstawiaj\u0105 cz\u0119sto emanuj\u0105ce erotyzmem postacie kobiece jako wyraz ludzkich zwi\u0105zk\u00f3w \u017cyciowych i uczu\u0107 takich jak nadzieja, mi\u0142o\u015b\u0107 i \u015bmier\u0107. Z tego te\u017c powodu sta\u0142 si\u0119 bardzo poszukiwanym portrecist\u0105 kobiet w Wiedniu.<br \/>\nTw\u00f3rczo\u015b\u0107 Klimta podzieli\u0107 mo\u017cna na kilka okres\u00f3w: historyzm (1879\u201380), inspiracja antykiem (1886\u20131891, monumentalne prace w Burgtheater i Muzeum Historii Sztuki w Wiedniu), impresjonizm (Schubert przy fortepianie (1896), M\u0142oda kobieta w fotelu (1896), Portret damy (1897), Dama (kobieta) przy kominku (1897\/98), Dama (kobieta) w fotelu (1897\/98) oraz portret Sonji Knip (1898)) i od 1897 r. secesja. Od po\u0142owy lat 90-tych XIX wieku u\u017cy\u0142 w kilku obrazach z\u0142otego t\u0142a, co ukazyje wp\u0142yw sztuki japo\u0144skiej (japonizm). Zastosowanie z\u0142ota w obrazach jest charakterystyczne dla Gustava Klimta. (wyznanie katolickie)<\/p>\n","protected":false},"excerpt":{"rendered":"<p>Grafika, edycja limitowana 200 egzemplarzy, na papierze<br \/>\nKa\u017cda grafika jest indywidualnie numerowana.<br \/>\nNapis o\u0142\u00f3wkiem l.d.: 22\/200, p.d.: faksymile artysty.<br \/>\nWymiary: 50 cm x 70 cm (arkusz)<br \/>\nNa dole sucha piecz\u0119\u0107 wydawcy, na odwrocie hologram.<br \/>\nStan zachowania: bardzo dobry<\/p>\n","protected":false},"featured_media":7178,"template":"","meta":{"_monsterinsights_skip_tracking":false,"_monsterinsights_sitenote_active":false,"_monsterinsights_sitenote_note":"","_monsterinsights_sitenote_category":0,"_themeisle_gutenberg_block_has_review":false},"product_cat":[41],"product_tag":[212],"class_list":["post-5318","product","type-product","status-publish","has-post-thumbnail","hentry","product_cat-grafiki","product_tag-klimt-gustav","product_shipping_class-rodzaj-wysylki-2"],"aioseo_notices":[],"_links":{"self":[{"href":"https:\/\/kwintesencja.art\/pl\/wp-json\/wp\/v2\/product\/5318","targetHints":{"allow":["GET"]}}],"collection":[{"href":"https:\/\/kwintesencja.art\/pl\/wp-json\/wp\/v2\/product"}],"about":[{"href":"https:\/\/kwintesencja.art\/pl\/wp-json\/wp\/v2\/types\/product"}],"wp:featuredmedia":[{"embeddable":true,"href":"https:\/\/kwintesencja.art\/pl\/wp-json\/wp\/v2\/media\/7178"}],"wp:attachment":[{"href":"https:\/\/kwintesencja.art\/pl\/wp-json\/wp\/v2\/media?parent=5318"}],"wp:term":[{"taxonomy":"product_cat","embeddable":true,"href":"https:\/\/kwintesencja.art\/pl\/wp-json\/wp\/v2\/product_cat?post=5318"},{"taxonomy":"product_tag","embeddable":true,"href":"https:\/\/kwintesencja.art\/pl\/wp-json\/wp\/v2\/product_tag?post=5318"}],"curies":[{"name":"wp","href":"https:\/\/api.w.org\/{rel}","templated":true}]}}