{"id":5288,"date":"2023-12-05T19:24:42","date_gmt":"2023-12-05T18:24:42","guid":{"rendered":"https:\/\/kwintesencja.art\/?post_type=product&#038;p=5288"},"modified":"2024-09-25T20:21:57","modified_gmt":"2024-09-25T18:21:57","slug":"ortret-josephine-crane-bradley-jako-slavii","status":"publish","type":"product","link":"https:\/\/kwintesencja.art\/pl\/product\/ortret-josephine-crane-bradley-jako-slavii\/","title":{"rendered":"Portret Josephine Crane-Bradley jako Slavii"},"content":{"rendered":"<p>Alfons Maria Mucha przyszed\u0142 na \u015bwiat w Iwanczycach 24 lipca 1860 roku. Zmar\u0142 w Pradze 14 lipca 1939 roku. By\u0142 czeskim grafikiem i malarzem, jednym z czo\u0142owych przedstawicieli nurtu fin de si\u00e8cle&#8217;u i secesji.<br \/>\nTw\u00f3rczo\u015b\u0107 Muchy \u0142\u0105czy tradycje bizanty\u0144skie i wsp\u00f3\u0142czesne. Znakiem rozpoznawczym Muchy s\u0105 grafiki kobiet w stylu belle \u00e9poque \u2013 wyidealizowana posta\u0107 pi\u0119knej kobiety otoczonej nar\u0119czem kwiat\u00f3w i li\u015bci, symbolami i arabeskami.<\/p>\n","protected":false},"excerpt":{"rendered":"<p>Grafika, edycja limitowana 100 egzemplarzy, na papierze Fabriano Cotton Privilege.<br \/>\nKa\u017cda grafika jest indywidualnie numerowana.<br \/>\nNapis o\u0142\u00f3wkiem l.d.: 58\/100, p.d.: faksymile artysty<br \/>\nWymiary: 50 cm x 70 cm (arkusz)<br \/>\nNa dole piecz\u0119\u0107 wydawcy<br \/>\nStan zachowania: bardzo dobry<\/p>\n","protected":false},"featured_media":5290,"template":"","meta":{"_monsterinsights_skip_tracking":false,"_monsterinsights_sitenote_active":false,"_monsterinsights_sitenote_note":"","_monsterinsights_sitenote_category":0,"_themeisle_gutenberg_block_has_review":false},"product_cat":[41],"product_tag":[224],"class_list":["post-5288","product","type-product","status-publish","has-post-thumbnail","hentry","product_cat-grafiki","product_tag-mucha-alfons","product_shipping_class-rodzaj-wysylki-2"],"aioseo_notices":[],"_links":{"self":[{"href":"https:\/\/kwintesencja.art\/pl\/wp-json\/wp\/v2\/product\/5288","targetHints":{"allow":["GET"]}}],"collection":[{"href":"https:\/\/kwintesencja.art\/pl\/wp-json\/wp\/v2\/product"}],"about":[{"href":"https:\/\/kwintesencja.art\/pl\/wp-json\/wp\/v2\/types\/product"}],"wp:featuredmedia":[{"embeddable":true,"href":"https:\/\/kwintesencja.art\/pl\/wp-json\/wp\/v2\/media\/5290"}],"wp:attachment":[{"href":"https:\/\/kwintesencja.art\/pl\/wp-json\/wp\/v2\/media?parent=5288"}],"wp:term":[{"taxonomy":"product_cat","embeddable":true,"href":"https:\/\/kwintesencja.art\/pl\/wp-json\/wp\/v2\/product_cat?post=5288"},{"taxonomy":"product_tag","embeddable":true,"href":"https:\/\/kwintesencja.art\/pl\/wp-json\/wp\/v2\/product_tag?post=5288"}],"curies":[{"name":"wp","href":"https:\/\/api.w.org\/{rel}","templated":true}]}}