{"id":5282,"date":"2023-12-05T00:43:45","date_gmt":"2023-12-04T23:43:45","guid":{"rendered":"https:\/\/kwintesencja.art\/?post_type=product&#038;p=5282"},"modified":"2025-07-29T13:28:12","modified_gmt":"2025-07-29T11:28:12","slug":"portret","status":"publish","type":"product","link":"https:\/\/kwintesencja.art\/pl\/product\/portret\/","title":{"rendered":"Portret z zielon\u0105 kryz\u0105"},"content":{"rendered":"<p>Dorota G\u00f3recka fotografuje g\u0142\u00f3wnie kobiety. Stara si\u0119 przedstawia\u0107 je jako delikatne i kruche istoty. Jej zdj\u0119cia publikowano w magazynach fotograficznych m.in Practical Photography (UK), Digital Camera Polska oraz wielu czasopismach o charakterze artystyczno-modowym. Mo\u017cna je te\u017c zobaczy\u0107 na wielu portalach artystycznych takich jak: PhotoVogue, Iconic, Art Limited, itp. Ma r\u00f3wnie\u017c na swoim koncie ok. 80 zdj\u0119\u0107, kt\u00f3re znalaz\u0142y si\u0119 na ok\u0142adkach ksi\u0105\u017cek publikowanych na ca\u0142ym \u015bwiecie.<\/p>\n","protected":false},"excerpt":{"rendered":"<p>Fotografia, wydruk pigmentowy na papierze <span class=\"x4k7w5x x1h91t0o x1h9r5lt x1jfb8zj xv2umb2 x1beo9mf xaigb6o x12ejxvf x3igimt xarpa2k xedcshv x1lytzrv x1t2pt76 x7ja8zs x1qrby5j\">matowym Huhnemmule.<\/span><br \/>\nWymiary: 40\u00d760 cm, 50x70cm (arkusz)<\/p>\n<p>Podpis odr\u0119czny: L.d.: E\/A, p.d.: Dorota G\u00f3recka<br \/>\nStan: bardzo dobry.<br \/>\nWystawiona praca eksponowana by\u0142a (listopad 2023) na wystawie w Centrum Sztuki Mo\u015bcice:<br \/>\n<a href=\"https:\/\/csm.tarnow.pl\/multimedia\/789,women-wystawa-fotografii-doroty-goreckiej\">https:\/\/csm.tarnow.pl\/multimedia\/789,women-wystawa-fotografii-doroty-goreckiej<\/a><\/p>\n","protected":false},"featured_media":5280,"template":"","meta":{"_monsterinsights_skip_tracking":false,"_monsterinsights_sitenote_active":false,"_monsterinsights_sitenote_note":"","_monsterinsights_sitenote_category":0,"_themeisle_gutenberg_block_has_review":false},"product_cat":[41,15],"product_tag":[114],"class_list":["post-5282","product","type-product","status-publish","has-post-thumbnail","hentry","product_cat-grafiki","product_cat-pozostale","product_tag-gorecka-dorota","product_shipping_class-rodzaj-wysylki-2"],"aioseo_notices":[],"_links":{"self":[{"href":"https:\/\/kwintesencja.art\/pl\/wp-json\/wp\/v2\/product\/5282","targetHints":{"allow":["GET"]}}],"collection":[{"href":"https:\/\/kwintesencja.art\/pl\/wp-json\/wp\/v2\/product"}],"about":[{"href":"https:\/\/kwintesencja.art\/pl\/wp-json\/wp\/v2\/types\/product"}],"wp:featuredmedia":[{"embeddable":true,"href":"https:\/\/kwintesencja.art\/pl\/wp-json\/wp\/v2\/media\/5280"}],"wp:attachment":[{"href":"https:\/\/kwintesencja.art\/pl\/wp-json\/wp\/v2\/media?parent=5282"}],"wp:term":[{"taxonomy":"product_cat","embeddable":true,"href":"https:\/\/kwintesencja.art\/pl\/wp-json\/wp\/v2\/product_cat?post=5282"},{"taxonomy":"product_tag","embeddable":true,"href":"https:\/\/kwintesencja.art\/pl\/wp-json\/wp\/v2\/product_tag?post=5282"}],"curies":[{"name":"wp","href":"https:\/\/api.w.org\/{rel}","templated":true}]}}