{"id":5232,"date":"2023-12-04T23:55:26","date_gmt":"2023-12-04T22:55:26","guid":{"rendered":"https:\/\/kwintesencja.art\/?post_type=product&#038;p=5232"},"modified":"2026-03-05T21:12:25","modified_gmt":"2026-03-05T20:12:25","slug":"pejzaz-miejski","status":"publish","type":"product","link":"https:\/\/kwintesencja.art\/pl\/product\/pejzaz-miejski\/","title":{"rendered":"Pejza\u017c miejski"},"content":{"rendered":"<p>Michel Adlen (1898-1980) \u2013 ukrai\u0144ski malarz tworz\u0105cy we Francji, nale\u017c\u0105cy do \u00c9cole de Paris. Studiowa\u0142 w Wiedniu, nast\u0119pnie przebywa\u0142 w Berlinie. W 1923 roku osiad\u0142 w Pary\u017cu na sta\u0142e. Tworzy\u0142 sztalugowe malarstwo olejne, grafik\u0119 artystyczn\u0105 i ilustracj\u0105 ksi\u0105\u017ckow\u0105.<\/p>\n","protected":false},"excerpt":{"rendered":"<p>Tytu\u0142: Pejza\u017c miejski<br \/>\nAutor: Michel Adlen<br \/>\nArtysta z kr\u0119gu Ecole de Paris<br \/>\nRok: 1950<br \/>\nTechnika: olej na p\u0142\u00f3tnie<br \/>\nWymiary: 53,5 x 31,5 cm, 80 x 59 cm (z ram\u0105)<br \/>\nSygnatura: odr\u0119czna l.d.: Adlen<br \/>\nProweniencja: kolekcja prywatna Izrael<\/p>\n","protected":false},"featured_media":5234,"template":"","meta":{"_monsterinsights_skip_tracking":false,"_monsterinsights_sitenote_active":false,"_monsterinsights_sitenote_note":"","_monsterinsights_sitenote_category":0,"_themeisle_gutenberg_block_has_review":false},"product_cat":[39],"product_tag":[243],"class_list":["post-5232","product","type-product","status-publish","has-post-thumbnail","hentry","product_cat-obrazy","product_tag-adlen-michel","product_shipping_class-rodzaj-wysylki-3"],"aioseo_notices":[],"_links":{"self":[{"href":"https:\/\/kwintesencja.art\/pl\/wp-json\/wp\/v2\/product\/5232","targetHints":{"allow":["GET"]}}],"collection":[{"href":"https:\/\/kwintesencja.art\/pl\/wp-json\/wp\/v2\/product"}],"about":[{"href":"https:\/\/kwintesencja.art\/pl\/wp-json\/wp\/v2\/types\/product"}],"wp:featuredmedia":[{"embeddable":true,"href":"https:\/\/kwintesencja.art\/pl\/wp-json\/wp\/v2\/media\/5234"}],"wp:attachment":[{"href":"https:\/\/kwintesencja.art\/pl\/wp-json\/wp\/v2\/media?parent=5232"}],"wp:term":[{"taxonomy":"product_cat","embeddable":true,"href":"https:\/\/kwintesencja.art\/pl\/wp-json\/wp\/v2\/product_cat?post=5232"},{"taxonomy":"product_tag","embeddable":true,"href":"https:\/\/kwintesencja.art\/pl\/wp-json\/wp\/v2\/product_tag?post=5232"}],"curies":[{"name":"wp","href":"https:\/\/api.w.org\/{rel}","templated":true}]}}