{"id":5229,"date":"2023-12-04T23:34:44","date_gmt":"2023-12-04T22:34:44","guid":{"rendered":"https:\/\/kwintesencja.art\/?post_type=product&#038;p=5229"},"modified":"2025-09-23T16:05:25","modified_gmt":"2025-09-23T14:05:25","slug":"kwiaty-w-wazonie-2","status":"publish","type":"product","link":"https:\/\/kwintesencja.art\/pl\/product\/kwiaty-w-wazonie-2\/","title":{"rendered":"Kwiaty w wazonie"},"content":{"rendered":"<p>Pinchus Kr\u00e9m\u00e8gne (1890-1981). Studiowa\u0142 w Akademii Sztuk Pi\u0119knych w Wilnie. Tam pozna\u0142 Chaima Soutine&#8217;a i Michela Kikoine&#8217;a. Kr\u00e9megne wyjecha\u0142 do Pary\u017ca w 1912 roku i zamieszka\u0142 w os\u0142awionej La Ruche na Montparnassie. Malarz obraca\u0142 si\u0119 w\u015br\u00f3d artystycznej bohemy miasta. Tworzy\u0142 pejza\u017ce, portrety i martwe natury, w kt\u00f3rych szczeg\u00f3ln\u0105 uwag\u0119 zwraca\u0142 na walory kolorystyczne i ekspresyjn\u0105, dynamiczn\u0105 lini\u0119.<\/p>\n","protected":false},"excerpt":{"rendered":"<p>Pinchus Kr\u00e9m\u00e8gne (1890-1981)<br \/>\nArtysta z kr\u0119gu Ecole de Paris<br \/>\nOlej na p\u0142\u00f3tnie<br \/>\nWymiary: 37,5 x 45,5 cm, 61 x 69 cm (z ram\u0105)<br \/>\nPraca oprawiona<br \/>\nSygnowana p.d.: Kremegne<br \/>\nNa odwrocie papierowa nalepka w\u0142asno\u015bciowa<br \/>\nProweniencja &#8211; kolekcja prywatna Izrael<\/p>\n","protected":false},"featured_media":5230,"template":"","meta":{"_monsterinsights_skip_tracking":false,"_monsterinsights_sitenote_active":false,"_monsterinsights_sitenote_note":"","_monsterinsights_sitenote_category":0,"_themeisle_gutenberg_block_has_review":false},"product_cat":[39],"product_tag":[255],"class_list":["post-5229","product","type-product","status-publish","has-post-thumbnail","hentry","product_cat-obrazy","product_tag-kremegne-pinchus","product_shipping_class-rodzaj-wysylki-3"],"aioseo_notices":[],"_links":{"self":[{"href":"https:\/\/kwintesencja.art\/pl\/wp-json\/wp\/v2\/product\/5229","targetHints":{"allow":["GET"]}}],"collection":[{"href":"https:\/\/kwintesencja.art\/pl\/wp-json\/wp\/v2\/product"}],"about":[{"href":"https:\/\/kwintesencja.art\/pl\/wp-json\/wp\/v2\/types\/product"}],"wp:featuredmedia":[{"embeddable":true,"href":"https:\/\/kwintesencja.art\/pl\/wp-json\/wp\/v2\/media\/5230"}],"wp:attachment":[{"href":"https:\/\/kwintesencja.art\/pl\/wp-json\/wp\/v2\/media?parent=5229"}],"wp:term":[{"taxonomy":"product_cat","embeddable":true,"href":"https:\/\/kwintesencja.art\/pl\/wp-json\/wp\/v2\/product_cat?post=5229"},{"taxonomy":"product_tag","embeddable":true,"href":"https:\/\/kwintesencja.art\/pl\/wp-json\/wp\/v2\/product_tag?post=5229"}],"curies":[{"name":"wp","href":"https:\/\/api.w.org\/{rel}","templated":true}]}}