{"id":5223,"date":"2023-12-04T23:24:24","date_gmt":"2023-12-04T22:24:24","guid":{"rendered":"https:\/\/kwintesencja.art\/?post_type=product&#038;p=5223"},"modified":"2024-07-28T21:53:19","modified_gmt":"2024-07-28T19:53:19","slug":"modlitwa","status":"publish","type":"product","link":"https:\/\/kwintesencja.art\/pl\/product\/modlitwa\/","title":{"rendered":"Modlitwa"},"content":{"rendered":"<p>Feliks Micha\u0142 Wygrzywalski (1875-1944) &#8211; studiowa\u0142 w monachijskiej Akademii Sztuk Pi\u0119knych w latach 1893-98 oraz w Acad\u00e9mie Julian w Pary\u017cu.<br \/>\nW 1900 roku osiad\u0142 w Rzymie, sk\u0105d odbywa\u0142 liczne artystyczne podr\u00f3\u017ce, m.in. do Egiptu. W 1908 roku powr\u00f3ci\u0142 do Lwowa, gdzie osiad\u0142 na sta\u0142e. Tam otrzyma\u0142 zam\u00f3wienie na ozdobienie wn\u0119trz Izby Przemys\u0142owo-Handlowej. Zajmowa\u0142 si\u0119 scenografi\u0105 i pe\u0142ni\u0142 funkcj\u0119 inspektor sceny w Teatrze Miejskim. Projektowa\u0142 kostiumy teatralne i witra\u017ce. W tw\u00f3rczo\u015bci malarskiej pos\u0142ugiwa\u0142 si\u0119 j\u0119zykiem naturalizmu, u\u017cywaj\u0105c kontrastowej, \u015bmia\u0142ej palety barwnej. Tworzy\u0142 g\u0142\u00f3wnie popularne sceny morskie i orientalne, cz\u0119sto przedstawiaj\u0105ce ludzk\u0105 prac\u0119 lub skupione wok\u00f3\u0142 postaci kobiety.<\/p>\n","protected":false},"excerpt":{"rendered":"<p>Olej na desce<br \/>\nWymiary: 50 x 36 cm, 67,5 x 53,5 cm (z ram\u0105)<br \/>\nSygnowany p.d.: F. M. Wygrzywalski, senior<br \/>\nopisany na odwrocie numerem: &#8216;223&#8217;, na kro\u015bnie malarskim stempel Iskra &amp; Karma\u0144ski oraz papierowa nalepka z opisem: &#8216;W2&#8217;<br \/>\nPochodzenie: kolekcja prywatna, Niemcy<\/p>\n","protected":false},"featured_media":5225,"template":"","meta":{"_monsterinsights_skip_tracking":false,"_monsterinsights_sitenote_active":false,"_monsterinsights_sitenote_note":"","_monsterinsights_sitenote_category":0,"_themeisle_gutenberg_block_has_review":false},"product_cat":[39],"product_tag":[253],"class_list":["post-5223","product","type-product","status-publish","has-post-thumbnail","hentry","product_cat-obrazy","product_tag-wygrzywalski-feliks-michal","product_shipping_class-rodzaj-wysylki-3"],"aioseo_notices":[],"_links":{"self":[{"href":"https:\/\/kwintesencja.art\/pl\/wp-json\/wp\/v2\/product\/5223","targetHints":{"allow":["GET"]}}],"collection":[{"href":"https:\/\/kwintesencja.art\/pl\/wp-json\/wp\/v2\/product"}],"about":[{"href":"https:\/\/kwintesencja.art\/pl\/wp-json\/wp\/v2\/types\/product"}],"wp:featuredmedia":[{"embeddable":true,"href":"https:\/\/kwintesencja.art\/pl\/wp-json\/wp\/v2\/media\/5225"}],"wp:attachment":[{"href":"https:\/\/kwintesencja.art\/pl\/wp-json\/wp\/v2\/media?parent=5223"}],"wp:term":[{"taxonomy":"product_cat","embeddable":true,"href":"https:\/\/kwintesencja.art\/pl\/wp-json\/wp\/v2\/product_cat?post=5223"},{"taxonomy":"product_tag","embeddable":true,"href":"https:\/\/kwintesencja.art\/pl\/wp-json\/wp\/v2\/product_tag?post=5223"}],"curies":[{"name":"wp","href":"https:\/\/api.w.org\/{rel}","templated":true}]}}