{"id":4996,"date":"2023-10-19T09:22:46","date_gmt":"2023-10-19T07:22:46","guid":{"rendered":"https:\/\/kwintesencja.art\/?post_type=product&#038;p=4996"},"modified":"2024-04-16T21:13:29","modified_gmt":"2024-04-16T19:13:29","slug":"postac-2","status":"publish","type":"product","link":"https:\/\/kwintesencja.art\/pl\/product\/postac-2\/","title":{"rendered":"Posta\u0107"},"content":{"rendered":"<p>Igor Mitoraj (1944-2014) studiowa\u0142 malarstwo w ASP w Krakowie, m.in. u Tadeusza Kantora (1967-1968). Przez kolejne dwa lata kontynuowa\u0142 studia w Ecole Nationale des Beaux-Arts w Pary\u017cu. W po\u0142owie lat 70. po\u015bwi\u0119ci\u0142 si\u0119 rze\u017abie, tworz\u0105c kameralne g\u0142owy, torsy w charakterystycznych zawojach czy banda\u017cach. Pokaza\u0142 je na pierwszej wystawie indywidualnej w 1976 roku w Pary\u017cu, kt\u00f3ra przynios\u0142a mu sukces u publiczno\u015bci i marszand\u00f3w. W swej sztuce odwo\u0142uje si\u0119 do tradycji antyku, traktuj\u0105c jego spu\u015bcizn\u0119 jako relikty z\u0142otego wieku kultury i wiecznotrwa\u0142e wzory. Uwa\u017cany jest za jedn\u0105 z najwybitniejszych wsp\u00f3\u0142czesnych osobowo\u015bci artystycznych. Jego rze\u017aby, cz\u0119sto gigantycznej wielko\u015bci, spotyka si\u0119 w reprezentacyjnych punktach wielu miast Europy, USA i Japonii. Od 1976 roku rze\u017aby i rysunki Igora Mitoraja pokazano na 120 wystawach indywidualnych (\u017ar\u00f3d\u0142o: Desa Unicum)<\/p>\n","protected":false},"excerpt":{"rendered":"<p>Litografia<br \/>\nWymiary: 69,5 x 50 cm<br \/>\nPodpis odr\u0119czny o\u0142\u00f3wkiem p.d.: Mitoraj<br \/>\nEdycja: l.d.: 2\/125<br \/>\nStan zachowania: bardzo dobry<br \/>\nPOCHODZENIE:<br \/>\nZe zbior\u00f3w prywatnych, Lucca<\/p>\n","protected":false},"featured_media":4998,"template":"","meta":{"_monsterinsights_skip_tracking":false,"_monsterinsights_sitenote_active":false,"_monsterinsights_sitenote_note":"","_monsterinsights_sitenote_category":0,"_themeisle_gutenberg_block_has_review":false},"product_cat":[41],"product_tag":[239],"class_list":["post-4996","product","type-product","status-publish","has-post-thumbnail","hentry","product_cat-grafiki","product_tag-mitoraj-igor","product_shipping_class-rodzaj-wysylki-2"],"aioseo_notices":[],"_links":{"self":[{"href":"https:\/\/kwintesencja.art\/pl\/wp-json\/wp\/v2\/product\/4996","targetHints":{"allow":["GET"]}}],"collection":[{"href":"https:\/\/kwintesencja.art\/pl\/wp-json\/wp\/v2\/product"}],"about":[{"href":"https:\/\/kwintesencja.art\/pl\/wp-json\/wp\/v2\/types\/product"}],"wp:featuredmedia":[{"embeddable":true,"href":"https:\/\/kwintesencja.art\/pl\/wp-json\/wp\/v2\/media\/4998"}],"wp:attachment":[{"href":"https:\/\/kwintesencja.art\/pl\/wp-json\/wp\/v2\/media?parent=4996"}],"wp:term":[{"taxonomy":"product_cat","embeddable":true,"href":"https:\/\/kwintesencja.art\/pl\/wp-json\/wp\/v2\/product_cat?post=4996"},{"taxonomy":"product_tag","embeddable":true,"href":"https:\/\/kwintesencja.art\/pl\/wp-json\/wp\/v2\/product_tag?post=4996"}],"curies":[{"name":"wp","href":"https:\/\/api.w.org\/{rel}","templated":true}]}}