{"id":4940,"date":"2023-10-07T13:26:10","date_gmt":"2023-10-07T11:26:10","guid":{"rendered":"https:\/\/kwintesencja.art\/?post_type=product&#038;p=4940"},"modified":"2023-10-14T14:44:33","modified_gmt":"2023-10-14T12:44:33","slug":"polakt-z-kwiatami","status":"publish","type":"product","link":"https:\/\/kwintesencja.art\/pl\/product\/polakt-z-kwiatami\/","title":{"rendered":"P\u00f3\u0142akt z kwiatami"},"content":{"rendered":"<p>Igor Talwi\u0144ski (1907 -1983) \u2013 polski malarz tworz\u0105cy we Francji. Od roku 1951 wystawia\u0142 na Salonie Paryskim. W 1965 roku otrzyma\u0142 srebrny medal na wystawie \u201eSchiences et Letters&#8221;. Swoje obrazy przedstawia\u0142 te\u017c na indywidualnych wystawach w Londynie i Nowym Jorku.<\/p>\n","protected":false},"excerpt":{"rendered":"<p>Tytu\u0142: P\u00f3\u0142akt z kwiatami<br \/>\nAutor: Igor Talwi\u0144ski (1907 -1983)<br \/>\nRok: nieznany<br \/>\nTechnika: Olej na p\u0142\u00f3tnie<br \/>\nPraca oprawiona<br \/>\nWymiary: 50 x 60 cm, 61,5 x 71,5 cm (z ram\u0105)<br \/>\nSygnatura: odr\u0119czna, l.d., p.d.: Igor Talwi\u0144ski<br \/>\nProweniencja &#8211; kolekcja prywatna &#8211; Niemcy<br \/>\nStan zachowania: bardzo dobry<br \/>\nCertyfikat autentyczno\u015bci<\/p>\n","protected":false},"featured_media":4942,"template":"","meta":{"_monsterinsights_skip_tracking":false,"_monsterinsights_sitenote_active":false,"_monsterinsights_sitenote_note":"","_monsterinsights_sitenote_category":0,"_themeisle_gutenberg_block_has_review":false},"product_cat":[39],"product_tag":[236],"class_list":["post-4940","product","type-product","status-publish","has-post-thumbnail","hentry","product_cat-obrazy","product_tag-talwinski-igor","product_shipping_class-rodzaj-wysylki-3"],"aioseo_notices":[],"_links":{"self":[{"href":"https:\/\/kwintesencja.art\/pl\/wp-json\/wp\/v2\/product\/4940","targetHints":{"allow":["GET"]}}],"collection":[{"href":"https:\/\/kwintesencja.art\/pl\/wp-json\/wp\/v2\/product"}],"about":[{"href":"https:\/\/kwintesencja.art\/pl\/wp-json\/wp\/v2\/types\/product"}],"wp:featuredmedia":[{"embeddable":true,"href":"https:\/\/kwintesencja.art\/pl\/wp-json\/wp\/v2\/media\/4942"}],"wp:attachment":[{"href":"https:\/\/kwintesencja.art\/pl\/wp-json\/wp\/v2\/media?parent=4940"}],"wp:term":[{"taxonomy":"product_cat","embeddable":true,"href":"https:\/\/kwintesencja.art\/pl\/wp-json\/wp\/v2\/product_cat?post=4940"},{"taxonomy":"product_tag","embeddable":true,"href":"https:\/\/kwintesencja.art\/pl\/wp-json\/wp\/v2\/product_tag?post=4940"}],"curies":[{"name":"wp","href":"https:\/\/api.w.org\/{rel}","templated":true}]}}