{"id":4925,"date":"2023-10-07T12:53:44","date_gmt":"2023-10-07T10:53:44","guid":{"rendered":"https:\/\/kwintesencja.art\/?post_type=product&#038;p=4925"},"modified":"2024-03-19T10:59:27","modified_gmt":"2024-03-19T09:59:27","slug":"akt-lezaca-4","status":"publish","type":"product","link":"https:\/\/kwintesencja.art\/pl\/product\/akt-lezaca-4\/","title":{"rendered":"Akt, le\u017c\u0105ca"},"content":{"rendered":"<p>Michel Adlen (1898-1980) \u2013 ukrai\u0144ski malarz tworz\u0105cy we Francji, nale\u017c\u0105cy do \u00c9cole de Paris. Studiowa\u0142 w Wiedniu, nast\u0119pnie przebywa\u0142 w Berlinie. W 1923 roku osiad\u0142 w Pary\u017cu na sta\u0142e. Tworzy\u0142 sztalugowe malarstwo olejne, grafik\u0119 artystyczn\u0105 i ilustracj\u0105 ksi\u0105\u017ckow\u0105.<\/p>\n","protected":false},"excerpt":{"rendered":"<p>Tytu\u0142: Akt, le\u017c\u0105ca<br \/>\nAutor: Michel Adlen<br \/>\nRok: nieznany<br \/>\nTechnika: w\u0119giel, sangwina na papierze<br \/>\nWymiary: w \u015bw p.p.: 44,5 x 31 cm, 58,5 x 46 cm (z passe-partout)<br \/>\nSygnatura: odr\u0119czna l.d.: Adlen<br \/>\nStan zachowania: Bardzo dobry<\/p>\n","protected":false},"featured_media":4926,"template":"","meta":{"_monsterinsights_skip_tracking":false,"_monsterinsights_sitenote_active":false,"_monsterinsights_sitenote_note":"","_monsterinsights_sitenote_category":0,"_themeisle_gutenberg_block_has_review":false},"product_cat":[39],"product_tag":[243],"class_list":["post-4925","product","type-product","status-publish","has-post-thumbnail","hentry","product_cat-obrazy","product_tag-adlen-michel","product_shipping_class-rodzaj-wysylki-2"],"aioseo_notices":[],"_links":{"self":[{"href":"https:\/\/kwintesencja.art\/pl\/wp-json\/wp\/v2\/product\/4925","targetHints":{"allow":["GET"]}}],"collection":[{"href":"https:\/\/kwintesencja.art\/pl\/wp-json\/wp\/v2\/product"}],"about":[{"href":"https:\/\/kwintesencja.art\/pl\/wp-json\/wp\/v2\/types\/product"}],"wp:featuredmedia":[{"embeddable":true,"href":"https:\/\/kwintesencja.art\/pl\/wp-json\/wp\/v2\/media\/4926"}],"wp:attachment":[{"href":"https:\/\/kwintesencja.art\/pl\/wp-json\/wp\/v2\/media?parent=4925"}],"wp:term":[{"taxonomy":"product_cat","embeddable":true,"href":"https:\/\/kwintesencja.art\/pl\/wp-json\/wp\/v2\/product_cat?post=4925"},{"taxonomy":"product_tag","embeddable":true,"href":"https:\/\/kwintesencja.art\/pl\/wp-json\/wp\/v2\/product_tag?post=4925"}],"curies":[{"name":"wp","href":"https:\/\/api.w.org\/{rel}","templated":true}]}}