{"id":4902,"date":"2023-10-06T15:17:10","date_gmt":"2023-10-06T13:17:10","guid":{"rendered":"https:\/\/kwintesencja.art\/?post_type=product&#038;p=4902"},"modified":"2023-10-06T15:17:10","modified_gmt":"2023-10-06T13:17:10","slug":"akt-11","status":"publish","type":"product","link":"https:\/\/kwintesencja.art\/pl\/product\/akt-11\/","title":{"rendered":"Akt"},"content":{"rendered":"<p>Igor Talwi\u0144ski (1907 -1983) \u2013 polski malarz tworz\u0105cy we Francji. Od roku 1951 wystawia\u0142 na Salonie Paryskim. Swoje obrazy przedstawia\u0142 te\u017c na indywidualnych wystawach w Londynie i Nowym Jorku.<\/p>\n","protected":false},"excerpt":{"rendered":"<p>Akt &#8211; olej na p\u0142\u00f3tnie, za szk\u0142em<br \/>\nWymiary: 55&#215;45,5cm, 72x62cm (z ram\u0105)<br \/>\nProwieniencja: kolekcja prywatna &#8211;\u00a0 Japonia<\/p>\n","protected":false},"featured_media":4903,"template":"","meta":{"_monsterinsights_skip_tracking":false,"_monsterinsights_sitenote_active":false,"_monsterinsights_sitenote_note":"","_monsterinsights_sitenote_category":0,"_themeisle_gutenberg_block_has_review":false},"product_cat":[39],"product_tag":[236],"class_list":["post-4902","product","type-product","status-publish","has-post-thumbnail","hentry","product_cat-obrazy","product_tag-talwinski-igor"],"aioseo_notices":[],"_links":{"self":[{"href":"https:\/\/kwintesencja.art\/pl\/wp-json\/wp\/v2\/product\/4902","targetHints":{"allow":["GET"]}}],"collection":[{"href":"https:\/\/kwintesencja.art\/pl\/wp-json\/wp\/v2\/product"}],"about":[{"href":"https:\/\/kwintesencja.art\/pl\/wp-json\/wp\/v2\/types\/product"}],"wp:featuredmedia":[{"embeddable":true,"href":"https:\/\/kwintesencja.art\/pl\/wp-json\/wp\/v2\/media\/4903"}],"wp:attachment":[{"href":"https:\/\/kwintesencja.art\/pl\/wp-json\/wp\/v2\/media?parent=4902"}],"wp:term":[{"taxonomy":"product_cat","embeddable":true,"href":"https:\/\/kwintesencja.art\/pl\/wp-json\/wp\/v2\/product_cat?post=4902"},{"taxonomy":"product_tag","embeddable":true,"href":"https:\/\/kwintesencja.art\/pl\/wp-json\/wp\/v2\/product_tag?post=4902"}],"curies":[{"name":"wp","href":"https:\/\/api.w.org\/{rel}","templated":true}]}}