{"id":4874,"date":"2023-10-04T22:18:49","date_gmt":"2023-10-04T20:18:49","guid":{"rendered":"https:\/\/kwintesencja.art\/?post_type=product&#038;p=4874"},"modified":"2023-11-28T00:08:26","modified_gmt":"2023-11-27T23:08:26","slug":"pejzaz-pieninski-z-rzeka","status":"publish","type":"product","link":"https:\/\/kwintesencja.art\/pl\/product\/pejzaz-pieninski-z-rzeka\/","title":{"rendered":"Pejza\u017c pieni\u0144ski z rzek\u0105"},"content":{"rendered":"","protected":false},"excerpt":{"rendered":"<p>olej, tektura; 51,3 x 34,5 cm;<br \/>\nsygn. l. d.: aneri\/1961<\/p>\n<p>Lit.: Adam Konopacki, Renata Weiss; Aneri Irena Weissowa, Wojciech Weiss.<br \/>\nKatalog wystawy podr\u00f3\u017cnej, z cyklu: &#8220;Spotkania ze sztuk\u0105&#8221;, \u0141aziska Dolne, kat. poz. 61<\/p>\n","protected":false},"featured_media":4872,"template":"","meta":{"_monsterinsights_skip_tracking":false,"_monsterinsights_sitenote_active":false,"_monsterinsights_sitenote_note":"","_monsterinsights_sitenote_category":0,"_themeisle_gutenberg_block_has_review":false},"product_cat":[39],"product_tag":[245],"class_list":["post-4874","product","type-product","status-publish","has-post-thumbnail","hentry","product_cat-obrazy","product_tag-weiss-irena","product_shipping_class-rodzaj-wysylki-2"],"aioseo_notices":[],"_links":{"self":[{"href":"https:\/\/kwintesencja.art\/pl\/wp-json\/wp\/v2\/product\/4874","targetHints":{"allow":["GET"]}}],"collection":[{"href":"https:\/\/kwintesencja.art\/pl\/wp-json\/wp\/v2\/product"}],"about":[{"href":"https:\/\/kwintesencja.art\/pl\/wp-json\/wp\/v2\/types\/product"}],"wp:featuredmedia":[{"embeddable":true,"href":"https:\/\/kwintesencja.art\/pl\/wp-json\/wp\/v2\/media\/4872"}],"wp:attachment":[{"href":"https:\/\/kwintesencja.art\/pl\/wp-json\/wp\/v2\/media?parent=4874"}],"wp:term":[{"taxonomy":"product_cat","embeddable":true,"href":"https:\/\/kwintesencja.art\/pl\/wp-json\/wp\/v2\/product_cat?post=4874"},{"taxonomy":"product_tag","embeddable":true,"href":"https:\/\/kwintesencja.art\/pl\/wp-json\/wp\/v2\/product_tag?post=4874"}],"curies":[{"name":"wp","href":"https:\/\/api.w.org\/{rel}","templated":true}]}}