{"id":4816,"date":"2023-10-04T21:28:20","date_gmt":"2023-10-04T19:28:20","guid":{"rendered":"https:\/\/kwintesencja.art\/?post_type=product&#038;p=4816"},"modified":"2024-05-22T11:58:54","modified_gmt":"2024-05-22T09:58:54","slug":"mezczyzni-na-lawce","status":"publish","type":"product","link":"https:\/\/kwintesencja.art\/pl\/product\/mezczyzni-na-lawce\/","title":{"rendered":"M\u0119\u017cczy\u017ani na \u0142awce"},"content":{"rendered":"<p>Michel Adlen (1898-1980) &#8211; ukrai\u0144ski malarz tworz\u0105cy we Francji, nale\u017c\u0105cy do \u00c9cole de Paris. Studiowa\u0142 w Wiedniu, nast\u0119pnie przebywa\u0142 w Berlinie. W 1923 roku osiad\u0142 w Pary\u017cu na sta\u0142e. Tworzy\u0142 sztalugowe malarstwo olejne, grafik\u0119 artystyczn\u0105 i ilustracj\u0105 ksi\u0105\u017ckow\u0105.<\/p>\n","protected":false},"excerpt":{"rendered":"<p>Tytu\u0142: M\u0119\u017cczy\u017ani na \u0142awce<br \/>\nAutor: Michel Adlen<br \/>\nRok: nieznany<br \/>\nTechnika: o\u0142\u00f3wek na papierze<br \/>\nWymiary: w \u015bw p.p.: 23,5 x 23,5 cm, 36 x 36 cm (z passe-partout)<br \/>\nSygnatura: odr\u0119czna l.d.: Adlen<br \/>\nStan zachowania: Bardzo dobry<\/p>\n","protected":false},"featured_media":4818,"template":"","meta":{"_monsterinsights_skip_tracking":false,"_monsterinsights_sitenote_active":false,"_monsterinsights_sitenote_note":"","_monsterinsights_sitenote_category":0,"_themeisle_gutenberg_block_has_review":false},"product_cat":[39],"product_tag":[243],"class_list":["post-4816","product","type-product","status-publish","has-post-thumbnail","hentry","product_cat-obrazy","product_tag-adlen-michel","product_shipping_class-rodzaj-wysylki-2"],"aioseo_notices":[],"_links":{"self":[{"href":"https:\/\/kwintesencja.art\/pl\/wp-json\/wp\/v2\/product\/4816","targetHints":{"allow":["GET"]}}],"collection":[{"href":"https:\/\/kwintesencja.art\/pl\/wp-json\/wp\/v2\/product"}],"about":[{"href":"https:\/\/kwintesencja.art\/pl\/wp-json\/wp\/v2\/types\/product"}],"wp:featuredmedia":[{"embeddable":true,"href":"https:\/\/kwintesencja.art\/pl\/wp-json\/wp\/v2\/media\/4818"}],"wp:attachment":[{"href":"https:\/\/kwintesencja.art\/pl\/wp-json\/wp\/v2\/media?parent=4816"}],"wp:term":[{"taxonomy":"product_cat","embeddable":true,"href":"https:\/\/kwintesencja.art\/pl\/wp-json\/wp\/v2\/product_cat?post=4816"},{"taxonomy":"product_tag","embeddable":true,"href":"https:\/\/kwintesencja.art\/pl\/wp-json\/wp\/v2\/product_tag?post=4816"}],"curies":[{"name":"wp","href":"https:\/\/api.w.org\/{rel}","templated":true}]}}