{"id":4808,"date":"2023-10-04T21:22:26","date_gmt":"2023-10-04T19:22:26","guid":{"rendered":"https:\/\/kwintesencja.art\/?post_type=product&#038;p=4808"},"modified":"2024-12-21T18:03:32","modified_gmt":"2024-12-21T17:03:32","slug":"postacie","status":"publish","type":"product","link":"https:\/\/kwintesencja.art\/pl\/product\/postacie\/","title":{"rendered":"Postacie"},"content":{"rendered":"<p>Leopold Gottlieb (1879 \u2013 1965) polski malarz i grafik \u017cydowskiego pochodzenia, najm\u0142odszy brat Maurycego Gottlieba. W latach 1896-1902 studiowa\u0142 w krakowskiej ASP u Jacka Malczewskiego i Teodora Axentowicza. Po zako\u0144czeniu nauki opu\u015bci\u0142 Krak\u00f3w i uda\u0142 si\u0119 do Monachium. W 1904 roku zamieszka\u0142 na sta\u0142e w Pary\u017cu. By\u0142 pomys\u0142odawc\u0105 powstania w roku 1905 krakowskiej Grupy Pi\u0119ciu, w sk\u0142ad kt\u00f3rej weszli tak\u017ce Wlastimil Hofman, Mieczys\u0142aw Jakimowicz, Jan Rembowski i Witold Wojtkiewicz. W Pary\u017cu wystawia\u0142 swoje obraz podczas Salon\u00f3w, Jesiennego i Niezale\u017cnych oraz Soci\u00e9t\u00e9 Nationale des Beaux Artes i Tuileries. Bra\u0142 udzia\u0142 w wystawach organizowanych przez wiede\u0144sk\u0105 Secesj\u0119. W pa\u017adzierniku 1914 roku przyby\u0142 do Krakowa, gdzie wst\u0105pi\u0142 do Legion\u00f3w Polskich, s\u0142u\u017cy\u0142 w tzw. Pu\u0142ku Pi\u0142sudskiego. Zajmowa\u0142 si\u0119 wtedy m.in. dokumentacj\u0105 rysunkow\u0105 \u017cycia wojskowego, stworzy\u0142 liczne portrety \u017co\u0142nierzy. Od 1917 do 1919 roku wystawia\u0142 razem z grup\u0105 Ekspresjonist\u00f3w Polskich, p\u00f3\u017aniej zwanych formistami. Po zako\u0144czeniu wojny artysta zamieszka\u0142 w Polsce, ale przed rokiem 1920 przeni\u00f3s\u0142 si\u0119 do Wiednia, a nast\u0119pnie do Niemiec, lecz w 1926 roku powr\u00f3ci\u0142 do Pary\u017ca. W latach 1929-1930 wystawia\u0142 razem z tw\u00f3rcami zrzeszonymi w Stowarzyszeniu Artyst\u00f3w Polskich \u201eRytm\u201d.<\/p>\n","protected":false},"excerpt":{"rendered":"<p>Tytu\u0142: Postacie<br \/>\nAutor: Leopold Gottlieb<br \/>\nRok: nieznany<br \/>\nTechnika: Pastel i o\u0142\u00f3wek na papierze<br \/>\nWymiary: w \u015bw p.p.: 27 x 35 cm, 42,5 x 50 cm (z ram\u0105)<br \/>\nPraca pi\u0119knie oprawiona, ze szk\u0142em antyrefleksyjnym<br \/>\nSygnatura: odr\u0119czna p.d.: L.Gottlieb<br \/>\nStan zachowania: Bardzo dobry<\/p>\n","protected":false},"featured_media":4978,"template":"","meta":{"_monsterinsights_skip_tracking":false,"_monsterinsights_sitenote_active":false,"_monsterinsights_sitenote_note":"","_monsterinsights_sitenote_category":0,"_themeisle_gutenberg_block_has_review":false},"product_cat":[39],"product_tag":[53],"class_list":["post-4808","product","type-product","status-publish","has-post-thumbnail","hentry","product_cat-obrazy","product_tag-gottlieb-leopold","product_shipping_class-rodzaj-wysylki-2"],"aioseo_notices":[],"_links":{"self":[{"href":"https:\/\/kwintesencja.art\/pl\/wp-json\/wp\/v2\/product\/4808","targetHints":{"allow":["GET"]}}],"collection":[{"href":"https:\/\/kwintesencja.art\/pl\/wp-json\/wp\/v2\/product"}],"about":[{"href":"https:\/\/kwintesencja.art\/pl\/wp-json\/wp\/v2\/types\/product"}],"wp:featuredmedia":[{"embeddable":true,"href":"https:\/\/kwintesencja.art\/pl\/wp-json\/wp\/v2\/media\/4978"}],"wp:attachment":[{"href":"https:\/\/kwintesencja.art\/pl\/wp-json\/wp\/v2\/media?parent=4808"}],"wp:term":[{"taxonomy":"product_cat","embeddable":true,"href":"https:\/\/kwintesencja.art\/pl\/wp-json\/wp\/v2\/product_cat?post=4808"},{"taxonomy":"product_tag","embeddable":true,"href":"https:\/\/kwintesencja.art\/pl\/wp-json\/wp\/v2\/product_tag?post=4808"}],"curies":[{"name":"wp","href":"https:\/\/api.w.org\/{rel}","templated":true}]}}