{"id":4760,"date":"2023-10-04T20:38:57","date_gmt":"2023-10-04T18:38:57","guid":{"rendered":"https:\/\/kwintesencja.art\/?post_type=product&#038;p=4760"},"modified":"2025-07-29T13:58:44","modified_gmt":"2025-07-29T11:58:44","slug":"bez-tytulu-8","status":"publish","type":"product","link":"https:\/\/kwintesencja.art\/pl\/product\/bez-tytulu-8\/","title":{"rendered":"Bez tytu\u0142u"},"content":{"rendered":"<p>Gestyczno-abstrakcyjna kompozycja polskiego artysty wsp\u00f3\u0142czesnego, absolwenta Akademii w Krakowie, kt\u00f3r\u0105 uko\u0144czy\u0142 w 1984 roku w pracowni prof. Zbigniewa Grzybowskiego. Od 1983 wyk\u0142ada na Akademii w Krakowie, od 2009 na stanowisku profesora zwyczajnego.<\/p>\n","protected":false},"excerpt":{"rendered":"<p>Olej na p\u0142\u00f3tnie. Wymiaray z ram\u0105: 70,3 cm x 90,3 cm<br \/>\nSygnowany odr\u0119cznie, p.d.: Bajek<br \/>\nNa odwrocie podpis z adresem pracowni.<\/p>\n","protected":false},"featured_media":4762,"template":"","meta":{"_monsterinsights_skip_tracking":false,"_monsterinsights_sitenote_active":false,"_monsterinsights_sitenote_note":"","_monsterinsights_sitenote_category":0,"_themeisle_gutenberg_block_has_review":false},"product_cat":[39],"product_tag":[242],"class_list":["post-4760","product","type-product","status-publish","has-post-thumbnail","hentry","product_cat-obrazy","product_tag-bajek-zbigniew","product_shipping_class-rodzaj-wysylki-3"],"aioseo_notices":[],"_links":{"self":[{"href":"https:\/\/kwintesencja.art\/pl\/wp-json\/wp\/v2\/product\/4760","targetHints":{"allow":["GET"]}}],"collection":[{"href":"https:\/\/kwintesencja.art\/pl\/wp-json\/wp\/v2\/product"}],"about":[{"href":"https:\/\/kwintesencja.art\/pl\/wp-json\/wp\/v2\/types\/product"}],"wp:featuredmedia":[{"embeddable":true,"href":"https:\/\/kwintesencja.art\/pl\/wp-json\/wp\/v2\/media\/4762"}],"wp:attachment":[{"href":"https:\/\/kwintesencja.art\/pl\/wp-json\/wp\/v2\/media?parent=4760"}],"wp:term":[{"taxonomy":"product_cat","embeddable":true,"href":"https:\/\/kwintesencja.art\/pl\/wp-json\/wp\/v2\/product_cat?post=4760"},{"taxonomy":"product_tag","embeddable":true,"href":"https:\/\/kwintesencja.art\/pl\/wp-json\/wp\/v2\/product_tag?post=4760"}],"curies":[{"name":"wp","href":"https:\/\/api.w.org\/{rel}","templated":true}]}}