{"id":4585,"date":"2023-07-18T11:37:46","date_gmt":"2023-07-18T09:37:46","guid":{"rendered":"https:\/\/kwintesencja.art\/?post_type=product&#038;p=4585"},"modified":"2023-08-22T14:25:01","modified_gmt":"2023-08-22T12:25:01","slug":"melancholia","status":"publish","type":"product","link":"https:\/\/kwintesencja.art\/pl\/product\/melancholia\/","title":{"rendered":"Melancholia"},"content":{"rendered":"<div dir=\"auto\">Otolia Kraszewska (1859-1945), polska malarka \u201eszko\u0142y monachijskiej\u201c. Od ko\u0144ca lat 70. XIX w. studiowa\u0142a na Akademii Sztuk Pi\u0119knych w St. Petersburgu u Iwana Ajwazowskiego. W 1890 roku, uda\u0142a si\u0119 do Monachium, gdzie studiowa\u0142a u Franza Roubauda i W\u0142adys\u0142awa Czach\u00f3rskiego.<\/div>\n<div dir=\"auto\">Od 1892 roku wystawia\u0142a obrazy na mi\u0119dzynarodowych wystawach sztuki w monachijskim Pa\u0142acu Kryszta\u0142owym (Glaspalast), bra\u0142a tak\u017ce udzia\u0142 w wystawach Monachijskiego Towarzystwa Sztuk Pi\u0119knych (M\u00fcnchner Kunstverein), kt\u00f3rego by\u0142a cz\u0142onkiem. Swoje prace nadsy\u0142a\u0142a r\u00f3wnie\u017c do kraju, przede wszystkim do TZSP w Warszawie i TPSP w Krakowie.<\/div>\n<div dir=\"auto\">Badacze tw\u00f3rczo\u015bci Kraszewskiej zarejestrowali oko\u0142o 100 jej dzie\u0142, z kt\u00f3rych 20% jest znanych z reprodukcji lub opis\u00f3w. Wystawiane by\u0142y na wystawach i sprzedawane w Monachium, Kolonii, Berlinie, Warszawie, Krakowie i Lwowie, a tak\u017ce reprodukowane w licznych czasopismach. Wykonywa\u0142a tak\u017ce prywatne zlecenia arystokracji w Niemczech i w kraju. Jest r\u00f3wnie\u017c przes\u0142anka, \u017ce pracowa\u0142a dla dworu rumu\u0144skiego.<\/div>\n<div dir=\"auto\">G\u0142\u00f3wny nurt tw\u00f3rczo\u015bci artystki w malarstwie, to sceny rodzajowe, kwiaty, gdzie przewa\u017caj\u0105 motywy sentymentalne. Ponadto artystka zajmowa\u0142a si\u0119 dzia\u0142alno\u015bci\u0105 ilustratorsk\u0105 i sztuk\u0105 u\u017cytkow\u0105 \u2013 malowa\u0142a wachlarze i karty pocztowe.<\/div>\n<div dir=\"auto\">Kraszewska nauczy\u0142a si\u0119 od Ajwazowskiego malarstwa realistycznego, kt\u00f3re poprzez zastosowanie wyrafinowanej gry \u015bwiat\u0142a i cienia budzi wra\u017cenie materialno\u015bci i g\u0142\u0119bi przestrzeni. Z kolei od Czach\u00f3rskiego przej\u0119\u0142a motyw ukazywanej w naturalistyczny spos\u00f3b kobiety &#8211; wytwornie ubranej, cz\u0119sto siedz\u0105cej na tle szczeg\u00f3\u0142owo przedstawionego wn\u0119trza, udowadniaj\u0105c, \u017ce &#8211; podobnie jak on &#8211; potrafi\u0142a w mistrzowski spos\u00f3b odda\u0107 tkaniny, kwiaty i bi\u017cuteri\u0119.<\/div>\n","protected":false},"excerpt":{"rendered":"<p>Tytu\u0142: Melancholia<br \/>\nAutor: Otolia Kraszewska<br \/>\nRok: nieznany<br \/>\nTechnika: Olej na desce<br \/>\nPraca oprawiona (nieznaczne p\u0119kni\u0119cia w ramie)<br \/>\nWymiary: 48,5 x 32,5 cm, 57 x 41 cm (z ram\u0105)<br \/>\nSygnatura: odr\u0119czna p.d.: Otolia Kraszewska<br \/>\nStan zachowania: bardzo dobry<br \/>\nCertyfikat autentyczno\u015bci<\/p>\n","protected":false},"featured_media":4587,"template":"","meta":{"_monsterinsights_skip_tracking":false,"_monsterinsights_sitenote_active":false,"_monsterinsights_sitenote_note":"","_monsterinsights_sitenote_category":0,"_themeisle_gutenberg_block_has_review":false},"product_cat":[39],"product_tag":[238],"class_list":["post-4585","product","type-product","status-publish","has-post-thumbnail","hentry","product_cat-obrazy","product_tag-kraszewska-otolia","product_shipping_class-rodzaj-wysylki-3"],"aioseo_notices":[],"_links":{"self":[{"href":"https:\/\/kwintesencja.art\/pl\/wp-json\/wp\/v2\/product\/4585","targetHints":{"allow":["GET"]}}],"collection":[{"href":"https:\/\/kwintesencja.art\/pl\/wp-json\/wp\/v2\/product"}],"about":[{"href":"https:\/\/kwintesencja.art\/pl\/wp-json\/wp\/v2\/types\/product"}],"wp:featuredmedia":[{"embeddable":true,"href":"https:\/\/kwintesencja.art\/pl\/wp-json\/wp\/v2\/media\/4587"}],"wp:attachment":[{"href":"https:\/\/kwintesencja.art\/pl\/wp-json\/wp\/v2\/media?parent=4585"}],"wp:term":[{"taxonomy":"product_cat","embeddable":true,"href":"https:\/\/kwintesencja.art\/pl\/wp-json\/wp\/v2\/product_cat?post=4585"},{"taxonomy":"product_tag","embeddable":true,"href":"https:\/\/kwintesencja.art\/pl\/wp-json\/wp\/v2\/product_tag?post=4585"}],"curies":[{"name":"wp","href":"https:\/\/api.w.org\/{rel}","templated":true}]}}