{"id":4405,"date":"2023-05-23T13:50:27","date_gmt":"2023-05-23T11:50:27","guid":{"rendered":"https:\/\/kwintesencja.art\/?post_type=product&#038;p=4405"},"modified":"2024-12-21T18:13:43","modified_gmt":"2024-12-21T17:13:43","slug":"bez-tytulu-7","status":"publish","type":"product","link":"https:\/\/kwintesencja.art\/pl\/product\/bez-tytulu-7\/","title":{"rendered":"Bez tytu\u0142u"},"content":{"rendered":"<p>Jean-Michel Basquiat (1960-1988) \u2013 ameryka\u0144ski artysta wsp\u00f3\u0142czesny. Pocz\u0105tkowo uprawia\u0142 graffiti, p\u00f3\u017aniej zaj\u0105\u0142 si\u0119 malarstwem, by\u0142 przedstawicielem nowego ekspresjonizmu. Jego obrazy cechowa\u0142y si\u0119 po\u0142\u0105czeniem prymitywnej sztuki afryka\u0144skiej, wsp\u00f3\u0142czesnej \u201esztuki ulicy\u201d, napis\u00f3w, element\u00f3w komiksu oraz archetyp\u00f3w kultury.<\/p>\n","protected":false},"excerpt":{"rendered":"<p>Grafika, edycja limitowana 300 egzemplarzy, na papierze Fabriano Cotton Privilege.<br \/>\nKa\u017cda grafika jest indywidualnie numerowana.<br \/>\nNapis o\u0142\u00f3wkiem l.d.: 100\/300, p.d.: faksymile \u201eJean Michel Basquiat\u201d.<br \/>\nWymiary: 50 cm x 70 cm (arkusz)<br \/>\nNa dole sucha piecz\u0119\u0107 wydawcy.<br \/>\nStan zachowania: bardzo dobry<\/p>\n","protected":false},"featured_media":4403,"template":"","meta":{"_monsterinsights_skip_tracking":false,"_monsterinsights_sitenote_active":false,"_monsterinsights_sitenote_note":"","_monsterinsights_sitenote_category":0,"_themeisle_gutenberg_block_has_review":false},"product_cat":[41],"product_tag":[195],"class_list":["post-4405","product","type-product","status-publish","has-post-thumbnail","hentry","product_cat-grafiki","product_tag-basquiat-jean-michel","product_shipping_class-rodzaj-wysylki-2"],"aioseo_notices":[],"_links":{"self":[{"href":"https:\/\/kwintesencja.art\/pl\/wp-json\/wp\/v2\/product\/4405","targetHints":{"allow":["GET"]}}],"collection":[{"href":"https:\/\/kwintesencja.art\/pl\/wp-json\/wp\/v2\/product"}],"about":[{"href":"https:\/\/kwintesencja.art\/pl\/wp-json\/wp\/v2\/types\/product"}],"wp:featuredmedia":[{"embeddable":true,"href":"https:\/\/kwintesencja.art\/pl\/wp-json\/wp\/v2\/media\/4403"}],"wp:attachment":[{"href":"https:\/\/kwintesencja.art\/pl\/wp-json\/wp\/v2\/media?parent=4405"}],"wp:term":[{"taxonomy":"product_cat","embeddable":true,"href":"https:\/\/kwintesencja.art\/pl\/wp-json\/wp\/v2\/product_cat?post=4405"},{"taxonomy":"product_tag","embeddable":true,"href":"https:\/\/kwintesencja.art\/pl\/wp-json\/wp\/v2\/product_tag?post=4405"}],"curies":[{"name":"wp","href":"https:\/\/api.w.org\/{rel}","templated":true}]}}